{"id":848,"date":"2021-11-13T02:22:37","date_gmt":"2021-11-13T02:22:37","guid":{"rendered":"http:\/\/adriamusic.cat\/?page_id=848"},"modified":"2024-06-21T07:36:27","modified_gmt":"2024-06-21T07:36:27","slug":"lo-somris-de-la-magrana-ca","status":"publish","type":"page","link":"http:\/\/adriamusic.cat\/index.php\/lo-somris-de-la-magrana-ca\/","title":{"rendered":"Lo somr\u00eds de la magrana (2020)"},"content":{"rendered":"\n<p><strong><em>Lo somr\u00eds de la magrana<\/em> \u00e9s el t\u00edtol d&#8217;un treball autoeditat de sis can\u00e7ons en qu\u00e8 es barregen lleng\u00fces dels Pa\u00efsos Catalans i de Sardenya: el catal\u00e0 de Barcelona, el catal\u00e0 alguer\u00e8s i el sard.<\/strong><\/p>\n\n\n\n<div class=\"wp-block-columns is-layout-flex wp-container-core-columns-is-layout-9d6595d7 wp-block-columns-is-layout-flex\">\n<div class=\"wp-block-column is-layout-flow wp-block-column-is-layout-flow\"><p><iframe style=\"border: 0; width: 350px; height: 654px;\" src=\"https:\/\/bandcamp.com\/EmbeddedPlayer\/album=1484536880\/size=large\/bgcol=ffffff\/linkcol=e99708\/transparent=true\/\" seamless=\"\"><a href=\"https:\/\/adriamor.bandcamp.com\/album\/lo-somr-s-de-la-magrana-2\">Lo somr\u00eds de la magrana by Adri\u00e0 Mor<\/a><\/iframe><\/p>\n\n\n\n<p><\/p>\n<\/div>\n\n\n\n<div class=\"wp-block-column is-layout-flow wp-block-column-is-layout-flow\">\n<div class=\"wp-block-buttons is-horizontal is-content-justification-center is-layout-flex wp-container-core-buttons-is-layout-499968f5 wp-block-buttons-is-layout-flex\">\n<div class=\"wp-block-button is-style-fill\"><a class=\"wp-block-button__link has-black-color has-luminous-vivid-orange-background-color has-text-color has-background wp-element-button\" href=\"http:\/\/adriamusic.cat\/wp-content\/uploads\/2020\/12\/Adria-Mor-Lo-somris-de-la-magrana-2020.zip\">Descarregueu-vos-el<\/a><\/div>\n<\/div>\n\n\n\n<p class=\"has-text-align-center\"><a href=\"https:\/\/adriamor.bandcamp.com\/\" target=\"_blank\" rel=\"noreferrer noopener\">o col\u00b7laboreu amb una donaci\u00f3<\/a>!<\/p>\n\n\n\n<p class=\"has-text-align-center\" style=\"font-size:9px\">\u00abLo somr\u00eds de la magrana\u00bb, d&#8217;Adri\u00e0 Mor, \u00e9s una obra subjecta a una llic\u00e8ncia de <a rel=\"noreferrer noopener\" href=\"http:\/\/creativecommons.org\/licenses\/by-sa\/4.0\/\" target=\"_blank\">Reconeixement-CompartirIgual 4.0 Internacional de Creative Commons<\/a>. Creada a partir d&#8217;una obra disponible a <a href=\"http:\/\/www.adriamusic.cat\">http:\/\/www.adriamusic.cat.<\/a> <\/p>\n\n\n<div class=\"wp-block-image\">\n<figure class=\"aligncenter\"><a href=\"http:\/\/creativecommons.org\/licenses\/by-sa\/4.0\/\"><img decoding=\"async\" src=\"https:\/\/i.creativecommons.org\/l\/by-sa\/4.0\/88x31.png\" alt=\"Llic\u00e8ncia de Creative Commons\"\/><\/a><\/figure>\n<\/div>\n\n\n<div class=\"wp-block-buttons is-content-justification-center is-layout-flex wp-container-core-buttons-is-layout-16018d1d wp-block-buttons-is-layout-flex\">\n<div class=\"wp-block-button\"><a class=\"wp-block-button__link has-black-color has-luminous-vivid-orange-background-color has-text-color has-background wp-element-button\" href=\"http:\/\/adriamusic.cat\/index.php\/lletres\/\">Lletres<\/a><\/div>\n<\/div>\n<\/div>\n<\/div>\n\n\n\n<h2 class=\"wp-block-heading\">Cr\u00e8dits<\/h2>\n\n\n\n<p><em>Lo somr\u00eds de la magrana<\/em>, 2020<br>M\u00fasica i lletra: Adri\u00e0 Mor<\/p>\n\n\n\n<p><strong>Adri\u00e0 Mor \u2013 <\/strong>guitarres i veus.<br><strong>Charly L\u00f3pez \u2013<\/strong> percussi\u00f3: \u00abDecoloniza\u00b7ti, sarda\u00bb, \u00abCant alguer\u00e8s\u00bb.<br><strong>Joan Garriga \u2013<\/strong> acordi\u00f3: \u00abDecoloniza\u00b7ti, sarda\u00bb.<br><strong>Marc Serrats \u2013<\/strong> guitarra el\u00e8ctrica: \u00abAmor i ressaca a l\u2019Alguer\u00bb, \u00abBeni cun me\u00bb, \u00abAbr\u00f9giat Casteddu\u00bb, \u00abCant alguer\u00e8s\u00bb.<br><strong>Mari\u00e0 Roch \u2013<\/strong> baix, percussi\u00f3 menor.<br><strong>Martina Massip \u2013<\/strong> veu: \u00abAmor i ressaca a l\u2019Alguer\u00bb, \u00abSarda i trista\u00bb.<\/p>\n\n\n\n<p>Producci\u00f3: Marc Serrats, Mari\u00e0 Roch.<br>Enregistrat als estudis la Fournier (la Garriga, Vall\u00e8s Oriental), el juliol del 2020.<\/p>\n\n\n\n<p>Il\u00b7lustraci\u00f3: Michele Ibba [ibbami @ gmail.com].<\/p>\n\n\n\n<p><strong>\u00abAmor i ressaca a l&#8217;Alguer\u00bb ha estat enregistrada gr\u00e0cies al finan\u00e7ament de la delegaci\u00f3 de l\u2019Institut d\u2019Estudis Catalans a l\u2019Alguer i a la Plataforma per la Llengua de l\u2019Alguer.<\/strong> <\/p>\n\n\n\n<p>Agra\u00efm a Francesc Ballone l&#8217;assessorament ling\u00fc\u00edstic en alguer\u00e8s.<\/p>\n\n\n\n<figure class=\"wp-block-table\"><table><tbody><tr><td class=\"has-text-align-center\" data-align=\"center\"><img loading=\"lazy\" decoding=\"async\" src=\"http:\/\/adriamusic.cat\/wp-content\/uploads\/2020\/11\/catala-alguer-IEC-logo-m.png\" alt=\"\" width=\"200\" height=\"107\"><\/td><td class=\"has-text-align-center\" data-align=\"center\"><img loading=\"lazy\" decoding=\"async\" src=\"http:\/\/adriamusic.cat\/wp-content\/uploads\/2020\/11\/IMG_20200831_093309_705.jpg\" alt=\"\" width=\"121\" height=\"121\"><\/td><\/tr><\/tbody><\/table><\/figure>\n","protected":false},"excerpt":{"rendered":"<p>Lo somr\u00eds de la magrana \u00e9s el t\u00edtol d&#8217;un treball autoeditat de sis can\u00e7ons en qu\u00e8 es barregen lleng\u00fces dels Pa\u00efsos Catalans i de Sardenya: el catal\u00e0 de Barcelona, el catal\u00e0 alguer\u00e8s i el sard. o col\u00b7laboreu amb una donaci\u00f3! \u00abLo somr\u00eds de la magrana\u00bb, d&#8217;Adri\u00e0 Mor, \u00e9s una obra subjecta a una llic\u00e8ncia de &hellip; <\/p>\n<p class=\"link-more\"><a href=\"http:\/\/adriamusic.cat\/index.php\/lo-somris-de-la-magrana-ca\/\" class=\"more-link\">Continua llegint <span class=\"screen-reader-text\">\u00abLo somr\u00eds de la magrana (2020)\u00bb<\/span><\/a><\/p>\n","protected":false},"author":1,"featured_media":0,"parent":0,"menu_order":0,"comment_status":"closed","ping_status":"closed","template":"","meta":{"footnotes":""},"class_list":["post-848","page","type-page","status-publish","hentry"],"_links":{"self":[{"href":"http:\/\/adriamusic.cat\/index.php\/wp-json\/wp\/v2\/pages\/848","targetHints":{"allow":["GET"]}}],"collection":[{"href":"http:\/\/adriamusic.cat\/index.php\/wp-json\/wp\/v2\/pages"}],"about":[{"href":"http:\/\/adriamusic.cat\/index.php\/wp-json\/wp\/v2\/types\/page"}],"author":[{"embeddable":true,"href":"http:\/\/adriamusic.cat\/index.php\/wp-json\/wp\/v2\/users\/1"}],"replies":[{"embeddable":true,"href":"http:\/\/adriamusic.cat\/index.php\/wp-json\/wp\/v2\/comments?post=848"}],"version-history":[{"count":6,"href":"http:\/\/adriamusic.cat\/index.php\/wp-json\/wp\/v2\/pages\/848\/revisions"}],"predecessor-version":[{"id":1258,"href":"http:\/\/adriamusic.cat\/index.php\/wp-json\/wp\/v2\/pages\/848\/revisions\/1258"}],"wp:attachment":[{"href":"http:\/\/adriamusic.cat\/index.php\/wp-json\/wp\/v2\/media?parent=848"}],"curies":[{"name":"wp","href":"https:\/\/api.w.org\/{rel}","templated":true}]}}