{"id":735,"date":"2021-02-09T16:38:12","date_gmt":"2021-02-09T16:38:12","guid":{"rendered":"http:\/\/adriamusic.cat\/?p=735"},"modified":"2021-11-12T20:39:13","modified_gmt":"2021-11-12T20:39:13","slug":"puntada-1-casteddu-3-1-2021-2","status":"publish","type":"page","link":"http:\/\/adriamusic.cat\/index.php\/sc\/blog-beni-cun-me-trasmissione-tv-rai3\/puntada-1-casteddu-3-1-2021-2\/","title":{"rendered":"Puntada 1: Casteddu (3\/1\/2021)"},"content":{"rendered":"\n<p><strong>L\u00ecngua: sardu (in sa variedade campidanesa o casteddaja)<\/strong><\/p>\n\n\n\n<p>Cun s&#8217;amigu Mauro Pes (c\u00e0mera e regia) visitamus Casteddu (n\u00f2mine ufitziale italianu: Cagliari), sa capitale, una tzitade \u00abpro bi passare totu is ierros chi a un&#8217;\u00f2mine abarrant de vida\u00bb, in faeddos de s&#8217;iscritore catalanu Josep Pla. Connoschimus iscientes de is letziones mias in s&#8217;universidade: Sonia e Barbara sunt registrende boghes pro unu navigadore GPS chi chistionat su sardu (<a rel=\"noreferrer noopener\" href=\"https:\/\/unav.me\" target=\"_blank\">uNav<\/a>), Federico at iscritu una tesi a subra de tradutzione liter\u00e0ria de Neruda in sardu, e Flavia e Matteo chistionant de s&#8217;esperi\u00e8ntzia issoro de <a rel=\"noreferrer noopener\" href=\"http:\/\/sct.uab.cat\/bauladuinsardu\" data-type=\"URL\" data-id=\"http:\/\/sct.uab.cat\/bauladuinsardu\" target=\"_blank\">tradutzione pro su comunu de Bauladu<\/a>.<\/p>\n\n\n\n<p>Prus a tardu, si faghimus una passigiada in tzentru: binchimus un&#8217;iscumissa \u00f2nnia borta chi si rispondent in sardu in is butegas de su tzentru (e si tocat cumbidare!), e amus a agabbare sa puntada in unu cuntzertu de Dr. Drer e CRC Posse in sa plaja de su Poetu, cantende <a href=\"http:\/\/peertube.uno\/videos\/watch\/8c3118ee-bd52-495e-a14a-7ba46897c59c\" data-type=\"URL\" data-id=\"peertube.uno\/videos\/watch\/8c3118ee-bd52-495e-a14a-7ba46897c59c\" target=\"_blank\" rel=\"noreferrer noopener\">\u00abSu palu\u00bb (&#8216;l\u2019estaca&#8217;)<\/a> in sardu.<\/p>\n\n\n\n<div class=\"wp-block-image\"><figure class=\"aligncenter size-large\"><a href=\"https:\/\/peertube.uno\/videos\/watch\/8c3118ee-bd52-495e-a14a-7ba46897c59c\" target=\"_blank\" rel=\"noopener\"><img loading=\"lazy\" decoding=\"async\" width=\"355\" height=\"200\" src=\"http:\/\/adriamusic.cat\/wp-content\/uploads\/2020\/12\/imatge-2.png\" alt=\"\" class=\"wp-image-386\" srcset=\"http:\/\/adriamusic.cat\/wp-content\/uploads\/2020\/12\/imatge-2.png 355w, http:\/\/adriamusic.cat\/wp-content\/uploads\/2020\/12\/imatge-2-300x169.png 300w\" sizes=\"auto, (max-width: 355px) 100vw, 355px\" \/><\/a><\/figure><\/div>\n\n\n\n<p><em>A si biri<\/em>!<\/p>\n","protected":false},"excerpt":{"rendered":"<p>L\u00ecngua: sardu (in sa variedade campidanesa o casteddaja) Cun s&#8217;amigu Mauro Pes (c\u00e0mera e regia) visitamus Casteddu (n\u00f2mine ufitziale italianu: Cagliari), sa capitale, una tzitade \u00abpro bi passare totu is ierros chi a un&#8217;\u00f2mine abarrant de vida\u00bb, in faeddos de s&#8217;iscritore catalanu Josep Pla. Connoschimus iscientes de is letziones mias in s&#8217;universidade: Sonia e Barbara &hellip; <\/p>\n<p class=\"link-more\"><a href=\"http:\/\/adriamusic.cat\/index.php\/sc\/blog-beni-cun-me-trasmissione-tv-rai3\/puntada-1-casteddu-3-1-2021-2\/\" class=\"more-link\">Continua llegint <span class=\"screen-reader-text\">\u00abPuntada 1: Casteddu (3\/1\/2021)\u00bb<\/span><\/a><\/p>\n","protected":false},"author":1,"featured_media":0,"parent":513,"menu_order":0,"comment_status":"closed","ping_status":"closed","template":"","meta":{"footnotes":""},"class_list":["post-735","page","type-page","status-publish","hentry"],"_links":{"self":[{"href":"http:\/\/adriamusic.cat\/index.php\/wp-json\/wp\/v2\/pages\/735","targetHints":{"allow":["GET"]}}],"collection":[{"href":"http:\/\/adriamusic.cat\/index.php\/wp-json\/wp\/v2\/pages"}],"about":[{"href":"http:\/\/adriamusic.cat\/index.php\/wp-json\/wp\/v2\/types\/page"}],"author":[{"embeddable":true,"href":"http:\/\/adriamusic.cat\/index.php\/wp-json\/wp\/v2\/users\/1"}],"replies":[{"embeddable":true,"href":"http:\/\/adriamusic.cat\/index.php\/wp-json\/wp\/v2\/comments?post=735"}],"version-history":[{"count":3,"href":"http:\/\/adriamusic.cat\/index.php\/wp-json\/wp\/v2\/pages\/735\/revisions"}],"predecessor-version":[{"id":820,"href":"http:\/\/adriamusic.cat\/index.php\/wp-json\/wp\/v2\/pages\/735\/revisions\/820"}],"up":[{"embeddable":true,"href":"http:\/\/adriamusic.cat\/index.php\/wp-json\/wp\/v2\/pages\/513"}],"wp:attachment":[{"href":"http:\/\/adriamusic.cat\/index.php\/wp-json\/wp\/v2\/media?parent=735"}],"curies":[{"name":"wp","href":"https:\/\/api.w.org\/{rel}","templated":true}]}}