{"id":716,"date":"2021-02-09T16:28:19","date_gmt":"2021-02-09T16:28:19","guid":{"rendered":"http:\/\/adriamusic.cat\/?p=716"},"modified":"2021-11-12T20:39:13","modified_gmt":"2021-11-12T20:39:13","slug":"puntada-6-nugoro-7-2-2021","status":"publish","type":"page","link":"http:\/\/adriamusic.cat\/index.php\/sc\/blog-beni-cun-me-trasmissione-tv-rai3\/puntada-6-nugoro-7-2-2021\/","title":{"rendered":"Puntada 6: N\u00f9goro (7\/2\/2021)"},"content":{"rendered":"\n<p><strong>L\u00ecngua: sardu (variedade nugoresa)<\/strong><\/p>\n\n\n\n<figure class=\"wp-block-gallery columns-3 is-cropped wp-block-gallery-1 is-layout-flex wp-block-gallery-is-layout-flex\"><ul class=\"blocks-gallery-grid\"><li class=\"blocks-gallery-item\"><figure><img loading=\"lazy\" decoding=\"async\" width=\"1024\" height=\"640\" src=\"http:\/\/adriamusic.cat\/wp-content\/uploads\/2021\/02\/145912876_1706067276240570_8080001109279301000_o-1-1024x640.jpg\" alt=\"\" data-id=\"724\" data-full-url=\"http:\/\/adriamusic.cat\/wp-content\/uploads\/2021\/02\/145912876_1706067276240570_8080001109279301000_o-1.jpg\" data-link=\"http:\/\/adriamusic.cat\/?attachment_id=724\" class=\"wp-image-724\" srcset=\"http:\/\/adriamusic.cat\/wp-content\/uploads\/2021\/02\/145912876_1706067276240570_8080001109279301000_o-1-1024x640.jpg 1024w, http:\/\/adriamusic.cat\/wp-content\/uploads\/2021\/02\/145912876_1706067276240570_8080001109279301000_o-1-300x188.jpg 300w, http:\/\/adriamusic.cat\/wp-content\/uploads\/2021\/02\/145912876_1706067276240570_8080001109279301000_o-1-768x480.jpg 768w, http:\/\/adriamusic.cat\/wp-content\/uploads\/2021\/02\/145912876_1706067276240570_8080001109279301000_o-1.jpg 1280w\" sizes=\"auto, (max-width: 767px) 89vw, (max-width: 1000px) 54vw, (max-width: 1071px) 543px, 580px\" \/><figcaption class=\"blocks-gallery-item__caption\">Cun Lisandru Beccu<\/figcaption><\/figure><\/li><li class=\"blocks-gallery-item\"><figure><img loading=\"lazy\" decoding=\"async\" width=\"1024\" height=\"640\" src=\"http:\/\/adriamusic.cat\/wp-content\/uploads\/2021\/02\/145963066_1706067396240558_594845035019408409_o-1-1024x640.jpg\" alt=\"\" data-id=\"725\" data-full-url=\"http:\/\/adriamusic.cat\/wp-content\/uploads\/2021\/02\/145963066_1706067396240558_594845035019408409_o-1.jpg\" data-link=\"http:\/\/adriamusic.cat\/?attachment_id=725\" class=\"wp-image-725\" srcset=\"http:\/\/adriamusic.cat\/wp-content\/uploads\/2021\/02\/145963066_1706067396240558_594845035019408409_o-1-1024x640.jpg 1024w, http:\/\/adriamusic.cat\/wp-content\/uploads\/2021\/02\/145963066_1706067396240558_594845035019408409_o-1-300x188.jpg 300w, http:\/\/adriamusic.cat\/wp-content\/uploads\/2021\/02\/145963066_1706067396240558_594845035019408409_o-1-768x480.jpg 768w, http:\/\/adriamusic.cat\/wp-content\/uploads\/2021\/02\/145963066_1706067396240558_594845035019408409_o-1.jpg 1280w\" sizes=\"auto, (max-width: 767px) 89vw, (max-width: 1000px) 54vw, (max-width: 1071px) 543px, 580px\" \/><figcaption class=\"blocks-gallery-item__caption\">N\u00f9goro<\/figcaption><\/figure><\/li><li class=\"blocks-gallery-item\"><figure><img loading=\"lazy\" decoding=\"async\" width=\"846\" height=\"560\" src=\"http:\/\/adriamusic.cat\/wp-content\/uploads\/2021\/02\/146007448_1706067266240571_4832753244463632188_n-1.jpg\" alt=\"\" data-id=\"726\" data-full-url=\"http:\/\/adriamusic.cat\/wp-content\/uploads\/2021\/02\/146007448_1706067266240571_4832753244463632188_n-1.jpg\" data-link=\"http:\/\/adriamusic.cat\/?attachment_id=726\" class=\"wp-image-726\" srcset=\"http:\/\/adriamusic.cat\/wp-content\/uploads\/2021\/02\/146007448_1706067266240571_4832753244463632188_n-1.jpg 846w, http:\/\/adriamusic.cat\/wp-content\/uploads\/2021\/02\/146007448_1706067266240571_4832753244463632188_n-1-300x199.jpg 300w, http:\/\/adriamusic.cat\/wp-content\/uploads\/2021\/02\/146007448_1706067266240571_4832753244463632188_n-1-768x508.jpg 768w\" sizes=\"auto, (max-width: 767px) 89vw, (max-width: 1000px) 54vw, (max-width: 1071px) 543px, 580px\" \/><figcaption class=\"blocks-gallery-item__caption\">Luca Meloni<\/figcaption><\/figure><\/li><\/ul><\/figure>\n\n\n\n<p>S&#8217;\u00f9rtima istatzione de <em>Beni cun me<\/em> est N\u00f9goro (in italianu e ufitzialmente Nuoro), in su tzentru de s&#8217;\u00ecsula, una tzitade chi a s&#8217;ispissu est acostada a su chi si bolet presentare comente una sardidade pura, unu logu de traditziones firmu in su tempus. A tesu de custa imm\u00e0gine rom\u00e0ntica e uniforme, passigiamus in is rugas suas pro cumpr\u00e8ndere si siat, a beru, cudda realidade erm\u00e8tica de is parist\u00f2rias de Gr\u00e0ssia Deledda (iscritora sarda in italianu, pr\u00e8miu Nobel de literadura de su 1926).<\/p>\n\n\n\n<p>N\u00f9goro, est evidente, est difatis una tzitade sarda, cun pres\u00e8ntzia de sa l\u00ecngua e de is traditziones, ma ddoe est puru multiculturalismu, rap e hip-hop, e ativistas comente cuddos de Sardware, unu grupu de gi\u00f2vanos chi traballat pro sa pres\u00e8ntzia de su sardu in sa tecnologia. Cun issos amus a chistionare de programmas comente su tradutore autom\u00e0ticu de <a rel=\"noreferrer noopener\" href=\"https:\/\/www.apertium.org\/index.srd.html?dir=ita-srd#translation\" target=\"_blank\">Apertium<\/a>, pro trad\u00f9ere dae s&#8217;italianu e de su catalanu a su sardu, e de \u00e0teros progetos gr\u00e0tzias a is chi oe podimus impreare, in sardu, <a rel=\"noreferrer noopener\" href=\"https:\/\/t.me\/sardware\" target=\"_blank\">Telegram<\/a>, <a rel=\"noreferrer noopener\" href=\"https:\/\/t.me\/sardware\/114\" data-type=\"URL\" data-id=\"https:\/\/t.me\/sardware\/114\" target=\"_blank\">Jitsi<\/a>, <a rel=\"noreferrer noopener\" href=\"https:\/\/t.me\/sardware\/112\" data-type=\"URL\" data-id=\"https:\/\/t.me\/sardware\/112\" target=\"_blank\">Duckduckgo<\/a> o sistemas operativos pro telefoneddos comente <a rel=\"noreferrer noopener\" href=\"http:\/\/t.me\/s\/sardware\/128\" target=\"_blank\">Ubuntu Touch<\/a>.<\/p>\n\n\n\n<p>In fines, amus a conn\u00f2schere s&#8217;amigu e fotoc\u00e0mera Mauro Pes, chi at a girare sa c\u00e0mera e nos at a ispiegare comente at b\u00ecvidu su protzessu de registratzione de su programma.<\/p>\n\n\n\n<p>A menzus b\u00ecdere!<\/p>\n","protected":false},"excerpt":{"rendered":"<p>L\u00ecngua: sardu (variedade nugoresa) S&#8217;\u00f9rtima istatzione de Beni cun me est N\u00f9goro (in italianu e ufitzialmente Nuoro), in su tzentru de s&#8217;\u00ecsula, una tzitade chi a s&#8217;ispissu est acostada a su chi si bolet presentare comente una sardidade pura, unu logu de traditziones firmu in su tempus. A tesu de custa imm\u00e0gine rom\u00e0ntica e uniforme, &hellip; <\/p>\n<p class=\"link-more\"><a href=\"http:\/\/adriamusic.cat\/index.php\/sc\/blog-beni-cun-me-trasmissione-tv-rai3\/puntada-6-nugoro-7-2-2021\/\" class=\"more-link\">Continua llegint <span class=\"screen-reader-text\">\u00abPuntada 6: N\u00f9goro (7\/2\/2021)\u00bb<\/span><\/a><\/p>\n","protected":false},"author":1,"featured_media":0,"parent":513,"menu_order":0,"comment_status":"closed","ping_status":"closed","template":"","meta":{"footnotes":""},"class_list":["post-716","page","type-page","status-publish","hentry"],"_links":{"self":[{"href":"http:\/\/adriamusic.cat\/index.php\/wp-json\/wp\/v2\/pages\/716","targetHints":{"allow":["GET"]}}],"collection":[{"href":"http:\/\/adriamusic.cat\/index.php\/wp-json\/wp\/v2\/pages"}],"about":[{"href":"http:\/\/adriamusic.cat\/index.php\/wp-json\/wp\/v2\/types\/page"}],"author":[{"embeddable":true,"href":"http:\/\/adriamusic.cat\/index.php\/wp-json\/wp\/v2\/users\/1"}],"replies":[{"embeddable":true,"href":"http:\/\/adriamusic.cat\/index.php\/wp-json\/wp\/v2\/comments?post=716"}],"version-history":[{"count":2,"href":"http:\/\/adriamusic.cat\/index.php\/wp-json\/wp\/v2\/pages\/716\/revisions"}],"predecessor-version":[{"id":727,"href":"http:\/\/adriamusic.cat\/index.php\/wp-json\/wp\/v2\/pages\/716\/revisions\/727"}],"up":[{"embeddable":true,"href":"http:\/\/adriamusic.cat\/index.php\/wp-json\/wp\/v2\/pages\/513"}],"wp:attachment":[{"href":"http:\/\/adriamusic.cat\/index.php\/wp-json\/wp\/v2\/media?parent=716"}],"curies":[{"name":"wp","href":"https:\/\/api.w.org\/{rel}","templated":true}]}}