{"id":712,"date":"2021-02-01T10:57:28","date_gmt":"2021-02-01T10:57:28","guid":{"rendered":"http:\/\/adriamusic.cat\/?p=712"},"modified":"2021-11-12T20:39:13","modified_gmt":"2021-11-12T20:39:13","slug":"puntada-5-gaddura-31-1-2021","status":"publish","type":"page","link":"http:\/\/adriamusic.cat\/index.php\/sc\/blog-beni-cun-me-trasmissione-tv-rai3\/puntada-5-gaddura-31-1-2021\/","title":{"rendered":"Puntada 5: Gaddura (31\/1\/2021)"},"content":{"rendered":"\n<p id=\"block-84002580-177a-40e5-ab07-d35fb06b05d1\"><strong>L\u00ecngua: gadduresu (fam\u00eclia de l\u00ecnguas sardu-corsas)<\/strong><\/p>\n\n\n\n<figure class=\"wp-block-gallery columns-3 is-cropped wp-block-gallery-1 is-layout-flex wp-block-gallery-is-layout-flex\"><ul class=\"blocks-gallery-grid\"><li class=\"blocks-gallery-item\"><figure><img loading=\"lazy\" decoding=\"async\" width=\"1024\" height=\"640\" src=\"http:\/\/adriamusic.cat\/wp-content\/uploads\/2021\/02\/143207760_1701036410076990_2985252022428976026_o-1024x640.jpeg\" alt=\"\" data-id=\"705\" data-full-url=\"http:\/\/adriamusic.cat\/wp-content\/uploads\/2021\/02\/143207760_1701036410076990_2985252022428976026_o.jpeg\" data-link=\"http:\/\/adriamusic.cat\/?attachment_id=705\" class=\"wp-image-705\" srcset=\"http:\/\/adriamusic.cat\/wp-content\/uploads\/2021\/02\/143207760_1701036410076990_2985252022428976026_o-1024x640.jpeg 1024w, http:\/\/adriamusic.cat\/wp-content\/uploads\/2021\/02\/143207760_1701036410076990_2985252022428976026_o-300x188.jpeg 300w, http:\/\/adriamusic.cat\/wp-content\/uploads\/2021\/02\/143207760_1701036410076990_2985252022428976026_o-768x480.jpeg 768w, http:\/\/adriamusic.cat\/wp-content\/uploads\/2021\/02\/143207760_1701036410076990_2985252022428976026_o.jpeg 1280w\" sizes=\"auto, (max-width: 767px) 89vw, (max-width: 1000px) 54vw, (max-width: 1071px) 543px, 580px\" \/><figcaption class=\"blocks-gallery-item__caption\">Locusantu<\/figcaption><\/figure><\/li><li class=\"blocks-gallery-item\"><figure><img loading=\"lazy\" decoding=\"async\" width=\"1024\" height=\"640\" src=\"http:\/\/adriamusic.cat\/wp-content\/uploads\/2021\/02\/143393116_1701036390076992_5932506746374769825_o-1024x640.jpeg\" alt=\"\" data-id=\"706\" data-full-url=\"http:\/\/adriamusic.cat\/wp-content\/uploads\/2021\/02\/143393116_1701036390076992_5932506746374769825_o.jpeg\" data-link=\"http:\/\/adriamusic.cat\/?attachment_id=706\" class=\"wp-image-706\" srcset=\"http:\/\/adriamusic.cat\/wp-content\/uploads\/2021\/02\/143393116_1701036390076992_5932506746374769825_o-1024x640.jpeg 1024w, http:\/\/adriamusic.cat\/wp-content\/uploads\/2021\/02\/143393116_1701036390076992_5932506746374769825_o-300x188.jpeg 300w, http:\/\/adriamusic.cat\/wp-content\/uploads\/2021\/02\/143393116_1701036390076992_5932506746374769825_o-768x480.jpeg 768w, http:\/\/adriamusic.cat\/wp-content\/uploads\/2021\/02\/143393116_1701036390076992_5932506746374769825_o.jpeg 1280w\" sizes=\"auto, (max-width: 767px) 89vw, (max-width: 1000px) 54vw, (max-width: 1071px) 543px, 580px\" \/><figcaption class=\"blocks-gallery-item__caption\">Gaddura<\/figcaption><\/figure><\/li><li class=\"blocks-gallery-item\"><figure><img loading=\"lazy\" decoding=\"async\" width=\"1024\" height=\"640\" src=\"http:\/\/adriamusic.cat\/wp-content\/uploads\/2021\/02\/143825330_1701036406743657_4471523617319927718_o-1024x640.jpeg\" alt=\"\" data-id=\"707\" data-full-url=\"http:\/\/adriamusic.cat\/wp-content\/uploads\/2021\/02\/143825330_1701036406743657_4471523617319927718_o.jpeg\" data-link=\"http:\/\/adriamusic.cat\/?attachment_id=707\" class=\"wp-image-707\" srcset=\"http:\/\/adriamusic.cat\/wp-content\/uploads\/2021\/02\/143825330_1701036406743657_4471523617319927718_o-1024x640.jpeg 1024w, http:\/\/adriamusic.cat\/wp-content\/uploads\/2021\/02\/143825330_1701036406743657_4471523617319927718_o-300x188.jpeg 300w, http:\/\/adriamusic.cat\/wp-content\/uploads\/2021\/02\/143825330_1701036406743657_4471523617319927718_o-768x480.jpeg 768w, http:\/\/adriamusic.cat\/wp-content\/uploads\/2021\/02\/143825330_1701036406743657_4471523617319927718_o.jpeg 1280w\" sizes=\"auto, (max-width: 767px) 89vw, (max-width: 1000px) 54vw, (max-width: 1071px) 543px, 580px\" \/><figcaption class=\"blocks-gallery-item__caption\">Vidda Ecchja<\/figcaption><\/figure><\/li><\/ul><\/figure>\n\n\n\n<p id=\"block-5906401b-a3c3-47c0-8c37-f14f1c2319d4\">Custa borta est s&#8217;amigu Agostinu Peru, gadduresu de Vidda Ecchja (in italianu e ufitzialmente Viddalba), chie s&#8217;acump\u00e0ngiat a s&#8217;iscoberta de sos paes\u00e0gios birdes de Gaddura, sa parte prus setentrionale de s&#8217;\u00ecsula.<\/p>\n\n\n\n<p id=\"block-f56e22ac-28bb-41c5-90ee-f5f20ec4d9c9\">Sa Gaddura est, mancari su chi potzat p\u00e0rrere dae is mapas, una zona immensa de montagnas e <em>stazzi<\/em>, is domos traditzionales. Est connota puru dae is plajas suas, mescamente cuddas de Costa Smeralda, rif\u00f9giu de milliard\u00e0rios in s&#8217;istade. Su cantautore Fabrizio de Andr\u00e8 (genovesu de or\u00ecgine, sardu de adotzione) at detz\u00ecdidu de b\u00ecvere in Gaddura, a curtzu de sa capitale (T\u00e8mpiu), e ci at dedicadu cantzones in gadduresu comente \u00abMonti di Mola\u00bb (su n\u00f2mine traditzionale de sa Costa Smeralda), \u00abZirichiltaggia\u00bb (&#8216;tziligherta&#8217;). De T\u00e8mpiu fiat puru su poeta Gavinu Pes, de su de XVIII s\u00e8culos, de chie sa cantante Daniela Pes at musicadu calicunu poema iscritu in gadduresu.<\/p>\n\n\n\n<p id=\"block-aed95790-81b3-4693-aac8-83a33a6f378c\">A pustis de f\u00e0ghere note in domo de Agostino, incarreramus conca a Locusantu (Logusantu in sardu; n\u00f2mine ufitziale in italianu, Luogosanto), in ue amus a f\u00e0ghere unu giru in su mercadu chidajolu. A pustis, s&#8217;ativista e chircadore Riccardo Mura si faghet f\u00e0ghere una b\u00ecsita de sa biblioteca munitzipale chi gestit.<\/p>\n\n\n\n<p id=\"block-19fc502d-5255-4096-bdfc-677de51fcffc\"><em>Ci vidimu<\/em>!<\/p>\n","protected":false},"excerpt":{"rendered":"<p>L\u00ecngua: gadduresu (fam\u00eclia de l\u00ecnguas sardu-corsas) Custa borta est s&#8217;amigu Agostinu Peru, gadduresu de Vidda Ecchja (in italianu e ufitzialmente Viddalba), chie s&#8217;acump\u00e0ngiat a s&#8217;iscoberta de sos paes\u00e0gios birdes de Gaddura, sa parte prus setentrionale de s&#8217;\u00ecsula. Sa Gaddura est, mancari su chi potzat p\u00e0rrere dae is mapas, una zona immensa de montagnas e stazzi, &hellip; <\/p>\n<p class=\"link-more\"><a href=\"http:\/\/adriamusic.cat\/index.php\/sc\/blog-beni-cun-me-trasmissione-tv-rai3\/puntada-5-gaddura-31-1-2021\/\" class=\"more-link\">Continua llegint <span class=\"screen-reader-text\">\u00abPuntada 5: Gaddura (31\/1\/2021)\u00bb<\/span><\/a><\/p>\n","protected":false},"author":1,"featured_media":0,"parent":513,"menu_order":0,"comment_status":"closed","ping_status":"closed","template":"","meta":{"footnotes":""},"class_list":["post-712","page","type-page","status-publish","hentry"],"_links":{"self":[{"href":"http:\/\/adriamusic.cat\/index.php\/wp-json\/wp\/v2\/pages\/712","targetHints":{"allow":["GET"]}}],"collection":[{"href":"http:\/\/adriamusic.cat\/index.php\/wp-json\/wp\/v2\/pages"}],"about":[{"href":"http:\/\/adriamusic.cat\/index.php\/wp-json\/wp\/v2\/types\/page"}],"author":[{"embeddable":true,"href":"http:\/\/adriamusic.cat\/index.php\/wp-json\/wp\/v2\/users\/1"}],"replies":[{"embeddable":true,"href":"http:\/\/adriamusic.cat\/index.php\/wp-json\/wp\/v2\/comments?post=712"}],"version-history":[{"count":1,"href":"http:\/\/adriamusic.cat\/index.php\/wp-json\/wp\/v2\/pages\/712\/revisions"}],"predecessor-version":[{"id":713,"href":"http:\/\/adriamusic.cat\/index.php\/wp-json\/wp\/v2\/pages\/712\/revisions\/713"}],"up":[{"embeddable":true,"href":"http:\/\/adriamusic.cat\/index.php\/wp-json\/wp\/v2\/pages\/513"}],"wp:attachment":[{"href":"http:\/\/adriamusic.cat\/index.php\/wp-json\/wp\/v2\/media?parent=712"}],"curies":[{"name":"wp","href":"https:\/\/api.w.org\/{rel}","templated":true}]}}