{"id":70,"date":"2024-11-16T08:46:15","date_gmt":"2024-11-16T08:46:15","guid":{"rendered":"http:\/\/adriamusic.cat\/?page_id=70"},"modified":"2026-04-12T08:06:55","modified_gmt":"2026-04-12T08:06:55","slug":"lo-somris-de-la-magrana","status":"publish","type":"page","link":"http:\/\/adriamusic.cat\/","title":{"rendered":"Inici"},"content":{"rendered":"\n<p><strong>V\u00eddeo nou! \u00abViure de renda (B\u00e0sica Universal)\u00bb<\/strong>: entrada al <a href=\"http:\/\/adriamusic.cat\/?p=1575\">bloc<\/a>.<\/p>\n\n\n<center><iframe loading=\"lazy\" style=\"border: 0px;\" title=\"\u00abViure de renda (b\u00e0sica universal)\u00bb, Adri\u00e0 Mor (2026)\" src=\"https:\/\/video.anartist.org\/videos\/embed\/p9Ws2jPDJYu3oCW5z5Yt7w?subtitle=ca\" width=\"560\" height=\"315\" sandbox=\"allow-same-origin allow-scripts allow-popups allow-forms\"><\/iframe><\/center>\n\n\n\n\n<p><strong>A la venda!<\/strong><\/p>\n\n\n\n<p>Podeu comprar l&#8217;edici\u00f3 f\u00edsica del meu nou disc, <em>De Sardenya a Calif\u00f2rnia<\/em>, a <a href=\"https:\/\/www.disco100.com\/ca\/producte\/492304\/de-sardenya-a-california-softpack-adria-mor-cd\">Disco100<\/a> (enviaments internacionals) o fer una donaci\u00f3 en descarregar-vos-en l&#8217;<a href=\"https:\/\/adriamor.bandcamp.com\/album\/de-sardenya-a-calif-rnia-2\">edici\u00f3 digital<\/a> a Bandcamp.A la venda!<\/p>\n\n\n\n<p><strong>V\u00eddeo nou! \u00abCompanyes, no \u00e9s aix\u00f2\u00bb<\/strong><\/p>\n\n\n\n<center><p><iframe loading=\"lazy\" title=\"\u00abCompanyes, no \u00e9s aix\u00f2\u00bb, Adri\u00e0 Mor (2025)\" width=\"560\" height=\"315\" src=\"https:\/\/video.anartist.org\/videos\/embed\/c51725ad-559f-4808-86c0-74bae7ed517a?subtitle=ca\" frameborder=\"0\" allowfullscreen=\"\" sandbox=\"allow-same-origin allow-scripts allow-popups allow-forms\"><\/iframe><\/p><\/center>\n\n\n\n<p><strong>M\u00e9s v\u00eddeos<\/strong><\/p>\n\n\n<p><center><iframe loading=\"lazy\" style=\"border: 0px;\" title=\"\u00abAmor i ressaca a l'Alguer\u00bb, Adri\u00e0 Mor [v\u00eddeo oficial 2025]\" src=\"https:\/\/video.anartist.org\/videos\/embed\/jpj6DbYPL3Nqn4EEXj2zE4\" width=\"560\" height=\"315\" sandbox=\"allow-same-origin allow-scripts allow-popups allow-forms\"><\/iframe><br \/>\u00abAmor i ressaca a l&#8217;Alguer\u00bb (<a href=\"http:\/\/adriamusic.cat\/index.php\/2026\/04\/06\/videoclip-amor-i-ressaca-a-lalguer-romanticisme-etilic-a-la-barceloneta-de-sardenya\/\">bloc<\/a>)<\/center><\/p>\n\n\n<div class=\"wp-block-columns is-layout-flex wp-container-core-columns-is-layout-9d6595d7 wp-block-columns-is-layout-flex\">\n<div class=\"wp-block-column is-layout-flow wp-block-column-is-layout-flow\">\n<figure class=\"wp-block-embed is-type-video is-provider-youtube wp-block-embed-youtube wp-embed-aspect-16-9 wp-has-aspect-ratio\"><div class=\"wp-block-embed__wrapper\">\n<iframe loading=\"lazy\" title=\"\u00abSi el m\u00f3n \u00e9s un mocador\u00bb, Adri\u00e0 Mor (&#039;De Sardenya a Calif\u00f2rnia&#039;, 2024)\" width=\"525\" height=\"295\" src=\"https:\/\/www.youtube.com\/embed\/EZr0By40Pio?feature=oembed\" frameborder=\"0\" allow=\"accelerometer; autoplay; clipboard-write; encrypted-media; gyroscope; picture-in-picture; web-share\" referrerpolicy=\"strict-origin-when-cross-origin\" allowfullscreen><\/iframe>\n<\/div><figcaption class=\"wp-element-caption\">\u00abSi el m\u00f3n \u00e9s un mocador\u00bb (<a href=\"http:\/\/adriamusic.cat\/index.php\/2024\/11\/16\/si-el-mon-es-un-mocador\/\">bloc<\/a>)<\/figcaption><\/figure>\n<\/div>\n\n\n\n<div class=\"wp-block-column is-layout-flow wp-block-column-is-layout-flow\">\n<figure class=\"wp-block-embed is-type-video is-provider-youtube wp-block-embed-youtube wp-embed-aspect-16-9 wp-has-aspect-ratio\"><div class=\"wp-block-embed__wrapper\">\n<iframe loading=\"lazy\" title=\"\u00abBrev\u00edssima cr\u00f2nica de l&#039;opressi\u00f3 colonial (El fantasma de Moctezuma)\u00bb - Adri\u00e0 Mor (Can\u00e7\u00f3 urgent)\" width=\"525\" height=\"295\" src=\"https:\/\/www.youtube.com\/embed\/mUbUjqU_L_w?feature=oembed\" frameborder=\"0\" allow=\"accelerometer; autoplay; clipboard-write; encrypted-media; gyroscope; picture-in-picture; web-share\" referrerpolicy=\"strict-origin-when-cross-origin\" allowfullscreen><\/iframe>\n<\/div><figcaption class=\"wp-element-caption\">Nova Can\u00e7\u00f3 Urgent: \u00abBrev\u00edssima cr\u00f2nica de l&#8217;opressi\u00f3 colonial (El fantasma de Moctezuma)\u00bb (<a href=\"http:\/\/adriamusic.cat\/index.php\/2024\/09\/20\/brevissima-cronica-de-lopressio-colonial-el-fantasma-de-moctezuma-nova-canco-urgent\/\">bloc<\/a>)<\/figcaption><\/figure>\n<\/div>\n<\/div>\n\n\n\n<div class=\"wp-block-columns is-layout-flex wp-container-core-columns-is-layout-9d6595d7 wp-block-columns-is-layout-flex\">\n<div class=\"wp-block-column is-layout-flow wp-block-column-is-layout-flow\">\n<figure class=\"wp-block-embed is-type-video is-provider-youtube wp-block-embed-youtube wp-embed-aspect-16-9 wp-has-aspect-ratio\"><div class=\"wp-block-embed__wrapper\">\n<iframe loading=\"lazy\" title=\"\u00abParakalo, Stefania\u00bb, Adri\u00e0 Mor (&#039;De Sardenya a Calif\u00f2rnia&#039;, 2024)\" width=\"525\" height=\"295\" src=\"https:\/\/www.youtube.com\/embed\/aoPunWG4bo4?feature=oembed\" frameborder=\"0\" allow=\"accelerometer; autoplay; clipboard-write; encrypted-media; gyroscope; picture-in-picture; web-share\" referrerpolicy=\"strict-origin-when-cross-origin\" allowfullscreen><\/iframe>\n<\/div><figcaption class=\"wp-element-caption\">\u00abParakalo, Stefania\u00bb (<a href=\"http:\/\/adriamusic.cat\/index.php\/2024\/07\/27\/parakalo-stefania\/\">bloc<\/a>)<\/figcaption><\/figure>\n<\/div>\n\n\n\n<div class=\"wp-block-column is-layout-flow wp-block-column-is-layout-flow\">\n<figure class=\"wp-block-embed is-type-video is-provider-youtube wp-block-embed-youtube wp-embed-aspect-16-9 wp-has-aspect-ratio\"><div class=\"wp-block-embed__wrapper\">\n<iframe loading=\"lazy\" title=\"De Sardenya a Calif\u00f2rnia (2024) - Adri\u00e0 Mor\" width=\"525\" height=\"295\" src=\"https:\/\/www.youtube.com\/embed\/videoseries?list=PLzLn3-QAk-v3eDTJp4llzfQXA5D5vA6BV\" frameborder=\"0\" allow=\"accelerometer; autoplay; clipboard-write; encrypted-media; gyroscope; picture-in-picture; web-share\" referrerpolicy=\"strict-origin-when-cross-origin\" allowfullscreen><\/iframe>\n<\/div><figcaption class=\"wp-element-caption\">Disc nou: <em>De Sardenya a Calif\u00f2rnia<\/em> (2024)<\/figcaption><\/figure>\n<\/div>\n<\/div>\n\n\n\n<div class=\"wp-block-columns is-layout-flex wp-container-core-columns-is-layout-9d6595d7 wp-block-columns-is-layout-flex\">\n<div class=\"wp-block-column is-layout-flow wp-block-column-is-layout-flow\">\n<figure class=\"wp-block-embed is-type-video is-provider-youtube wp-block-embed-youtube wp-embed-aspect-16-9 wp-has-aspect-ratio\"><div class=\"wp-block-embed__wrapper\">\n<iframe loading=\"lazy\" title=\"\u00abNon bido s&#039;ora\u00bb (amb Elisa Carta), Adri\u00e0 Mor (&#039;De Sardenya a Calif\u00f2rnia&#039;, 2024)\" width=\"525\" height=\"295\" src=\"https:\/\/www.youtube.com\/embed\/nKbylPgEJC8?feature=oembed\" frameborder=\"0\" allow=\"accelerometer; autoplay; clipboard-write; encrypted-media; gyroscope; picture-in-picture; web-share\" referrerpolicy=\"strict-origin-when-cross-origin\" allowfullscreen><\/iframe>\n<\/div><figcaption class=\"wp-element-caption\">\u00abNon bido s&#8217;ora\u00bb<\/figcaption><\/figure>\n<\/div>\n\n\n\n<div class=\"wp-block-column is-layout-flow wp-block-column-is-layout-flow\">\n<figure class=\"wp-block-embed is-type-video is-provider-youtube wp-block-embed-youtube wp-embed-aspect-16-9 wp-has-aspect-ratio\"><div class=\"wp-block-embed__wrapper\">\n<iframe loading=\"lazy\" title=\"&#039;Terras de abbundu&#039; - Adri\u00e0 Mor cun M. Leone, D. Casu e F. M. Perantoni - Sa Die de sa Sardigna 2024\" width=\"525\" height=\"295\" src=\"https:\/\/www.youtube.com\/embed\/tpMhyfbPiQg?feature=oembed\" frameborder=\"0\" allow=\"accelerometer; autoplay; clipboard-write; encrypted-media; gyroscope; picture-in-picture; web-share\" referrerpolicy=\"strict-origin-when-cross-origin\" allowfullscreen><\/iframe>\n<\/div><figcaption class=\"wp-element-caption\">Diada de Sardenya 2024<\/figcaption><\/figure>\n<\/div>\n<\/div>\n\n\n\n<p><strong><em>Beni cun me<\/em> a RaiPlay!<\/strong><\/p>\n\n\n\n<p>Les dues temporades del programa de televisi\u00f3 <em>Beni cun me<\/em> ja es poden veure per mitj\u00e0 de la plataforma RaiPlay! Visiteu la <a href=\"http:\/\/adriamusic.cat\/index.php\/bloc-beni-cun-me-rai3\/\">secci\u00f3 corresponent<\/a> o accediu-hi clicant als b\u00e0ners de sota!<\/p>\n\n\n\n<figure class=\"wp-block-image size-large is-resized is-style-rounded\"><a href=\"https:\/\/www.raiplay.it\/programmi\/raisardegna-raisardigna\/programmi\/beni-cun-me\" target=\"_blank\" rel=\"noreferrer noopener\"><img loading=\"lazy\" decoding=\"async\" width=\"1200\" height=\"675\" src=\"http:\/\/adriamusic.cat\/wp-content\/uploads\/2021\/01\/imatge-1-edited.png\" alt=\"\" class=\"wp-image-503\" style=\"aspect-ratio:1.7777387118432002;width:425px;height:auto\" srcset=\"http:\/\/adriamusic.cat\/wp-content\/uploads\/2021\/01\/imatge-1-edited.png 1200w, http:\/\/adriamusic.cat\/wp-content\/uploads\/2021\/01\/imatge-1-edited-300x169.png 300w, http:\/\/adriamusic.cat\/wp-content\/uploads\/2021\/01\/imatge-1-edited-1024x576.png 1024w, http:\/\/adriamusic.cat\/wp-content\/uploads\/2021\/01\/imatge-1-edited-768x432.png 768w\" sizes=\"auto, (max-width: 767px) 89vw, (max-width: 1000px) 54vw, (max-width: 1071px) 543px, 580px\" \/><\/a><figcaption class=\"wp-element-caption\"><em>Beni cun me<\/em>, 2021 (RAI\/Terra de Punt)<\/figcaption><\/figure>\n\n\n<div class=\"wp-block-image\">\n<figure class=\"alignleft size-full is-resized\"><a href=\"https:\/\/www.raiplay.it\/video\/2025\/10\/Beni-cun-me-in-America-pt-1-cdb0a511-b63c-44da-aaa4-21b8276c3cad.html\"><img loading=\"lazy\" decoding=\"async\" width=\"286\" height=\"198\" src=\"http:\/\/adriamusic.cat\/wp-content\/uploads\/2025\/10\/image.png\" alt=\"\" class=\"wp-image-1464\" style=\"aspect-ratio:1.4444181788245036;width:423px;height:auto\"\/><\/a><figcaption class=\"wp-element-caption\">Beni cun me, 2025 (RAI\/Roble Factory)<\/figcaption><\/figure>\n<\/div>","protected":false},"excerpt":{"rendered":"<p>V\u00eddeo nou! \u00abViure de renda (B\u00e0sica Universal)\u00bb: entrada al bloc. A la venda! Podeu comprar l&#8217;edici\u00f3 f\u00edsica del meu nou disc, De Sardenya a Calif\u00f2rnia, a Disco100 (enviaments internacionals) o fer una donaci\u00f3 en descarregar-vos-en l&#8217;edici\u00f3 digital a Bandcamp.A la venda! V\u00eddeo nou! \u00abCompanyes, no \u00e9s aix\u00f2\u00bb M\u00e9s v\u00eddeos \u00abAmor i ressaca a l&#8217;Alguer\u00bb (bloc) &hellip; <\/p>\n<p class=\"link-more\"><a href=\"http:\/\/adriamusic.cat\/\" class=\"more-link\">Continua llegint <span class=\"screen-reader-text\">\u00abInici\u00bb<\/span><\/a><\/p>\n","protected":false},"author":1,"featured_media":0,"parent":0,"menu_order":0,"comment_status":"closed","ping_status":"closed","template":"","meta":{"footnotes":""},"class_list":["post-70","page","type-page","status-publish","hentry"],"_links":{"self":[{"href":"http:\/\/adriamusic.cat\/index.php\/wp-json\/wp\/v2\/pages\/70","targetHints":{"allow":["GET"]}}],"collection":[{"href":"http:\/\/adriamusic.cat\/index.php\/wp-json\/wp\/v2\/pages"}],"about":[{"href":"http:\/\/adriamusic.cat\/index.php\/wp-json\/wp\/v2\/types\/page"}],"author":[{"embeddable":true,"href":"http:\/\/adriamusic.cat\/index.php\/wp-json\/wp\/v2\/users\/1"}],"replies":[{"embeddable":true,"href":"http:\/\/adriamusic.cat\/index.php\/wp-json\/wp\/v2\/comments?post=70"}],"version-history":[{"count":90,"href":"http:\/\/adriamusic.cat\/index.php\/wp-json\/wp\/v2\/pages\/70\/revisions"}],"predecessor-version":[{"id":1636,"href":"http:\/\/adriamusic.cat\/index.php\/wp-json\/wp\/v2\/pages\/70\/revisions\/1636"}],"wp:attachment":[{"href":"http:\/\/adriamusic.cat\/index.php\/wp-json\/wp\/v2\/media?parent=70"}],"curies":[{"name":"wp","href":"https:\/\/api.w.org\/{rel}","templated":true}]}}