{"id":690,"date":"2021-01-26T16:24:24","date_gmt":"2021-01-26T16:24:24","guid":{"rendered":"http:\/\/adriamusic.cat\/?page_id=690"},"modified":"2025-10-13T17:32:48","modified_gmt":"2025-10-13T17:32:48","slug":"in-is-media","status":"publish","type":"page","link":"http:\/\/adriamusic.cat\/index.php\/sc\/in-is-media\/","title":{"rendered":"In is m\u00e8dia"},"content":{"rendered":"\n<p>In formatu de gr\u00ecllia:<\/p>\n\n\n\n<figure class=\"wp-block-table\"><table><tbody><tr><td class=\"has-text-align-center\" data-align=\"center\"><\/td><td class=\"has-text-align-center\" data-align=\"center\"><a href=\"https:\/\/cms.firamediterrania.cat\/mediterrania\/ca\/premsa\/recull-de-premsa\/enderrock-368.pdf\"><img decoding=\"async\" src=\"https:\/\/www.enderrock.cat\/logos\/sonsdelamediterrania.gif?1755599735\" alt=\"\"><\/a><\/td><td class=\"has-text-align-center\" data-align=\"center\"><\/td><\/tr><tr><td class=\"has-text-align-center\" data-align=\"center\"><\/td><td class=\"has-text-align-center\" data-align=\"center\">[ca] <a href=\"https:\/\/cms.firamediterrania.cat\/mediterrania\/ca\/premsa\/recull-de-premsa\/enderrock-368.pdf\">Finalista de su cuncursu Sons de la Mediterr\u00e0nia 2024<\/a> (10\/2024)<\/td><td class=\"has-text-align-center\" data-align=\"center\"><\/td><\/tr><tr><td class=\"has-text-align-center\" data-align=\"center\"><\/td><td class=\"has-text-align-center\" data-align=\"center\"><\/td><td class=\"has-text-align-center\" data-align=\"center\"><\/td><\/tr><tr><td class=\"has-text-align-center\" data-align=\"center\"><a href=\"https:\/\/www.elcugatenc.cat\/noticia\/98073\/endavallada-38-musica-catalanosarda-amb-adria-mor\"><img decoding=\"async\" src=\"https:\/\/www.elcugatenc.cat\/imatges\/elcugatenc.cat\/articles\/endavallada-podcast-elcugatenc-sant-cugat-elcugatenc-8.jpg\" alt=\"\"><\/a><\/td><td class=\"has-text-align-center\" data-align=\"center\"><a href=\"https:\/\/www.totsantcugat.cat\/actualitat\/cultura\/arriba-primer-rocktober-fest-sant-cugat_2203860102.html\"><img decoding=\"async\" src=\"https:\/\/www.totsantcugat.cat\/uploads\/s1\/26\/98\/49\/46\/whatsapp-image-2024-10-08-at-11-23-35.jpeg\" alt=\"\"><\/a><\/td><td class=\"has-text-align-center\" data-align=\"center\"><img decoding=\"async\" src=\"http:\/\/adriamusic.cat\/wp-content\/uploads\/2024\/10\/enderroc.jpg\" alt=\"\"><\/td><\/tr><tr><td class=\"has-text-align-center\" data-align=\"center\">[ca] <a href=\"https:\/\/www.elcugatenc.cat\/noticia\/98073\/endavallada-38-musica-catalanosarda-amb-adria-mor\">Intervista in su podcast Endavallada<\/a>, de El Cugatenc (18\/10\/2024)<\/td><td class=\"has-text-align-center\" data-align=\"center\">[ca] \u00ab<a href=\"https:\/\/hemeroteca-paginas.lavanguardia.com\/LVE00\/2023\/01\/14\/1LC-20230114-43.pdf\">Arriba el primer RocktoberFest a Sant Cugat<\/a>\u00bb, Tot Sant Cugat (16\/10\/2024).<\/td><td class=\"has-text-align-center\" data-align=\"center\">[ca] Discu de sa chida a <a href=\"https:\/\/www.enderrock.cat\/disc\/10541\/sardenya-california\">Enderrock<\/a> (25\/6\/2024)<\/td><\/tr><tr><td class=\"has-text-align-center\" data-align=\"center\"><\/td><td class=\"has-text-align-center\" data-align=\"center\"><\/td><td class=\"has-text-align-center\" data-align=\"center\"><\/td><\/tr><tr><td class=\"has-text-align-center\" data-align=\"center\"><img decoding=\"async\" src=\"http:\/\/adriamusic.cat\/wp-content\/uploads\/2024\/10\/algherolive.png\" alt=\"\"><\/td><td class=\"has-text-align-center\" data-align=\"center\"><img decoding=\"async\" src=\"http:\/\/adriamusic.cat\/wp-content\/uploads\/2024\/10\/salimba.png\" alt=\"\"><\/td><td class=\"has-text-align-center\" data-align=\"center\"><img decoding=\"async\" src=\"http:\/\/adriamusic.cat\/wp-content\/uploads\/2024\/10\/lbnemesi.jpg\" alt=\"\"><\/td><\/tr><tr><td class=\"has-text-align-center\" data-align=\"center\">[sc\/ca] Noa a <a href=\"https:\/\/algherolive.it\/2024\/06\/25\/adria-mor-su-cantautore-catalanu-publicat-traballu-nou-%C2%B7-beni-cun-me-est-su-de-duos-singulos-de-su-discu\/\">AlgheroLive<\/a> (25\/6\/2024)<\/td><td class=\"has-text-align-center\" data-align=\"center\">[sc] Noa a <a href=\"https:\/\/salimbasarda.net\/non-bido-sora-su-singulu-nou-de-adria-mor\/\">Sa limba sarda <\/a>(2\/6\/2024)<\/td><td class=\"has-text-align-center\" data-align=\"center\">[it] Intervista a <a href=\"https:\/\/www.nemesismagazine.it\/catalunya-sardigna-e-west-coast-viaggio-nel-mondo-di-adria-mor-abbiamo-il-diritto-di-esistere-con-le-nostre-lingue-e-le-nostre-culture-non-ci-rinunceremo\/\">Nemesis Magazine<\/a> (4\/5\/2024)<\/td><\/tr><tr><td class=\"has-text-align-center\" data-align=\"center\"><\/td><td class=\"has-text-align-center\" data-align=\"center\"><\/td><td class=\"has-text-align-center\" data-align=\"center\"><\/td><\/tr><tr><td class=\"has-text-align-center\" data-align=\"center\"><img decoding=\"async\" src=\"http:\/\/adriamusic.cat\/wp-content\/uploads\/2024\/10\/lb-1024x683.jpg\" alt=\"\"><\/td><td class=\"has-text-align-center\" data-align=\"center\"><img decoding=\"async\" src=\"http:\/\/adriamusic.cat\/wp-content\/uploads\/2024\/10\/dbalears.png\" alt=\"\"><\/td><td class=\"has-text-align-center\" data-align=\"center\"><a href=\"https:\/\/www.totsantcugat.cat\/opinio\/passavem-terra-lleugers_2187893102.html\"><img decoding=\"async\" src=\"http:\/\/adriamusic.cat\/wp-content\/uploads\/2023\/10\/99561017f58a9f33.png\" alt=\"\"><\/a><\/td><\/tr><tr><td class=\"has-text-align-center\" data-align=\"center\">[ca] Noa a <a href=\"https:\/\/www.enderrock.cat\/noticia\/27941\/himne-antiracista-woody-guthrie-diada-sardenya\">Enderrock<\/a> (29\/04\/2024)<\/td><td class=\"has-text-align-center\" data-align=\"center\">[ca] <a href=\"https:\/\/www.dbalears.cat\/cultura\/cultura\/2024\/04\/27\/392727\/video-himne-antiracista-les-llengues-sardenya-per-diada-sarda.html\">Noa a su giornale dBalears<\/a> (27\/2\/2024)<\/td><td class=\"has-text-align-center\" data-align=\"center\">[ca] <a href=\"https:\/\/www.totsantcugat.cat\/opinio\/passavem-terra-lleugers_2187893102.html\">Art\u00ecculu de Ramon Piqu\u00e9 in su Tot Sant Cugat<\/a> (24\/9\/2023)<\/td><\/tr><tr><td class=\"has-text-align-center\" data-align=\"center\"><\/td><td class=\"has-text-align-center\" data-align=\"center\"><\/td><td class=\"has-text-align-center\" data-align=\"center\"><\/td><\/tr><tr><td class=\"has-text-align-center\" data-align=\"center\"><a href=\"https:\/\/podtail.com\/en\/podcast\/mentrimentres\/m219-sergio-atzeni-amb-adria-martin\/\"><img decoding=\"async\" style=\"width: 150px;\" src=\"https:\/\/s3-us-west-2.amazonaws.com\/anchor-generated-image-bank\/production\/podcast_uploaded_nologo400\/14147111\/14147111-1663052419384-cdcf88904b5b5.jpg\" alt=\"\"><\/a><\/td><td class=\"has-text-align-center\" data-align=\"center\"><a href=\"https:\/\/www.sardegna1.it\/tg\/tg-le-interviste\/tg-15-01-2023-intervista-adria-martin\/\"><img decoding=\"async\" src=\"http:\/\/adriamusic.cat\/wp-content\/uploads\/2023\/10\/Untitled-1_html_c6dcd4d0aeab6430-1024x576.png\" alt=\"\"><\/a><\/td><td class=\"has-text-align-center\" data-align=\"center\"><a href=\"https:\/\/hemeroteca-paginas.lavanguardia.com\/LVE00\/2023\/01\/14\/1LC-20230114-43.pdf\"><img decoding=\"async\" src=\"http:\/\/adriamusic.cat\/wp-content\/uploads\/2025\/08\/llucia-ramis.png\" alt=\"\"><\/a><\/td><\/tr><tr><td class=\"has-text-align-center\" data-align=\"center\">[ca] Intervista in <a href=\"https:\/\/podtail.com\/en\/podcast\/mentrimentres\/m219-sergio-atzeni-amb-adria-martin\/\">Mentrimentres<\/a> in pitzus de <em>Passavamo sulla terra leggeri<\/em> (25\/2\/2023)<\/td><td class=\"has-text-align-center\" data-align=\"center\">[sc] <a href=\"https:\/\/www.sardegna1.it\/tg\/tg-le-interviste\/tg-15-01-2023-intervista-adria-martin\/\">Intervista in su TG de  Sardegna 1<\/a> in pitzus de <em>Passavamo sulla terra leggeri<\/em> (15\/1\/2023)<\/td><td class=\"has-text-align-center\" data-align=\"center\">[ca] Cr\u00f2nica de Llucia Ramis in <a href=\"https:\/\/hemeroteca-paginas.lavanguardia.com\/LVE00\/2023\/01\/14\/1LC-20230114-43.pdf\">La Vanguardia<\/a> (14\/01\/2023)<\/td><\/tr><tr><td class=\"has-text-align-center\" data-align=\"center\"><\/td><td class=\"has-text-align-center\" data-align=\"center\"><\/td><td class=\"has-text-align-center\" data-align=\"center\"><\/td><\/tr><tr><td class=\"has-text-align-center\" data-align=\"center\"><a href=\"https:\/\/www.lanuovasardegna.it\/oristano\/cronaca\/2022\/07\/28\/news\/oristano-guai-a-parlare-sardo-in-albergo-1.100060837\"><img decoding=\"async\" src=\"http:\/\/adriamusic.cat\/wp-content\/uploads\/2023\/10\/Captura-de-pantalla-de-2023-10-02-20-54-35.png\" alt=\"\"><\/a><\/td><td class=\"has-text-align-center\" data-align=\"center\"><a href=\"https:\/\/www.videolina.it\/articolo\/tg\/2022\/07\/12\/lingua_sarda_e_tecnologia_un_assistente_vocale_in_limba-78-1167015.html\"><img decoding=\"async\" src=\"http:\/\/adriamusic.cat\/wp-content\/uploads\/2023\/10\/Untitled-1_html_6c1833170c59b17d.png\" alt=\"\"><\/a><\/td><td class=\"has-text-align-center\" data-align=\"center\"><a href=\"https:\/\/www.vilaweb.cat\/noticies\/la-repressio-contra-lindependentisme-sard-laltra-cara-de-la-justicia-italiana\/\"><img decoding=\"async\" src=\"http:\/\/adriamusic.cat\/wp-content\/uploads\/2023\/10\/Screenshot-2023-10-02-at-20-59-30-La-repressio-contra-lindependentisme-sard-laltra-cara-de-la-justicia-italiana-1024x722.png\" alt=\"\"><\/a><\/td><\/tr><tr><td class=\"has-text-align-center\" data-align=\"center\">[it] Art\u00ecculu in <a href=\"https:\/\/www.lanuovasardegna.it\/oristano\/cronaca\/2022\/07\/28\/news\/oristano-guai-a-parlare-sardo-in-albergo-1.100060837\" target=\"_blank\" rel=\"noreferrer noopener\">La Nuova Sardegna<\/a> (28\/7\/2022)<\/td><td class=\"has-text-align-center\" data-align=\"center\">[it\/sc] Intervista in <a href=\"https:\/\/www.videolina.it\/articolo\/tg\/2022\/07\/12\/lingua_sarda_e_tecnologia_un_assistente_vocale_in_limba-78-1167015.html\" target=\"_blank\" rel=\"noreferrer noopener\">Videolina<\/a> (12\/7\/2022)<\/td><td class=\"has-text-align-center\" data-align=\"center\">[ca] Art\u00ecculu in <a href=\"https:\/\/www.vilaweb.cat\/noticies\/la-repressio-contra-lindependentisme-sard-laltra-cara-de-la-justicia-italiana\/\" target=\"_blank\" rel=\"noreferrer noopener\">Vilaweb<\/a> (4\/10\/2021)<\/td><\/tr><tr><td class=\"has-text-align-center\" data-align=\"center\"><\/td><td class=\"has-text-align-center\" data-align=\"center\"><\/td><td class=\"has-text-align-center\" data-align=\"center\"><\/td><\/tr><tr><td class=\"has-text-align-center\" data-align=\"center\"><a href=\"https:\/\/www.youtube.com\/watch?v=MP-p-LOtzC0\"><img decoding=\"async\" src=\"http:\/\/adriamusic.cat\/wp-content\/uploads\/2023\/10\/Screenshot-2023-10-02-at-21-05-55-Entrevista-amb-Adria-Martin-sobre-les-llengues-de-Sardenya-1024x575.png\" alt=\"\"><\/a><\/td><td class=\"has-text-align-center\" data-align=\"center\"><a href=\"https:\/\/www.radioarrels.cat\/noticia\/1860\/coneixer-les-llengues-de-sardenya-a-traves-dun-catala-a-la-televisio-italiana\"><img decoding=\"async\" src=\"https:\/\/www.radioarrels.cat\/img\/logo.svg\" alt=\"\"><\/a><\/td><td class=\"has-text-align-center\" data-align=\"center\"><a href=\"https:\/\/www.vilaweb.cat\/noticies\/noves-de-lalguer\/\"><img decoding=\"async\" src=\"http:\/\/adriamusic.cat\/wp-content\/uploads\/2023\/10\/Screenshot-2023-10-02-at-21-15-11-Noves-de-lAlguer-1024x564.png\" alt=\"\"><\/a><\/td><\/tr><tr><td class=\"has-text-align-center\" data-align=\"center\">[ca] Intervista \u00ab<a href=\"https:\/\/www.youtube.com\/watch?v=MP-p-LOtzC0\" target=\"_blank\" rel=\"noreferrer noopener\">Con\u00e8ixer l&#8217;Alguer, con\u00e8ixer Sardenya<\/a>\u00bb, in Vilaweb (1\/10\/2021)<\/td><td class=\"has-text-align-center\" data-align=\"center\">[ca] <a href=\"https:\/\/www.radioarrels.cat\/noticia\/1860\/coneixer-les-llengues-de-sardenya-a-traves-dun-catala-a-la-televisio-italiana\" target=\"_blank\" rel=\"noreferrer noopener\">Intervista in R\u00e0dio Arrels<\/a> (27\/4\/2021)<\/td><td class=\"has-text-align-center\" data-align=\"center\">[ca] <a href=\"https:\/\/www.vilaweb.cat\/noticies\/noves-de-lalguer\/\" target=\"_blank\" rel=\"noreferrer noopener\">Art\u00ecculu de Pau Vidal in Vilaweb<\/a> (5\/2\/2021)<\/td><\/tr><tr><td class=\"has-text-align-center\" data-align=\"center\"><\/td><td class=\"has-text-align-center\" data-align=\"center\"><\/td><td class=\"has-text-align-center\" data-align=\"center\"><\/td><\/tr><tr><td class=\"has-text-align-center\" data-align=\"center\"><a href=\"https:\/\/www.diaridebarcelona.cat\/w\/adria-martin-estem-proces-global-desertificacio-linguistica\"><img decoding=\"async\" src=\"http:\/\/adriamusic.cat\/wp-content\/uploads\/2023\/10\/Screenshot-2023-10-02-at-21-18-10-Adria-Martin-Estem-en-un-proces-global-de-desertificacio-linguistica-1024x654.png\" alt=\"\"><\/a><\/td><td class=\"has-text-align-center\" data-align=\"center\"><a href=\"http:\/\/www.ccma.cat\/tv3\/alacarta\/planta-baixa\/26012021\/video\/6080793\/\"><img decoding=\"async\" src=\"http:\/\/adriamusic.cat\/wp-content\/uploads\/2023\/10\/Untitled-1_html_9101991fbb5fcac-1024x576.png\" alt=\"\"><\/a><\/td><td class=\"has-text-align-center\" data-align=\"center\"><a href=\"https:\/\/www.lanuovasardegna.it\/tempo-libero\/2021\/01\/24\/news\/ogros-e-cantzones-de-duas-terras-1.39817007\"><img decoding=\"async\" src=\"http:\/\/adriamusic.cat\/wp-content\/uploads\/2023\/10\/Untitled-1_html_62293b9f76aacd5e.png\" alt=\"\"><\/a><\/td><\/tr><tr><td class=\"has-text-align-center\" data-align=\"center\">[ca] <a href=\"https:\/\/www.diaridebarcelona.cat\/w\/adria-martin-estem-proces-global-desertificacio-linguistica\" target=\"_blank\" rel=\"noreferrer noopener\">Intervista in su <em>Diari de Barcelona<\/em><\/a> (4\/2\/2021)<\/td><td class=\"has-text-align-center\" data-align=\"center\">[ca] Intervista in su <a href=\"http:\/\/www.ccma.cat\/tv3\/alacarta\/planta-baixa\/26012021\/video\/6080793\/\">Planta Baixa<\/a>, TV3 [min. 42.52] (26\/1\/2021)<\/td><td class=\"has-text-align-center\" data-align=\"center\">[sc] <a href=\"https:\/\/www.lanuovasardegna.it\/tempo-libero\/2021\/01\/24\/news\/ogros-e-cantzones-de-duas-terras-1.39817007\" target=\"_blank\" rel=\"noreferrer noopener\">Intervista in <em>La Nuova Sardegna<\/em><\/a> (24\/1\/2021)<\/td><\/tr><tr><td class=\"has-text-align-center\" data-align=\"center\"><\/td><td class=\"has-text-align-center\" data-align=\"center\"><\/td><td class=\"has-text-align-center\" data-align=\"center\"><\/td><\/tr><tr><td class=\"has-text-align-center\" data-align=\"center\"><a href=\"http:\/\/adriamusic.cat\/index.php\/sc\/intervista-in-via-lliure-de-rac1-2\/\"><img decoding=\"async\" src=\"http:\/\/adriamusic.cat\/wp-content\/uploads\/2023\/10\/Untitled-1_html_b28304e474b97484-1024x566.png\" alt=\"\"><\/a><\/td><td class=\"has-text-align-center\" data-align=\"center\"><a href=\"https:\/\/www.elpuntavui.cat\/cultura\/article\/19-cultura\/1906298-el-foraster-sard.html\"><img decoding=\"async\" src=\"http:\/\/adriamusic.cat\/wp-content\/uploads\/2023\/10\/Untitled-1_html_58a9ccf63e824a24-1024x691.png\" alt=\"\"><\/a><\/td><td class=\"has-text-align-center\" data-align=\"center\"><img decoding=\"async\" src=\"http:\/\/adriamusic.cat\/wp-content\/uploads\/2021\/01\/photo_2021-01-24_22-36-57-1024x397.jpg\" alt=\"\"><\/td><\/tr><tr><td class=\"has-text-align-center\" data-align=\"center\">[ca] <a href=\"http:\/\/adriamusic.cat\/index.php\/sc\/intervista-in-via-lliure-de-rac1-2\/\" target=\"_blank\" rel=\"noreferrer noopener\">Intervista in su Via Lliure de RAC1<\/a> (17\/1\/2021)<\/td><td class=\"has-text-align-center\" data-align=\"center\">[ca] Art\u00ecculu de David Paloma in su <em><a href=\"https:\/\/www.elpuntavui.cat\/cultura\/article\/19-cultura\/1906298-el-foraster-sard.html\">El Punt Avui<\/a><\/em> (12\/1\/2021)<\/td><td class=\"has-text-align-center\" data-align=\"center\">[ca] El Punt Avui (12\/1\/2021)<\/td><\/tr><\/tbody><\/table><\/figure>\n\n\n\n<p>In formatu de elencu:<\/p>\n\n\n\n<p>\u2014 10\/2024. <a href=\"https:\/\/cms.firamediterrania.cat\/mediterrania\/ca\/premsa\/recull-de-premsa\/enderrock-368.pdf\">Finalista de su cuncursu Sons de la Mediterr\u00e0nia 2024<\/a> (in catalanu).<\/p>\n\n\n\n<p>\u2014 18\/10\/2024. \u00ab<a href=\"https:\/\/www.elcugatenc.cat\/noticia\/98073\/endavallada-38-musica-catalanosarda-amb-adria-mor\">M\u00fasica catalanosarda amb Adri\u00e0 Mor<\/a>\u00bb. Entrevista al p\u00f2dcast Endavallada, de El Cugatenc (in catalanu).<\/p>\n\n\n\n<p>\u2014 16\/10\/2024. \u00ab<a href=\"https:\/\/hemeroteca-paginas.lavanguardia.com\/LVE00\/2023\/01\/14\/1LC-20230114-43.pdf\">Arriba el primer RocktoberFest a Sant Cugat<\/a>\u00bb, Tot Sant Cugat (in catalanu).<\/p>\n\n\n\n<p>\u2014 25\/6\/2024. Discu de sa chida a <a href=\"https:\/\/www.enderrock.cat\/disc\/10541\/sardenya-california\">Enderrock<\/a> (in catalanu).<\/p>\n\n\n\n<p>\u2014 25\/6\/2024. Noa a <a href=\"https:\/\/algherolive.it\/2024\/06\/25\/adria-mor-su-cantautore-catalanu-publicat-traballu-nou-%C2%B7-beni-cun-me-est-su-de-duos-singulos-de-su-discu\/\">AlgheroLive<\/a> (sardu\/catalanu).<\/p>\n\n\n\n<p>\u2014 2\/6\/2024. Noa a <a href=\"https:\/\/salimbasarda.net\/non-bido-sora-su-singulu-nou-de-adria-mor\/\">Sa limba sarda<\/a> (in sardu).<\/p>\n\n\n\n<p>\u2014 4\/5\/2024. Intervista a <a href=\"https:\/\/www.nemesismagazine.it\/catalunya-sardigna-e-west-coast-viaggio-nel-mondo-di-adria-mor-abbiamo-il-diritto-di-esistere-con-le-nostre-lingue-e-le-nostre-culture-non-ci-rinunceremo\/\">Nemesis Magazine<\/a> (italianu).<\/p>\n\n\n\n<p>\u2014 29\/04\/2024. Noa a <a href=\"https:\/\/www.enderrock.cat\/noticia\/27941\/himne-antiracista-woody-guthrie-diada-sardenya\">Enderrock<\/a> (in catalanu).<\/p>\n\n\n\n<p>\u2014 27\/2\/2024. <a href=\"https:\/\/www.dbalears.cat\/cultura\/cultura\/2024\/04\/27\/392727\/video-himne-antiracista-les-llengues-sardenya-per-diada-sarda.html\">Noa a su giornale dBalears<\/a> (in catalanu).<\/p>\n\n\n\n<p>\u2014 24\/9\/2023. <a href=\"https:\/\/www.totsantcugat.cat\/opinio\/passavem-terra-lleugers_2187893102.html\">Art\u00ecculu de Ramon Piqu\u00e9 in su Tot Sant Cugat<\/a>.<\/p>\n\n\n\n<p>\u2014 25\/2\/2023. <a href=\"https:\/\/podtail.com\/en\/podcast\/mentrimentres\/m219-sergio-atzeni-amb-adria-martin\/\">Intervista (in catalanu)<\/a> in su podcast de literadura Mentrimentres in pitzus de sa tradutzione de <em>Passavamo sulla terra leggeri<\/em>.<\/p>\n\n\n\n<p>\u2014 15\/1\/2023. <a href=\"https:\/\/www.sardegna1.it\/tg\/tg-le-interviste\/tg-15-01-2023-intervista-adria-martin\/\">Intervista (in sardu)<\/a> in su TG de sa televisione Sardegna 1 in pitzus de sa tradutzione de <em>Passavamo sulla terra leggeri<\/em>.<\/p>\n\n\n\n<p>\u2014 14\/1\/2023. Cr\u00f2nica de Llucia Ramis in <a href=\"https:\/\/hemeroteca-paginas.lavanguardia.com\/LVE00\/2023\/01\/14\/1LC-20230114-43.pdf\">La Vanguardia<\/a> in pitzus de sa presentada de <em>Pass\u00e0vem per la terra lleugers<\/em> in La Central del Raval: \u00abLa complexitat d&#8217;una illa\u00bb (in catalanu).<\/p>\n\n\n\n<p>\u2014 28\/7\/2022. \u00ab<a href=\"https:\/\/www.lanuovasardegna.it\/oristano\/cronaca\/2022\/07\/28\/news\/oristano-guai-a-parlare-sardo-in-albergo-1.100060837\" target=\"_blank\" rel=\"noreferrer noopener\">Oristano, professore catalano arriva in albergo e parla in sardo ma alla reception gli impongono di usare l\u2019italiano<\/a>\u00bb. L\u2019Unione Sarda.<\/p>\n\n\n\n<p>\u2014 12\/7\/2022. \u00ab<a rel=\"noreferrer noopener\" href=\"https:\/\/www.videolina.it\/articolo\/tg\/2022\/07\/12\/lingua_sarda_e_tecnologia_un_assistente_vocale_in_limba-78-1167015.html\" target=\"_blank\">LINGUA SARDA E TECNOLOGIA: UN ASSISTENTE VOCALE IN \u201dLIMBA\u201d<\/a>\u00bb. Videolina.<\/p>\n\n\n\n<p>\u2014 4\/10\/2021. \u00abLa repressi\u00f3 contra l\u2019independentisme sard: L\u2019altra cara de la just\u00edcia italiana\u00bb. <a rel=\"noreferrer noopener\" href=\"https:\/\/www.vilaweb.cat\/noticies\/la-repressio-contra-lindependentisme-sard-laltra-cara-de-la-justicia-italiana\/\" target=\"_blank\">Art\u00ecculu in Vilaweb.<\/a><\/p>\n\n\n\n<p>\u2014 1\/10\/2021. Intervista in v\u00ecdeu pro s&#8217;ispetziale <a rel=\"noreferrer noopener\" href=\"https:\/\/www.youtube.com\/watch?v=MP-p-LOtzC0\" target=\"_blank\">\u00abConn\u00f2schere s&#8217;Alighera, conn\u00f2schere Sardigna\u00bb de Vilaweb<\/a>. <\/p>\n\n\n\n<p>\u2014 27\/04\/2021. \u00abConn\u00f2schere is l\u00ecnguas de Sardigna pro m\u00e8diu de unu catalanu in sa televisione italiana\u00bb. <a rel=\"noreferrer noopener\" href=\"https:\/\/www.radioarrels.cat\/noticia\/1860\/coneixer-les-llengues-de-sardenya-a-traves-dun-catala-a-la-televisio-italiana\" target=\"_blank\">Intervista in R\u00e0dio Arrels<\/a>.<\/p>\n\n\n\n<p>\u2014 05\/02\/2021. \u00abNoves de l&#8217;Alguer\u00bb. <a href=\"https:\/\/www.vilaweb.cat\/noticies\/noves-de-lalguer\/\" target=\"_blank\" rel=\"noreferrer noopener\">Art\u00ecculu de Pau Vidal in Vilaweb<\/a>.<\/p>\n\n\n\n<p>\u2014 04\/02\/2021. \u00abEstem en un proc\u00e9s global de desertificaci\u00f3 ling\u00fc\u00edstica\u00bb. <a rel=\"noreferrer noopener\" href=\"https:\/\/www.diaridebarcelona.cat\/w\/adria-martin-estem-proces-global-desertificacio-linguistica\" target=\"_blank\">Intervista de Alicia Salvatella pro su <em>Diari de Barcelona<\/em><\/a>.<\/p>\n\n\n\n<p>\u2014 26\/01\/2021. Intervista in Planta Baixa, TV3 [min. 42.52]<\/p>\n\n\n\n<iframe style=\"width:100%;max-width:100%;height:320px\" src=\"https:\/\/www.ccma.cat\/video\/embed\/6080793\/\" class=\"\" frameborder=\"0\" allowfullscreen><\/iframe>\n\n\n\n<p>\u2014 24\/01\/2021. \u00abOgros e cantzones de duas terras\u00bb. <a rel=\"noreferrer noopener\" href=\"https:\/\/www.lanuovasardegna.it\/tempo-libero\/2021\/01\/24\/news\/ogros-e-cantzones-de-duas-terras-1.39817007\" target=\"_blank\">Intervista de M\u00e0uru Piredda pro <em>La Nuova Sardegna<\/em><\/a>.<\/p>\n\n\n\n<p>\u2014 17\/01\/2021. <a href=\"http:\/\/adriamusic.cat\/index.php\/sc\/intervista-in-via-lliure-de-rac1-2\/\" target=\"_blank\" rel=\"noreferrer noopener\">Intervista in Via Lliure de RAC1<\/a>.<\/p>\n\n\n\n<figure class=\"wp-block-embed is-type-link is-provider-el-punt-avui wp-block-embed-el-punt-avui\"><div class=\"wp-block-embed__wrapper\">\n<a href=\"https:\/\/www.elpuntavui.cat\/cultura\/article\/19-cultura\/1906298-el-foraster-sard.html\">El Punt Avui<\/a>\n<\/div><figcaption class=\"wp-element-caption\">David Paloma (12.01.2021). El foraster sard. <em>El Punt Avui<\/em>. <a href=\"https:\/\/www.elpuntavui.cat\/cultura\/article\/19-cultura\/1906298-el-foraster-sard.html\" target=\"_blank\" rel=\"noreferrer noopener\">https:\/\/www.elpuntavui.cat\/cultura\/article\/19-cultura\/1906298-el-foraster-sard.html<\/a><\/figcaption><\/figure>\n\n\n\n<figure class=\"wp-block-image size-large\"><img loading=\"lazy\" decoding=\"async\" width=\"1024\" height=\"397\" src=\"http:\/\/adriamusic.cat\/wp-content\/uploads\/2021\/01\/photo_2021-01-24_22-36-57-1024x397.jpg\" alt=\"\" class=\"wp-image-691\" srcset=\"http:\/\/adriamusic.cat\/wp-content\/uploads\/2021\/01\/photo_2021-01-24_22-36-57-1024x397.jpg 1024w, http:\/\/adriamusic.cat\/wp-content\/uploads\/2021\/01\/photo_2021-01-24_22-36-57-300x116.jpg 300w, http:\/\/adriamusic.cat\/wp-content\/uploads\/2021\/01\/photo_2021-01-24_22-36-57-768x298.jpg 768w, http:\/\/adriamusic.cat\/wp-content\/uploads\/2021\/01\/photo_2021-01-24_22-36-57.jpg 1280w\" sizes=\"auto, (max-width: 767px) 89vw, (max-width: 1000px) 54vw, (max-width: 1071px) 543px, 580px\" \/><figcaption class=\"wp-element-caption\">El Punt Avui (12.01.2021)<\/figcaption><\/figure>\n","protected":false},"excerpt":{"rendered":"<p>In formatu de gr\u00ecllia: [ca] Finalista de su cuncursu Sons de la Mediterr\u00e0nia 2024 (10\/2024) [ca] Intervista in su podcast Endavallada, de El Cugatenc (18\/10\/2024) [ca] \u00abArriba el primer RocktoberFest a Sant Cugat\u00bb, Tot Sant Cugat (16\/10\/2024). [ca] Discu de sa chida a Enderrock (25\/6\/2024) [sc\/ca] Noa a AlgheroLive (25\/6\/2024) [sc] Noa a Sa limba &hellip; <\/p>\n<p class=\"link-more\"><a href=\"http:\/\/adriamusic.cat\/index.php\/sc\/in-is-media\/\" class=\"more-link\">Continua llegint <span class=\"screen-reader-text\">\u00abIn is m\u00e8dia\u00bb<\/span><\/a><\/p>\n","protected":false},"author":1,"featured_media":0,"parent":0,"menu_order":0,"comment_status":"closed","ping_status":"closed","template":"","meta":{"footnotes":""},"class_list":["post-690","page","type-page","status-publish","hentry"],"_links":{"self":[{"href":"http:\/\/adriamusic.cat\/index.php\/wp-json\/wp\/v2\/pages\/690","targetHints":{"allow":["GET"]}}],"collection":[{"href":"http:\/\/adriamusic.cat\/index.php\/wp-json\/wp\/v2\/pages"}],"about":[{"href":"http:\/\/adriamusic.cat\/index.php\/wp-json\/wp\/v2\/types\/page"}],"author":[{"embeddable":true,"href":"http:\/\/adriamusic.cat\/index.php\/wp-json\/wp\/v2\/users\/1"}],"replies":[{"embeddable":true,"href":"http:\/\/adriamusic.cat\/index.php\/wp-json\/wp\/v2\/comments?post=690"}],"version-history":[{"count":18,"href":"http:\/\/adriamusic.cat\/index.php\/wp-json\/wp\/v2\/pages\/690\/revisions"}],"predecessor-version":[{"id":1503,"href":"http:\/\/adriamusic.cat\/index.php\/wp-json\/wp\/v2\/pages\/690\/revisions\/1503"}],"wp:attachment":[{"href":"http:\/\/adriamusic.cat\/index.php\/wp-json\/wp\/v2\/media?parent=690"}],"curies":[{"name":"wp","href":"https:\/\/api.w.org\/{rel}","templated":true}]}}