{"id":668,"date":"2021-01-17T14:33:26","date_gmt":"2021-01-17T14:33:26","guid":{"rendered":"http:\/\/adriamusic.cat\/?p=668"},"modified":"2021-11-12T20:20:01","modified_gmt":"2021-11-12T20:20:01","slug":"entrevista-al-via-lliure-de-rac1","status":"publish","type":"page","link":"http:\/\/adriamusic.cat\/index.php\/bloc-beni-cun-me-rai3\/entrevista-al-via-lliure-de-rac1\/","title":{"rendered":"Entrevista al Via Lliure de Rac1"},"content":{"rendered":"\n<figure class=\"wp-block-pullquote\"><blockquote><p>\u00abPro me, Sardigna est unu casu etzetzionale de multilinguismu in su mediterr\u00e0neu; a bortas si narat chi est un&#8217;\u00ecsula dae foras per\u00f2 unu continente dae a intro\u00bb<\/p><\/blockquote><\/figure>\n\n\n\n<iframe style=\"width:100%;max-width:100%;height:320px\" src=\"https:\/\/api.audioteca.rac1.cat\/embed\/b6896eb4-147a-4c22-987d-53a8a3015631\" class=\"\" frameborder=\"0\"><\/iframe>\n\n\n\n<div class=\"wp-block-columns is-layout-flex wp-container-core-columns-is-layout-9d6595d7 wp-block-columns-is-layout-flex\">\n<div class=\"wp-block-column is-layout-flow wp-block-column-is-layout-flow\" style=\"flex-basis:50%\">\n<p>El programa Via Lliure de Rac1 s&#8217;ha interessat per la situaci\u00f3 ling\u00fc\u00edstica a Sardenya i m&#8217;ha fet aquesta entrevista. Han publicat tamb\u00e9 aquesta <a href=\"https:\/\/www.rac1.cat\/programes\/via-lliure\/20210117\/491615916423\/adria-martin-beni-cun-me-un-catala-a-la-rai.html\" target=\"_blank\" rel=\"noreferrer noopener\">entrada del bloc<\/a> i n&#8217;han fet difusi\u00f3 mitjan\u00e7ant les piulades que es recullen aqu\u00ed al costat.<\/p>\n<\/div>\n\n\n\n<div class=\"wp-block-column is-layout-flow wp-block-column-is-layout-flow\" style=\"flex-basis:50%\">\n<figure class=\"wp-block-embed is-type-rich is-provider-twitter wp-block-embed-twitter\"><div class=\"wp-block-embed__wrapper\">\n<blockquote class=\"twitter-tweet\" data-width=\"525\" data-dnt=\"true\"><p lang=\"ca\" dir=\"ltr\">\ud83d\udccc Sab\u00edeu que a Sardenya es parlen m\u00e9s de sis cinc lleng\u00fces diferents? Totes menys una, per\u00f2, estan en perill d&#39;extinci\u00f3.  <br><br>\ud83c\udf0f El professor de la <a href=\"https:\/\/twitter.com\/UABBarcelona?ref_src=twsrc%5Etfw\">@UABBarcelona<\/a> Adri\u00e0 Mart\u00edn presenta un programa a la RAI sobre elles i ens l&#39;ha explicat al <a href=\"https:\/\/twitter.com\/vialliure?ref_src=twsrc%5Etfw\">@vialliure<\/a>!<a href=\"https:\/\/t.co\/vh7GJ2M6ne\">https:\/\/t.co\/vh7GJ2M6ne<\/a><\/p>&mdash; Via Lliure RAC1 (@vialliure) <a href=\"https:\/\/twitter.com\/vialliure\/status\/1350782537224884225?ref_src=twsrc%5Etfw\">January 17, 2021<\/a><\/blockquote><script async src=\"https:\/\/platform.twitter.com\/widgets.js\" charset=\"utf-8\"><\/script>\n<\/div><\/figure>\n\n\n\n<figure class=\"wp-block-embed is-type-rich is-provider-twitter wp-block-embed-twitter\"><div class=\"wp-block-embed__wrapper\">\n<blockquote class=\"twitter-tweet\" data-width=\"525\" data-dnt=\"true\"><p lang=\"ca\" dir=\"ltr\">\ud83c\udfa7 Un disc en varies lleng\u00fces dels Pa\u00efsos Catalans, &#39;Lo somr\u00eds de la magrana&#39; d&#39;Adri\u00e0 Mart\u00edn. <br><br>\u27a1\ufe0fEl podeu descarregar o fer-hi aportacions a: <br><br>&#8211; el web <a href=\"https:\/\/t.co\/BGWUz7YdFa\">https:\/\/t.co\/BGWUz7YdFa<\/a><br>&#8211; el canal de Telegram <a href=\"https:\/\/t.co\/GauXZx09jR\">https:\/\/t.co\/GauXZx09jR<\/a><\/p>&mdash; Via Lliure RAC1 (@vialliure) <a href=\"https:\/\/twitter.com\/vialliure\/status\/1350758513803317249?ref_src=twsrc%5Etfw\">January 17, 2021<\/a><\/blockquote><script async src=\"https:\/\/platform.twitter.com\/widgets.js\" charset=\"utf-8\"><\/script>\n<\/div><\/figure>\n\n\n\n<figure class=\"wp-block-embed is-type-rich is-provider-twitter wp-block-embed-twitter\"><div class=\"wp-block-embed__wrapper\">\n<blockquote class=\"twitter-tweet\" data-width=\"525\" data-dnt=\"true\"><p lang=\"ca\" dir=\"ltr\">\ud83d\udcfa \ud83c\uddee\ud83c\uddf9 Sab\u00edeu que hi ha un catal\u00e0 que presenta un programa a la televisi\u00f3 italiana sobre lleng\u00fces?<br><br>\ud83d\udc68\u200d\ud83c\udfeb Ell \u00e9s l&#39;Adri\u00e0 Mart\u00edn, un professor universitari de l&#39;UAB. Xerrem amb ell!<br><br>\ud83d\udcfb\ud83d\udd34 <a href=\"https:\/\/t.co\/jIMz4Nib1e\">https:\/\/t.co\/jIMz4Nib1e<\/a> <a href=\"https:\/\/t.co\/TvpHJ1aC1W\">pic.twitter.com\/TvpHJ1aC1W<\/a><\/p>&mdash; Via Lliure RAC1 (@vialliure) <a href=\"https:\/\/twitter.com\/vialliure\/status\/1350756839110148096?ref_src=twsrc%5Etfw\">January 17, 2021<\/a><\/blockquote><script async src=\"https:\/\/platform.twitter.com\/widgets.js\" charset=\"utf-8\"><\/script>\n<\/div><\/figure>\n\n\n\n<p><\/p>\n<\/div>\n<\/div>\n","protected":false},"excerpt":{"rendered":"<p>\u00abPro me, Sardigna est unu casu etzetzionale de multilinguismu in su mediterr\u00e0neu; a bortas si narat chi est un&#8217;\u00ecsula dae foras per\u00f2 unu continente dae a intro\u00bb El programa Via Lliure de Rac1 s&#8217;ha interessat per la situaci\u00f3 ling\u00fc\u00edstica a Sardenya i m&#8217;ha fet aquesta entrevista. Han publicat tamb\u00e9 aquesta entrada del bloc i n&#8217;han &hellip; <\/p>\n<p class=\"link-more\"><a href=\"http:\/\/adriamusic.cat\/index.php\/bloc-beni-cun-me-rai3\/entrevista-al-via-lliure-de-rac1\/\" class=\"more-link\">Continua llegint <span class=\"screen-reader-text\">\u00abEntrevista al Via Lliure de Rac1\u00bb<\/span><\/a><\/p>\n","protected":false},"author":1,"featured_media":0,"parent":491,"menu_order":0,"comment_status":"closed","ping_status":"closed","template":"","meta":{"footnotes":""},"class_list":["post-668","page","type-page","status-publish","hentry"],"_links":{"self":[{"href":"http:\/\/adriamusic.cat\/index.php\/wp-json\/wp\/v2\/pages\/668","targetHints":{"allow":["GET"]}}],"collection":[{"href":"http:\/\/adriamusic.cat\/index.php\/wp-json\/wp\/v2\/pages"}],"about":[{"href":"http:\/\/adriamusic.cat\/index.php\/wp-json\/wp\/v2\/types\/page"}],"author":[{"embeddable":true,"href":"http:\/\/adriamusic.cat\/index.php\/wp-json\/wp\/v2\/users\/1"}],"replies":[{"embeddable":true,"href":"http:\/\/adriamusic.cat\/index.php\/wp-json\/wp\/v2\/comments?post=668"}],"version-history":[{"count":13,"href":"http:\/\/adriamusic.cat\/index.php\/wp-json\/wp\/v2\/pages\/668\/revisions"}],"predecessor-version":[{"id":976,"href":"http:\/\/adriamusic.cat\/index.php\/wp-json\/wp\/v2\/pages\/668\/revisions\/976"}],"up":[{"embeddable":true,"href":"http:\/\/adriamusic.cat\/index.php\/wp-json\/wp\/v2\/pages\/491"}],"wp:attachment":[{"href":"http:\/\/adriamusic.cat\/index.php\/wp-json\/wp\/v2\/media?parent=668"}],"curies":[{"name":"wp","href":"https:\/\/api.w.org\/{rel}","templated":true}]}}