{"id":547,"date":"2021-02-01T10:46:15","date_gmt":"2021-02-01T10:46:15","guid":{"rendered":"http:\/\/adriamusic.cat\/?p=547"},"modified":"2021-11-12T20:20:01","modified_gmt":"2021-11-12T20:20:01","slug":"capitol-5-gallura-31-1-2021","status":"publish","type":"page","link":"http:\/\/adriamusic.cat\/index.php\/bloc-beni-cun-me-rai3\/capitol-5-gallura-31-1-2021\/","title":{"rendered":"Cap\u00edtol 5: Gal\u00b7lura (31\/1\/2021)"},"content":{"rendered":"\n<p><strong>Llengua: gal\u00b7lur\u00e8s (fam\u00edlia de les lleng\u00fces sardocorses)<\/strong><\/p>\n\n\n\n<figure class=\"wp-block-gallery columns-3 is-cropped wp-block-gallery-1 is-layout-flex wp-block-gallery-is-layout-flex\"><ul class=\"blocks-gallery-grid\"><li class=\"blocks-gallery-item\"><figure><img loading=\"lazy\" decoding=\"async\" width=\"1024\" height=\"640\" src=\"http:\/\/adriamusic.cat\/wp-content\/uploads\/2021\/02\/143207760_1701036410076990_2985252022428976026_o-1024x640.jpeg\" alt=\"\" data-id=\"705\" data-full-url=\"http:\/\/adriamusic.cat\/wp-content\/uploads\/2021\/02\/143207760_1701036410076990_2985252022428976026_o.jpeg\" data-link=\"http:\/\/adriamusic.cat\/?attachment_id=705\" class=\"wp-image-705\" srcset=\"http:\/\/adriamusic.cat\/wp-content\/uploads\/2021\/02\/143207760_1701036410076990_2985252022428976026_o-1024x640.jpeg 1024w, http:\/\/adriamusic.cat\/wp-content\/uploads\/2021\/02\/143207760_1701036410076990_2985252022428976026_o-300x188.jpeg 300w, http:\/\/adriamusic.cat\/wp-content\/uploads\/2021\/02\/143207760_1701036410076990_2985252022428976026_o-768x480.jpeg 768w, http:\/\/adriamusic.cat\/wp-content\/uploads\/2021\/02\/143207760_1701036410076990_2985252022428976026_o.jpeg 1280w\" sizes=\"auto, (max-width: 767px) 89vw, (max-width: 1000px) 54vw, (max-width: 1071px) 543px, 580px\" \/><figcaption class=\"blocks-gallery-item__caption\">Locusantu<\/figcaption><\/figure><\/li><li class=\"blocks-gallery-item\"><figure><img loading=\"lazy\" decoding=\"async\" width=\"1024\" height=\"640\" src=\"http:\/\/adriamusic.cat\/wp-content\/uploads\/2021\/02\/143393116_1701036390076992_5932506746374769825_o-1024x640.jpeg\" alt=\"\" data-id=\"706\" data-full-url=\"http:\/\/adriamusic.cat\/wp-content\/uploads\/2021\/02\/143393116_1701036390076992_5932506746374769825_o.jpeg\" data-link=\"http:\/\/adriamusic.cat\/?attachment_id=706\" class=\"wp-image-706\" srcset=\"http:\/\/adriamusic.cat\/wp-content\/uploads\/2021\/02\/143393116_1701036390076992_5932506746374769825_o-1024x640.jpeg 1024w, http:\/\/adriamusic.cat\/wp-content\/uploads\/2021\/02\/143393116_1701036390076992_5932506746374769825_o-300x188.jpeg 300w, http:\/\/adriamusic.cat\/wp-content\/uploads\/2021\/02\/143393116_1701036390076992_5932506746374769825_o-768x480.jpeg 768w, http:\/\/adriamusic.cat\/wp-content\/uploads\/2021\/02\/143393116_1701036390076992_5932506746374769825_o.jpeg 1280w\" sizes=\"auto, (max-width: 767px) 89vw, (max-width: 1000px) 54vw, (max-width: 1071px) 543px, 580px\" \/><figcaption class=\"blocks-gallery-item__caption\">Gal\u00b7lura<\/figcaption><\/figure><\/li><li class=\"blocks-gallery-item\"><figure><img loading=\"lazy\" decoding=\"async\" width=\"1024\" height=\"640\" src=\"http:\/\/adriamusic.cat\/wp-content\/uploads\/2021\/02\/143825330_1701036406743657_4471523617319927718_o-1024x640.jpeg\" alt=\"\" data-id=\"707\" data-full-url=\"http:\/\/adriamusic.cat\/wp-content\/uploads\/2021\/02\/143825330_1701036406743657_4471523617319927718_o.jpeg\" data-link=\"http:\/\/adriamusic.cat\/?attachment_id=707\" class=\"wp-image-707\" srcset=\"http:\/\/adriamusic.cat\/wp-content\/uploads\/2021\/02\/143825330_1701036406743657_4471523617319927718_o-1024x640.jpeg 1024w, http:\/\/adriamusic.cat\/wp-content\/uploads\/2021\/02\/143825330_1701036406743657_4471523617319927718_o-300x188.jpeg 300w, http:\/\/adriamusic.cat\/wp-content\/uploads\/2021\/02\/143825330_1701036406743657_4471523617319927718_o-768x480.jpeg 768w, http:\/\/adriamusic.cat\/wp-content\/uploads\/2021\/02\/143825330_1701036406743657_4471523617319927718_o.jpeg 1280w\" sizes=\"auto, (max-width: 767px) 89vw, (max-width: 1000px) 54vw, (max-width: 1071px) 543px, 580px\" \/><figcaption class=\"blocks-gallery-item__caption\">Vidda Ecchja<\/figcaption><\/figure><\/li><\/ul><\/figure>\n\n\n\n<p>Aquest cop \u00e9s l&#8217;amic Agostinu Peru, gal\u00b7lur\u00e8s de Vidda Ecchja (en itali\u00e0 i oficialment Viddalba), qui ens acompanya a la descoberta dels paisatges verds de la Gal\u00b7lura, la part m\u00e9s septentrional de l&#8217;illa. <\/p>\n\n\n\n<p>La Gal\u00b7lura \u00e9s, malgrat el que pugui semblar als mapes, una zona immensa de muntanyes i <em>stazzi<\/em>, les cases tradicionals. Tamb\u00e9 \u00e9s coneguda per les seves platges, sobretot les de la Costa Smeralda, refugi de multimilionaris a l&#8217;estiu. El cantautor Fabrizio de Andr\u00e8 (genov\u00e8s d&#8217;origen, sard d&#8217;adopci\u00f3) va decidir establir-se a la Gal\u00b7lura, prop de la capital (T\u00e8mpiu), i hi va dedicar can\u00e7ons en gal\u00b7lur\u00e8s com \u00abMonti di Mola\u00bb (el nom tradicional de la Costa Smeralda) i \u00abZirichiltaggia\u00bb (&#8216;sargantana&#8217;). De T\u00e8mpiu tamb\u00e9 era el poeta Gavinu Pes del segle XVIII, de qui la cantant Daniela Pes n&#8217;ha musicat alguns poemes escrits en gal\u00b7lur\u00e8s.<\/p>\n\n\n\n<p>Despr\u00e9s de fer nit a casa de l&#8217;Agostino, marxem cap a Locusantu (Logusantu en sard; en itali\u00e0 i oficialment Luogosanto), on farem un tomb pel mercat setmanal al carrer. Despr\u00e9s, l&#8217;activista i investigador Riccardo Mura ens fa una visita de la biblioteca municipal que gestiona.<\/p>\n\n\n\n<p><em>Ci vidimu<\/em>!<\/p>\n","protected":false},"excerpt":{"rendered":"<p>Llengua: gal\u00b7lur\u00e8s (fam\u00edlia de les lleng\u00fces sardocorses) Aquest cop \u00e9s l&#8217;amic Agostinu Peru, gal\u00b7lur\u00e8s de Vidda Ecchja (en itali\u00e0 i oficialment Viddalba), qui ens acompanya a la descoberta dels paisatges verds de la Gal\u00b7lura, la part m\u00e9s septentrional de l&#8217;illa. La Gal\u00b7lura \u00e9s, malgrat el que pugui semblar als mapes, una zona immensa de muntanyes &hellip; <\/p>\n<p class=\"link-more\"><a href=\"http:\/\/adriamusic.cat\/index.php\/bloc-beni-cun-me-rai3\/capitol-5-gallura-31-1-2021\/\" class=\"more-link\">Continua llegint <span class=\"screen-reader-text\">\u00abCap\u00edtol 5: Gal\u00b7lura (31\/1\/2021)\u00bb<\/span><\/a><\/p>\n","protected":false},"author":1,"featured_media":0,"parent":491,"menu_order":0,"comment_status":"closed","ping_status":"closed","template":"","meta":{"footnotes":""},"class_list":["post-547","page","type-page","status-publish","hentry"],"_links":{"self":[{"href":"http:\/\/adriamusic.cat\/index.php\/wp-json\/wp\/v2\/pages\/547","targetHints":{"allow":["GET"]}}],"collection":[{"href":"http:\/\/adriamusic.cat\/index.php\/wp-json\/wp\/v2\/pages"}],"about":[{"href":"http:\/\/adriamusic.cat\/index.php\/wp-json\/wp\/v2\/types\/page"}],"author":[{"embeddable":true,"href":"http:\/\/adriamusic.cat\/index.php\/wp-json\/wp\/v2\/users\/1"}],"replies":[{"embeddable":true,"href":"http:\/\/adriamusic.cat\/index.php\/wp-json\/wp\/v2\/comments?post=547"}],"version-history":[{"count":7,"href":"http:\/\/adriamusic.cat\/index.php\/wp-json\/wp\/v2\/pages\/547\/revisions"}],"predecessor-version":[{"id":708,"href":"http:\/\/adriamusic.cat\/index.php\/wp-json\/wp\/v2\/pages\/547\/revisions\/708"}],"up":[{"embeddable":true,"href":"http:\/\/adriamusic.cat\/index.php\/wp-json\/wp\/v2\/pages\/491"}],"wp:attachment":[{"href":"http:\/\/adriamusic.cat\/index.php\/wp-json\/wp\/v2\/media?parent=547"}],"curies":[{"name":"wp","href":"https:\/\/api.w.org\/{rel}","templated":true}]}}