{"id":544,"date":"2021-01-24T21:34:37","date_gmt":"2021-01-24T21:34:37","guid":{"rendered":"http:\/\/adriamusic.cat\/?p=544"},"modified":"2021-11-12T20:20:00","modified_gmt":"2021-11-12T20:20:00","slug":"capitol-4-sasser-24-1-2021","status":"publish","type":"page","link":"http:\/\/adriamusic.cat\/index.php\/bloc-beni-cun-me-rai3\/capitol-4-sasser-24-1-2021\/","title":{"rendered":"Cap\u00edtol 4: S\u00e0sser (24\/1\/2021)"},"content":{"rendered":"\n<p><strong>Llengua: sasser\u00e8s o turrit\u00e0 (fam\u00edlia de lleng\u00fces sardocorses)<\/strong><\/p>\n\n\n\n<figure class=\"wp-block-gallery columns-3 is-cropped wp-block-gallery-1 is-layout-flex wp-block-gallery-is-layout-flex\"><ul class=\"blocks-gallery-grid\"><li class=\"blocks-gallery-item\"><figure><img loading=\"lazy\" decoding=\"async\" width=\"1024\" height=\"640\" src=\"http:\/\/adriamusic.cat\/wp-content\/uploads\/2021\/01\/140660608_1695930913920873_556617522676326636_o-1024x640.jpeg\" alt=\"\" data-id=\"685\" data-full-url=\"http:\/\/adriamusic.cat\/wp-content\/uploads\/2021\/01\/140660608_1695930913920873_556617522676326636_o.jpeg\" data-link=\"http:\/\/adriamusic.cat\/?attachment_id=685\" class=\"wp-image-685\" srcset=\"http:\/\/adriamusic.cat\/wp-content\/uploads\/2021\/01\/140660608_1695930913920873_556617522676326636_o-1024x640.jpeg 1024w, http:\/\/adriamusic.cat\/wp-content\/uploads\/2021\/01\/140660608_1695930913920873_556617522676326636_o-300x188.jpeg 300w, http:\/\/adriamusic.cat\/wp-content\/uploads\/2021\/01\/140660608_1695930913920873_556617522676326636_o-768x480.jpeg 768w, http:\/\/adriamusic.cat\/wp-content\/uploads\/2021\/01\/140660608_1695930913920873_556617522676326636_o-1536x960.jpeg 1536w, http:\/\/adriamusic.cat\/wp-content\/uploads\/2021\/01\/140660608_1695930913920873_556617522676326636_o.jpeg 2048w\" sizes=\"auto, (max-width: 767px) 89vw, (max-width: 1000px) 54vw, (max-width: 1071px) 543px, 580px\" \/><figcaption class=\"blocks-gallery-item__caption\">Amb Maria Barca<\/figcaption><\/figure><\/li><li class=\"blocks-gallery-item\"><figure><img loading=\"lazy\" decoding=\"async\" width=\"1024\" height=\"640\" src=\"http:\/\/adriamusic.cat\/wp-content\/uploads\/2021\/01\/141192442_1695930833920881_5872363730090166_o-1024x640.jpeg\" alt=\"\" data-id=\"686\" data-full-url=\"http:\/\/adriamusic.cat\/wp-content\/uploads\/2021\/01\/141192442_1695930833920881_5872363730090166_o.jpeg\" data-link=\"http:\/\/adriamusic.cat\/?attachment_id=686\" class=\"wp-image-686\" srcset=\"http:\/\/adriamusic.cat\/wp-content\/uploads\/2021\/01\/141192442_1695930833920881_5872363730090166_o-1024x640.jpeg 1024w, http:\/\/adriamusic.cat\/wp-content\/uploads\/2021\/01\/141192442_1695930833920881_5872363730090166_o-300x188.jpeg 300w, http:\/\/adriamusic.cat\/wp-content\/uploads\/2021\/01\/141192442_1695930833920881_5872363730090166_o-768x480.jpeg 768w, http:\/\/adriamusic.cat\/wp-content\/uploads\/2021\/01\/141192442_1695930833920881_5872363730090166_o-1536x960.jpeg 1536w, http:\/\/adriamusic.cat\/wp-content\/uploads\/2021\/01\/141192442_1695930833920881_5872363730090166_o.jpeg 2048w\" sizes=\"auto, (max-width: 767px) 89vw, (max-width: 1000px) 54vw, (max-width: 1071px) 543px, 580px\" \/><figcaption class=\"blocks-gallery-item__caption\">T\u00e0tari<\/figcaption><\/figure><\/li><li class=\"blocks-gallery-item\"><figure><img loading=\"lazy\" decoding=\"async\" width=\"1024\" height=\"640\" src=\"http:\/\/adriamusic.cat\/wp-content\/uploads\/2021\/01\/140583072_1695930187254279_7304314221719064523_o-1024x640.jpeg\" alt=\"\" data-id=\"687\" data-full-url=\"http:\/\/adriamusic.cat\/wp-content\/uploads\/2021\/01\/140583072_1695930187254279_7304314221719064523_o.jpeg\" data-link=\"http:\/\/adriamusic.cat\/?attachment_id=687\" class=\"wp-image-687\" srcset=\"http:\/\/adriamusic.cat\/wp-content\/uploads\/2021\/01\/140583072_1695930187254279_7304314221719064523_o-1024x640.jpeg 1024w, http:\/\/adriamusic.cat\/wp-content\/uploads\/2021\/01\/140583072_1695930187254279_7304314221719064523_o-300x188.jpeg 300w, http:\/\/adriamusic.cat\/wp-content\/uploads\/2021\/01\/140583072_1695930187254279_7304314221719064523_o-768x480.jpeg 768w, http:\/\/adriamusic.cat\/wp-content\/uploads\/2021\/01\/140583072_1695930187254279_7304314221719064523_o-1536x960.jpeg 1536w, http:\/\/adriamusic.cat\/wp-content\/uploads\/2021\/01\/140583072_1695930187254279_7304314221719064523_o.jpeg 2048w\" sizes=\"auto, (max-width: 767px) 89vw, (max-width: 1000px) 54vw, (max-width: 1071px) 543px, 580px\" \/><figcaption class=\"blocks-gallery-item__caption\">Amb Futta<\/figcaption><\/figure><\/li><\/ul><\/figure>\n\n\n\n<p>El viatge continua cap a S\u00e0sser, la capital del nord i un dels municipis m\u00e9s grans de tot l&#8217;Estat itali\u00e0 per extensi\u00f3 en quil\u00f2metres quadrats. S\u00e0sser (en sasser\u00e8s, S\u00e0ssari; en sard, T\u00e0tari) t\u00e9 una situaci\u00f3 ling\u00fc\u00edstica complexa: a la ciutat han conviscut tradicionalment el sasser\u00e8s (una llengua de transici\u00f3 sardocorsa) i el sard, abans que el monoling\u00fcisme itali\u00e0 es fes omnipresent. El sasser\u00e8s es parla a gaireb\u00e9 tota la prov\u00edncia de S\u00e0sser (amb l&#8217;excepci\u00f3 de l&#8217;Alguer), que inclou entre altres Isthintini (nom oficial: Stintino) i Posthud\u00f2rra (Porto Torres). Per aquest motiu, el sasser\u00e8s tamb\u00e9 es coneix amb el nom de <em>turrit\u00e0<\/em>.<\/p>\n\n\n\n<p>Arribem a l&#8217;hora de dinar, just a temps per tastar la gastronomia de la ciutat d&#8217;acord amb els consells del nostre amfitri\u00f3: <a href=\"https:\/\/futta.bandcamp.com\/\" data-type=\"URL\" data-id=\"https:\/\/futta.bandcamp.com\/\" target=\"_blank\" rel=\"noreferrer noopener\">Futta<\/a> \u00e9s un jove que canta en sasser\u00e8s can\u00e7ons plenes de comprom\u00eds i de transformaci\u00f3. Ens aclareix que, quan parla amb els seus companys corsos (amb qui ha format el grup <a href=\"https:\/\/bandcamp.com\/tag\/isulana-familia?artist=1116200881\" target=\"_blank\" rel=\"noreferrer noopener\">Isulana familia<\/a>), ho fa en sasser\u00e8s, i que la intercomprensi\u00f3 \u00e9s total.<\/p>\n\n\n\n<p>A Sardenya, la gent de S\u00e0sser \u00e9s coneguda pel seu bon humor i les seves can\u00e7ons de festa. El periodista de l&#8217;Unione Sarda i escriptor sasser\u00e8s Celestino Tabasso \u2014autor de la guia tur\u00edstica m\u00e9s divertida de Sardenya, <em>Forse non fa &#8211; Dieci errori da evitare a Cagliari<\/em>\u2014 ens explica, amb molt d&#8217;humor, quina part de la hist\u00f2ria \u00e9s certa en la suposada rivalitat entre les ciutats de C\u00e0ller i S\u00e0sser.<\/p>\n\n\n\n<p>Per acabar, la <a rel=\"noreferrer noopener\" href=\"https:\/\/sc.wikipedia.org\/wiki\/Maria_Barca\" target=\"_blank\">Maria Barca<\/a> \u2014periodista i portaveu del Moviment dels Pastors Sards\u2014 comparteix la seva experi\u00e8ncia com a sard\u00f2fona que viu a S\u00e0sser, i ens fornir\u00e0 claus per a entendre per on passa el futur del multiling\u00fcisme a Sardenya.<\/p>\n\n\n\n<p><em>A videzzi<\/em>!<\/p>\n","protected":false},"excerpt":{"rendered":"<p>Llengua: sasser\u00e8s o turrit\u00e0 (fam\u00edlia de lleng\u00fces sardocorses) El viatge continua cap a S\u00e0sser, la capital del nord i un dels municipis m\u00e9s grans de tot l&#8217;Estat itali\u00e0 per extensi\u00f3 en quil\u00f2metres quadrats. S\u00e0sser (en sasser\u00e8s, S\u00e0ssari; en sard, T\u00e0tari) t\u00e9 una situaci\u00f3 ling\u00fc\u00edstica complexa: a la ciutat han conviscut tradicionalment el sasser\u00e8s (una llengua &hellip; <\/p>\n<p class=\"link-more\"><a href=\"http:\/\/adriamusic.cat\/index.php\/bloc-beni-cun-me-rai3\/capitol-4-sasser-24-1-2021\/\" class=\"more-link\">Continua llegint <span class=\"screen-reader-text\">\u00abCap\u00edtol 4: S\u00e0sser (24\/1\/2021)\u00bb<\/span><\/a><\/p>\n","protected":false},"author":1,"featured_media":0,"parent":491,"menu_order":0,"comment_status":"closed","ping_status":"closed","template":"","meta":{"footnotes":""},"class_list":["post-544","page","type-page","status-publish","hentry"],"_links":{"self":[{"href":"http:\/\/adriamusic.cat\/index.php\/wp-json\/wp\/v2\/pages\/544","targetHints":{"allow":["GET"]}}],"collection":[{"href":"http:\/\/adriamusic.cat\/index.php\/wp-json\/wp\/v2\/pages"}],"about":[{"href":"http:\/\/adriamusic.cat\/index.php\/wp-json\/wp\/v2\/types\/page"}],"author":[{"embeddable":true,"href":"http:\/\/adriamusic.cat\/index.php\/wp-json\/wp\/v2\/users\/1"}],"replies":[{"embeddable":true,"href":"http:\/\/adriamusic.cat\/index.php\/wp-json\/wp\/v2\/comments?post=544"}],"version-history":[{"count":9,"href":"http:\/\/adriamusic.cat\/index.php\/wp-json\/wp\/v2\/pages\/544\/revisions"}],"predecessor-version":[{"id":689,"href":"http:\/\/adriamusic.cat\/index.php\/wp-json\/wp\/v2\/pages\/544\/revisions\/689"}],"up":[{"embeddable":true,"href":"http:\/\/adriamusic.cat\/index.php\/wp-json\/wp\/v2\/pages\/491"}],"wp:attachment":[{"href":"http:\/\/adriamusic.cat\/index.php\/wp-json\/wp\/v2\/media?parent=544"}],"curies":[{"name":"wp","href":"https:\/\/api.w.org\/{rel}","templated":true}]}}