{"id":513,"date":"2021-01-04T15:15:03","date_gmt":"2021-01-04T15:15:03","guid":{"rendered":"http:\/\/adriamusic.cat\/?page_id=513"},"modified":"2025-12-31T09:43:17","modified_gmt":"2025-12-31T09:43:17","slug":"blog-beni-cun-me-trasmissione-tv-rai3","status":"publish","type":"page","link":"http:\/\/adriamusic.cat\/index.php\/sc\/blog-beni-cun-me-trasmissione-tv-rai3\/","title":{"rendered":"TV: &#8216;Beni cun me!&#8217; (RAI3)"},"content":{"rendered":"\n<div class=\"wp-block-buttons is-content-justification-center is-layout-flex wp-container-core-buttons-is-layout-16018d1d wp-block-buttons-is-layout-flex\">\n<div class=\"wp-block-button\"><a class=\"wp-block-button__link has-black-color has-light-green-cyan-background-color has-text-color has-background has-text-align-center wp-element-button\" href=\"https:\/\/www.raiplay.it\/programmi\/raisardegna-raisardigna\/programmi\/beni-cun-me\" target=\"_blank\" rel=\"noreferrer noopener\"><em>Beni cun me<\/em> est a disponimentu in RaiPlay. C\u00e0stia\u00b7dda inoghe!<\/a><\/div>\n<\/div>\n\n\n<div class=\"wp-block-image is-style-rounded\">\n<figure class=\"aligncenter size-large\"><img loading=\"lazy\" decoding=\"async\" width=\"1200\" height=\"675\" src=\"http:\/\/adriamusic.cat\/wp-content\/uploads\/2021\/01\/imatge-1-edited.png\" alt=\"\" class=\"wp-image-503\" srcset=\"http:\/\/adriamusic.cat\/wp-content\/uploads\/2021\/01\/imatge-1-edited.png 1200w, http:\/\/adriamusic.cat\/wp-content\/uploads\/2021\/01\/imatge-1-edited-300x169.png 300w, http:\/\/adriamusic.cat\/wp-content\/uploads\/2021\/01\/imatge-1-edited-1024x576.png 1024w, http:\/\/adriamusic.cat\/wp-content\/uploads\/2021\/01\/imatge-1-edited-768x432.png 768w\" sizes=\"auto, (max-width: 767px) 89vw, (max-width: 1000px) 54vw, (max-width: 1071px) 543px, 580px\" \/><figcaption class=\"wp-element-caption\"><em>Beni cun me<\/em>, 2021 (RAI\/Terra de Punt)<\/figcaption><\/figure>\n<\/div>\n\n\n<h2 class=\"wp-block-heading\">Una trasmissione TV a subra de is l\u00ecnguas in per\u00ecgulu de Sardigna<\/h2>\n\n\n<div class=\"wp-block-image\">\n<figure class=\"alignleft size-large is-resized\"><a href=\"https:\/\/www.facebook.com\/webtvdesaslimbasdesardigna\/videos\/231723468463924\/\" target=\"_blank\" rel=\"noopener\"><img loading=\"lazy\" decoding=\"async\" width=\"1015\" height=\"571\" src=\"http:\/\/adriamusic.cat\/wp-content\/uploads\/2021\/01\/imatge-2.png\" alt=\"\" class=\"wp-image-529\" style=\"width:223px;height:125px\" srcset=\"http:\/\/adriamusic.cat\/wp-content\/uploads\/2021\/01\/imatge-2.png 1015w, http:\/\/adriamusic.cat\/wp-content\/uploads\/2021\/01\/imatge-2-300x169.png 300w, http:\/\/adriamusic.cat\/wp-content\/uploads\/2021\/01\/imatge-2-768x432.png 768w\" sizes=\"auto, (max-width: 767px) 89vw, (max-width: 1000px) 54vw, (max-width: 1071px) 543px, 580px\" \/><\/a><figcaption class=\"wp-element-caption\"><a href=\"https:\/\/www.facebook.com\/webtvdesaslimbasdesardigna\/videos\/231723468463924\/\" target=\"_blank\" rel=\"noreferrer noopener\">Trailer<\/a><\/figcaption><\/figure>\n<\/div>\n\n\n<p><em>Adri\u00e0 &#8211; Beni cun me<\/em> est unu programma a subra de s&#8217;immensu patrim\u00f2niu lingu\u00ecsticu e culturale de Sardigna, e in s&#8217;ispetz\u00ecficu a subra de is l\u00ecnguas pr\u00f2pias de s&#8217;\u00ecsula, totus in per\u00ecgulu d&#8217;estintzione segundu s&#8217;Unesco. Su trailer est <a href=\"https:\/\/www.facebook.com\/webtvdesaslimbasdesardigna\/videos\/231723468463924\/\" target=\"_blank\" rel=\"noreferrer noopener\">inoghe<\/a>, e sa colunna sonora est fata dae is cantzones mias (publicadas in is CD <em><a href=\"http:\/\/adriamusic.cat\/index.php\/sc\/lo-somris-de-la-magrana-sc\/\">Lo somr\u00eds de la magrana<\/a><\/em> e <em><a href=\"http:\/\/adriamusic.cat\/index.php\/sc\/de-sardenya-a-california-2\/\">De Sardenya a Calif\u00f2rnia<\/a><\/em>).<\/p>\n\n\n\n<p id=\"block-42a3a510-5ce8-4370-9fe0-3ae445799683\">Registradu in s&#8217;istade de su 2019, amus fatu Sardigna in furgone, in chirca de persones e e eventos acapiados a is l\u00ecnguas aut\u00f2ctonas: s&#8217;aligheresu (su catalanu de s&#8217;Alighera), su sardu, su l\u00ecgure (tabarchinu), su turritanu (tataresu) e su gadduresu. Intre is invitados de sa trasmissione, ddoe est is aligheresos Claudio Gabriel Sanna (musitzista), Irene Coghene (Plataforma per la Llengua) e Giuliana Portas (Uf\u00ectziu Ling\u00f9isticu), s&#8217;<em>arrepadori<\/em> casteddaju  Dr. Drer; Remigio Scopelliti, ex-s\u00ecndigu de C\u00e2des\u00e9dda, e \u00e0teros ancora.<\/p>\n\n\n\n<p>Sa de duas istagiones (led\u00e0mine 2025) tratat, semper imperende is l\u00ecnguas de Sardigna, sa chistione de sa migratzione. Registrada intre is Istados Unidos de Am\u00e8rica (IUA) e Sardigna in is annos 2022-2025, is cuatru puntadas de sa s\u00e8rie includent intervistas a gente de Sardigna chi bivet o at b\u00ecvidu in is IUA, pro mi agiudare a detz\u00ecdere si su benidore miu siat in Calif\u00f2rnia, Catalunya o forsis Sardigna.<\/p>\n\n\n\n<p id=\"block-c146ccdd-3547-487f-a37f-bc13e9200252\">Sa tramissione est istada pensada dae su cumintzu comente un&#8217;isc\u00e0mbiu multil\u00ecngue cun s&#8217;iscopu de contribuire a sa visibilizatzione de is l\u00ecnguas de Sardigna, e aici puru verificare ancora una borta chi sa diversidade lingu\u00ecstica no impedit sa cumprensione intre faeddadores de is l\u00ecnguas de s&#8217;\u00ecsula.<\/p>\n\n\n\n<p id=\"block-d8348c17-9d73-41d5-acc4-712f317fd7e3\">Sa RAI etotu nd&#8217;at fatu una noa su 2 de ghenn\u00e0rgiu de su 2021, in su TGR <a rel=\"noreferrer noopener\" href=\"https:\/\/www.rainews.it\/tgr\/sardegna\/notiziari\/index.html?\/tgr\/video\/2021\/01\/ContentItem-11401224-b4b7-4c43-a49f-26701007f6c7.html\" target=\"_blank\">de Rai3<\/a> [min. 17.20 h].<\/p>\n\n\n<div class=\"wp-block-image\">\n<figure class=\"aligncenter size-large\"><a href=\"https:\/\/www.rainews.it\/tgr\/sardegna\/notiziari\/index.html?\/tgr\/video\/2021\/01\/ContentItem-11401224-b4b7-4c43-a49f-26701007f6c7.html\" target=\"_blank\" rel=\"noopener\"><img loading=\"lazy\" decoding=\"async\" width=\"437\" height=\"245\" src=\"http:\/\/adriamusic.cat\/wp-content\/uploads\/2021\/01\/imatge-3.png\" alt=\"\" class=\"wp-image-559\" srcset=\"http:\/\/adriamusic.cat\/wp-content\/uploads\/2021\/01\/imatge-3.png 437w, http:\/\/adriamusic.cat\/wp-content\/uploads\/2021\/01\/imatge-3-300x168.png 300w\" sizes=\"auto, (max-width: 437px) 100vw, 437px\" \/><\/a><\/figure>\n<\/div>\n\n\n<p><\/p>\n\n\n\n<p>Custu blog, insandus, at a f\u00e0ghere unu resumu de \u00f2nnia puntada, frunende puru calicuna ispiegatzione cumplement\u00e0ria.<\/p>\n\n\n\n<p><strong>Puntadas de sa de duas istagiones:<\/strong><\/p>\n\n\n\n<ol class=\"wp-block-list\">\n<li><a href=\"http:\/\/adriamusic.cat\/index.php\/sc\/beni-cun-me-in-america-puntada-1\/\" data-type=\"page\" data-id=\"1469\">Puntada 1<\/a>, 5\/10\/2025<\/li>\n\n\n\n<li><a href=\"http:\/\/adriamusic.cat\/index.php\/sc\/beni-cun-me-in-america-puntada-2\/\">Puntada 2<\/a>, 19\/10\/2025<\/li>\n\n\n\n<li><a href=\"http:\/\/adriamusic.cat\/index.php\/sc\/beni-cun-me-in-america-puntada-3\/\">Puntada 3<\/a>, 26\/10\/2025<\/li>\n\n\n\n<li><a href=\"http:\/\/adriamusic.cat\/index.php\/sc\/beni-cun-me-in-america-puntada-4\/\">Puntada 4<\/a>, 2\/11\/2025<\/li>\n<\/ol>\n\n\n\n<p><strong>Puntadas de sa prima istagione<\/strong><br>Onni intrada de su blog agabbat cun sa pr\u00f2piu fr\u00e0sia in sa l\u00ecngua de su logu visitadu; a bois\u00e0teros de dda iscob\u00e8rrere!<\/p>\n\n\n\n<p>1. <a href=\"http:\/\/adriamusic.cat\/index.php\/sc\/blog-beni-cun-me-trasmissione-tv-rai3\/puntada-1-casteddu-3-1-2021-2\/\">Casteddu<\/a>, 3\/1\/2021<br>2. <a href=\"http:\/\/adriamusic.cat\/index.php\/sc\/blog-beni-cun-me-trasmissione-tv-rai3\/puntada-2-cadesedda-e-u-paize-10-1-2021\/\">C\u00e2des\u00e9dda e U P\u00e0ize<\/a>, 10\/1\/2021<br>3. <a href=\"http:\/\/adriamusic.cat\/index.php\/sc\/blog-beni-cun-me-trasmissione-tv-rai3\/puntada-3-salighera-17-1-2021\/\">S&#8217;Alighera<\/a>, 17\/1\/2021<br>4. <a href=\"http:\/\/adriamusic.cat\/index.php\/sc\/blog-beni-cun-me-trasmissione-tv-rai3\/puntada-4-sassari-24-1-2021\/\">S\u00e0ssari<\/a>, 24\/1\/2021<br>5. <a href=\"http:\/\/adriamusic.cat\/index.php\/sc\/blog-beni-cun-me-trasmissione-tv-rai3\/puntada-5-gaddura-31-1-2021\/\">Gaddura<\/a>, 31\/1\/2021<br>6. <a href=\"http:\/\/adriamusic.cat\/index.php\/sc\/blog-beni-cun-me-trasmissione-tv-rai3\/puntada-6-nugoro-7-2-2021\/\">N\u00f9goro<\/a>, 7\/2\/2021<\/p>\n\n\n\n<p id=\"block-5caa509b-54cc-4cfa-8b3b-c77b6664b1cb\">C\u00e0mera: Mauro Pes<br>Produtzione: Terra de Punt e EjaTV<br>Deretos: RAI3<\/p>\n","protected":false},"excerpt":{"rendered":"<p>Una trasmissione TV a subra de is l\u00ecnguas in per\u00ecgulu de Sardigna Adri\u00e0 &#8211; Beni cun me est unu programma a subra de s&#8217;immensu patrim\u00f2niu lingu\u00ecsticu e culturale de Sardigna, e in s&#8217;ispetz\u00ecficu a subra de is l\u00ecnguas pr\u00f2pias de s&#8217;\u00ecsula, totus in per\u00ecgulu d&#8217;estintzione segundu s&#8217;Unesco. Su trailer est inoghe, e sa colunna sonora &hellip; <\/p>\n<p class=\"link-more\"><a href=\"http:\/\/adriamusic.cat\/index.php\/sc\/blog-beni-cun-me-trasmissione-tv-rai3\/\" class=\"more-link\">Continua llegint <span class=\"screen-reader-text\">\u00abTV: &#8216;Beni cun me!&#8217; (RAI3)\u00bb<\/span><\/a><\/p>\n","protected":false},"author":1,"featured_media":0,"parent":0,"menu_order":0,"comment_status":"closed","ping_status":"closed","template":"","meta":{"footnotes":""},"class_list":["post-513","page","type-page","status-publish","hentry"],"_links":{"self":[{"href":"http:\/\/adriamusic.cat\/index.php\/wp-json\/wp\/v2\/pages\/513","targetHints":{"allow":["GET"]}}],"collection":[{"href":"http:\/\/adriamusic.cat\/index.php\/wp-json\/wp\/v2\/pages"}],"about":[{"href":"http:\/\/adriamusic.cat\/index.php\/wp-json\/wp\/v2\/types\/page"}],"author":[{"embeddable":true,"href":"http:\/\/adriamusic.cat\/index.php\/wp-json\/wp\/v2\/users\/1"}],"replies":[{"embeddable":true,"href":"http:\/\/adriamusic.cat\/index.php\/wp-json\/wp\/v2\/comments?post=513"}],"version-history":[{"count":24,"href":"http:\/\/adriamusic.cat\/index.php\/wp-json\/wp\/v2\/pages\/513\/revisions"}],"predecessor-version":[{"id":1571,"href":"http:\/\/adriamusic.cat\/index.php\/wp-json\/wp\/v2\/pages\/513\/revisions\/1571"}],"wp:attachment":[{"href":"http:\/\/adriamusic.cat\/index.php\/wp-json\/wp\/v2\/media?parent=513"}],"curies":[{"name":"wp","href":"https:\/\/api.w.org\/{rel}","templated":true}]}}