{"id":496,"date":"2021-01-04T14:39:08","date_gmt":"2021-01-04T14:39:08","guid":{"rendered":"http:\/\/adriamusic.cat\/?p=496"},"modified":"2021-11-12T20:18:56","modified_gmt":"2021-11-12T20:18:56","slug":"capitol-1-caller","status":"publish","type":"page","link":"http:\/\/adriamusic.cat\/index.php\/bloc-beni-cun-me-rai3\/capitol-1-caller\/","title":{"rendered":"Cap\u00edtol 1: Casteddu (3\/1\/2021)"},"content":{"rendered":"\n<p><strong>Llengua: sard (en la varietat campidanesa o calleresa)<\/strong><\/p>\n\n\n\n<p>Amb l\u2019amic Mauro Pes (c\u00e0mera i direcci\u00f3), visitem C\u00e0ller (en sard, Casteddu; en itali\u00e0 i oficialment, Cagliari), la capital, una ciutat \u00abper a passar-hi tots els hiverns que a un home queden de vida\u00bb, en paraules de Josep Pla. Hi coneixem estudiants de les meves classes a la universitat: la Sonia i la Barbara estan enregistrant les veus d&#8217;un GPS que parla en sard (<a rel=\"noreferrer noopener\" href=\"https:\/\/unav.me\" data-type=\"URL\" data-id=\"https:\/\/unav.me\" target=\"_blank\">uNav<\/a>), el Federico ha escrit una tesina sobre la traducci\u00f3 liter\u00e0ria de Neruda en sard, i la Flavia i el Matteo parlen de la seva experi\u00e8ncia de <a rel=\"noreferrer noopener\" href=\"http:\/\/sct.uab.cat\/bauladuinsardu\" target=\"_blank\">traducci\u00f3 per a l&#8217;Ajuntament de Bauladu<\/a>.<\/p>\n\n\n\n<p>M\u00e9s tard, passegem pel centre: guanyem una juguesca cada cop que ens atenen en sard a les botigues del centre (i ens tocar\u00e0 convidar!), i acabarem el cap\u00edtol a un concert de Dr. Drer e CRC Posse a la platja del Pouet, cantant <a href=\"https:\/\/peertube.uno\/videos\/watch\/8c3118ee-bd52-495e-a14a-7ba46897c59c\" target=\"_blank\" rel=\"noreferrer noopener\">\u00abSu palu\u00bb (l\u2019estaca)<\/a> en sard.<\/p>\n\n\n\n<div class=\"wp-block-image\"><figure class=\"aligncenter size-large\"><a href=\"https:\/\/peertube.uno\/videos\/watch\/8c3118ee-bd52-495e-a14a-7ba46897c59c\" target=\"_blank\" rel=\"noopener\"><img loading=\"lazy\" decoding=\"async\" width=\"355\" height=\"200\" src=\"http:\/\/adriamusic.cat\/wp-content\/uploads\/2020\/12\/imatge-2.png\" alt=\"\" class=\"wp-image-386\" srcset=\"http:\/\/adriamusic.cat\/wp-content\/uploads\/2020\/12\/imatge-2.png 355w, http:\/\/adriamusic.cat\/wp-content\/uploads\/2020\/12\/imatge-2-300x169.png 300w\" sizes=\"auto, (max-width: 355px) 100vw, 355px\" \/><\/a><\/figure><\/div>\n\n\n\n<p><em>A si biri<\/em>!<\/p>\n","protected":false},"excerpt":{"rendered":"<p>Llengua: sard (en la varietat campidanesa o calleresa) Amb l\u2019amic Mauro Pes (c\u00e0mera i direcci\u00f3), visitem C\u00e0ller (en sard, Casteddu; en itali\u00e0 i oficialment, Cagliari), la capital, una ciutat \u00abper a passar-hi tots els hiverns que a un home queden de vida\u00bb, en paraules de Josep Pla. Hi coneixem estudiants de les meves classes a &hellip; <\/p>\n<p class=\"link-more\"><a href=\"http:\/\/adriamusic.cat\/index.php\/bloc-beni-cun-me-rai3\/capitol-1-caller\/\" class=\"more-link\">Continua llegint <span class=\"screen-reader-text\">\u00abCap\u00edtol 1: Casteddu (3\/1\/2021)\u00bb<\/span><\/a><\/p>\n","protected":false},"author":1,"featured_media":0,"parent":491,"menu_order":0,"comment_status":"closed","ping_status":"closed","template":"","meta":{"footnotes":""},"class_list":["post-496","page","type-page","status-publish","hentry"],"_links":{"self":[{"href":"http:\/\/adriamusic.cat\/index.php\/wp-json\/wp\/v2\/pages\/496","targetHints":{"allow":["GET"]}}],"collection":[{"href":"http:\/\/adriamusic.cat\/index.php\/wp-json\/wp\/v2\/pages"}],"about":[{"href":"http:\/\/adriamusic.cat\/index.php\/wp-json\/wp\/v2\/types\/page"}],"author":[{"embeddable":true,"href":"http:\/\/adriamusic.cat\/index.php\/wp-json\/wp\/v2\/users\/1"}],"replies":[{"embeddable":true,"href":"http:\/\/adriamusic.cat\/index.php\/wp-json\/wp\/v2\/comments?post=496"}],"version-history":[{"count":8,"href":"http:\/\/adriamusic.cat\/index.php\/wp-json\/wp\/v2\/pages\/496\/revisions"}],"predecessor-version":[{"id":739,"href":"http:\/\/adriamusic.cat\/index.php\/wp-json\/wp\/v2\/pages\/496\/revisions\/739"}],"up":[{"embeddable":true,"href":"http:\/\/adriamusic.cat\/index.php\/wp-json\/wp\/v2\/pages\/491"}],"wp:attachment":[{"href":"http:\/\/adriamusic.cat\/index.php\/wp-json\/wp\/v2\/media?parent=496"}],"curies":[{"name":"wp","href":"https:\/\/api.w.org\/{rel}","templated":true}]}}