{"id":491,"date":"2021-01-04T14:20:52","date_gmt":"2021-01-04T14:20:52","guid":{"rendered":"http:\/\/adriamusic.cat\/?page_id=491"},"modified":"2025-12-31T09:34:37","modified_gmt":"2025-12-31T09:34:37","slug":"bloc-beni-cun-me-rai3","status":"publish","type":"page","link":"http:\/\/adriamusic.cat\/index.php\/bloc-beni-cun-me-rai3\/","title":{"rendered":"TV: Beni cun me! (RAI3)"},"content":{"rendered":"\n<div class=\"wp-block-buttons is-content-justification-center is-layout-flex wp-container-core-buttons-is-layout-16018d1d wp-block-buttons-is-layout-flex\">\n<div class=\"wp-block-button\"><a class=\"wp-block-button__link has-black-color has-light-green-cyan-background-color has-text-color has-background wp-element-button\" href=\"https:\/\/www.raiplay.it\/programmi\/raisardegna-raisardigna\/programmi\/beni-cun-me\" target=\"_blank\" rel=\"noreferrer noopener\"><em>Beni cun me<\/em> \u00e9s disponible a RaiPlay. Mireu-la aqu\u00ed!<\/a><\/div>\n<\/div>\n\n\n\n<figure class=\"wp-block-image size-large is-style-rounded\"><img loading=\"lazy\" decoding=\"async\" width=\"1200\" height=\"675\" src=\"http:\/\/adriamusic.cat\/wp-content\/uploads\/2021\/01\/imatge-1-edited.png\" alt=\"\" class=\"wp-image-503\" srcset=\"http:\/\/adriamusic.cat\/wp-content\/uploads\/2021\/01\/imatge-1-edited.png 1200w, http:\/\/adriamusic.cat\/wp-content\/uploads\/2021\/01\/imatge-1-edited-300x169.png 300w, http:\/\/adriamusic.cat\/wp-content\/uploads\/2021\/01\/imatge-1-edited-1024x576.png 1024w, http:\/\/adriamusic.cat\/wp-content\/uploads\/2021\/01\/imatge-1-edited-768x432.png 768w\" sizes=\"auto, (max-width: 767px) 89vw, (max-width: 1000px) 54vw, (max-width: 1071px) 543px, 580px\" \/><figcaption class=\"wp-element-caption\"><em>Beni cun me<\/em>, 2021 (RAI\/Terra de Punt)<\/figcaption><\/figure>\n\n\n\n<h2 class=\"wp-block-heading\">Un programa de TV sobre les lleng\u00fces en perill de Sardenya<\/h2>\n\n\n<div class=\"wp-block-image\">\n<figure class=\"alignleft size-large is-resized\"><a href=\"https:\/\/www.facebook.com\/webtvdesaslimbasdesardigna\/videos\/231723468463924\/\" target=\"_blank\" rel=\"noopener\"><img loading=\"lazy\" decoding=\"async\" width=\"1015\" height=\"571\" src=\"http:\/\/adriamusic.cat\/wp-content\/uploads\/2021\/01\/imatge-2.png\" alt=\"\" class=\"wp-image-529\" style=\"width:223px;height:125px\" srcset=\"http:\/\/adriamusic.cat\/wp-content\/uploads\/2021\/01\/imatge-2.png 1015w, http:\/\/adriamusic.cat\/wp-content\/uploads\/2021\/01\/imatge-2-300x169.png 300w, http:\/\/adriamusic.cat\/wp-content\/uploads\/2021\/01\/imatge-2-768x432.png 768w\" sizes=\"auto, (max-width: 767px) 89vw, (max-width: 1000px) 54vw, (max-width: 1071px) 543px, 580px\" \/><\/a><figcaption class=\"wp-element-caption\"><a rel=\"noreferrer noopener\" href=\"https:\/\/www.facebook.com\/webtvdesaslimbasdesardigna\/videos\/231723468463924\/\" target=\"_blank\">Tr\u00e0iler<\/a><\/figcaption><\/figure>\n<\/div>\n\n\n<p><em>Adri\u00e0 &#8211; Beni cun me<\/em> \u00e9s un programa sobre l&#8217;immens patrimoni ling\u00fc\u00edstic i cultural de Sardenya, i en concret sobre les lleng\u00fces pr\u00f2pies de l&#8217;illa, totes en perill d&#8217;extinci\u00f3 segons l&#8217;Unesco. El tr\u00e0iler es pot veure <a href=\"https:\/\/www.facebook.com\/webtvdesaslimbasdesardigna\/videos\/231723468463924\/\" target=\"_blank\" rel=\"noreferrer noopener\">aqu\u00ed<\/a>, i la banda sonora est\u00e0 formada per les meves can\u00e7ons (incloses als CD  <em><a href=\"http:\/\/adriamusic.cat\/index.php\/lo-somris-de-la-magrana-ca\/\" data-type=\"URL\" data-id=\"www.adriamusic.cat\">Lo somr\u00eds de la magrana<\/a><\/em> i <em><a href=\"http:\/\/adriamusic.cat\/index.php\/de-sardenya-a-california\/\">De Sardenya a Calif\u00f2rnia<\/a><\/em>).<\/p>\n\n\n\n<p>Enregistrat durant l\u2019estiu del 2019, vam rec\u00f3rrer Sardenya amb furgoneta, a la recerca de persones i d\u2019esdeveniments relacionats amb les lleng\u00fces aut\u00f2ctones: l\u2019alguer\u00e8s (el catal\u00e0 de l\u2019Alguer), el sard, el l\u00edgur (tabarqu\u00ed), el turrit\u00e0 (sasser\u00e8s) i el gal\u00b7lur\u00e8s. Entre les aparicions del programa, hi ha els algueresos Claudio Gabriel Sanna (m\u00fasic), Irene Coghene (Plataforma per la Llengua) i Giuliana Portas (Ofici Ling\u00fc\u00edstic), el raper caller\u00e8s Dr. Drer; Remigio Scopelliti, ex-batlle de C\u00e2des\u00e9dda, entre altres.<\/p>\n\n\n\n<p>La segona temporada (octubre 2025) afronta, sempre utilitzant les lleng\u00fces de Sardenya, la q\u00fcesti\u00f3 de la migraci\u00f3. Enregistrada entre els Estats Units i Sardenya al llarg dels anys 2022 a 2025, els quatre cap\u00edtols de la s\u00e8rie inclouen entrevistes a gent de Sardenya que viu o que ha viscut als EUA, per ajudar-me a decidir si el meu futur passa per Calif\u00f2rnia, Catalunya o potser Sardenya.<\/p>\n\n\n\n<p>El programa va ser concebut des del comen\u00e7ament com un intercanvi multiling\u00fce amb l\u2019objectiu de contribuir a la visibilitzaci\u00f3 de les lleng\u00fces de Sardenya, i de passada comprovar un cop m\u00e9s que la diversitat ling\u00fc\u00edstica no impedeix la comprensi\u00f3 entre parlants de les lleng\u00fces de l&#8217;illa.<\/p>\n\n\n\n<p>La mateixa RAI va fer-ne una not\u00edcia el dia 2 de gener del 2021, al <a rel=\"noreferrer noopener\" href=\"https:\/\/www.rainews.it\/tgr\/sardegna\/notiziari\/index.html?\/tgr\/video\/2021\/01\/ContentItem-11401224-b4b7-4c43-a49f-26701007f6c7.html\" target=\"_blank\">telenot\u00edcies de Rai3<\/a> [min. 17.20 h].<\/p>\n\n\n<div class=\"wp-block-image\">\n<figure class=\"aligncenter size-large\"><a href=\"https:\/\/www.rainews.it\/tgr\/sardegna\/notiziari\/index.html?\/tgr\/video\/2021\/01\/ContentItem-11401224-b4b7-4c43-a49f-26701007f6c7.html\" target=\"_blank\" rel=\"noopener\"><img loading=\"lazy\" decoding=\"async\" width=\"437\" height=\"245\" src=\"http:\/\/adriamusic.cat\/wp-content\/uploads\/2021\/01\/imatge-3.png\" alt=\"\" class=\"wp-image-559\" srcset=\"http:\/\/adriamusic.cat\/wp-content\/uploads\/2021\/01\/imatge-3.png 437w, http:\/\/adriamusic.cat\/wp-content\/uploads\/2021\/01\/imatge-3-300x168.png 300w\" sizes=\"auto, (max-width: 437px) 100vw, 437px\" \/><\/a><\/figure>\n<\/div>\n\n\n<p>Aquest bloc, doncs, far\u00e0 un resum de cada cap\u00edtol, i fornir\u00e0 tamb\u00e9 explicacions complement\u00e0ries.<\/p>\n\n\n\n<p><strong>Cap\u00edtols de la segona temporada<\/strong><\/p>\n\n\n\n<ol class=\"wp-block-list\">\n<li><a href=\"http:\/\/adriamusic.cat\/index.php\/beni-cun-me-in-america-capitol-1\/\" data-type=\"page\" data-id=\"1463\">Cap\u00edtol 1<\/a>, 5\/10\/2025<\/li>\n\n\n\n<li><a href=\"http:\/\/adriamusic.cat\/index.php\/beni-cun-me-in-america-capitol-2\/\">Cap\u00edtol 2<\/a>, 19\/10\/2025<\/li>\n\n\n\n<li><a href=\"http:\/\/adriamusic.cat\/index.php\/beni-cun-me-in-america-capitol-3\/\">Cap\u00edtol 3<\/a>, 26\/10\/2025<\/li>\n\n\n\n<li><a href=\"http:\/\/adriamusic.cat\/index.php\/beni-cun-me-in-america-capitol-4\/\">Cap\u00edtol 4<\/a>, 2\/11\/2025<\/li>\n<\/ol>\n\n\n\n<p><strong>Cap\u00edtols de la primera temporada<\/strong><br>Cada entrada del bloc acaba amb una mateixa frase en la llengua del lloc visitat; descobriu-la!<\/p>\n\n\n\n<ol class=\"wp-block-list\">\n<li><a href=\"http:\/\/adriamusic.cat\/index.php\/bloc-beni-cun-me-rai3\/capitol-1-caller\/\">Casteddu<\/a>, 3\/1\/2021<\/li>\n\n\n\n<li><a href=\"http:\/\/adriamusic.cat\/index.php\/bloc-beni-cun-me-rai3\/capitol-2-cadesedda-i-u-paize-10-1-2021\/\">C\u00e2des\u00e9dda i U P\u00e0ize<\/a>, 10\/1\/2021<\/li>\n\n\n\n<li><a href=\"http:\/\/adriamusic.cat\/index.php\/bloc-beni-cun-me-rai3\/capitol-3-lalguer-17-1-2021\/\">L&#8217;Alguer<\/a>, 17\/1\/2021<\/li>\n\n\n\n<li><a href=\"http:\/\/adriamusic.cat\/index.php\/bloc-beni-cun-me-rai3\/capitol-4-sasser-24-1-2021\/\">S\u00e0ssari<\/a>, 24\/1\/2021<\/li>\n\n\n\n<li><a href=\"http:\/\/adriamusic.cat\/index.php\/bloc-beni-cun-me-rai3\/capitol-5-gallura-31-1-2021\/\">Gaddura<\/a>, 31\/1\/2021<\/li>\n\n\n\n<li><a href=\"http:\/\/adriamusic.cat\/index.php\/bloc-beni-cun-me-rai3\/capitol-6-nugoro-7-2-2021\/\">N\u00f9goro<\/a>, 7\/2\/2021<\/li>\n<\/ol>\n\n\n\n<p>C\u00e0mera: Mauro Pes<br>Producci\u00f3: Terra de Punt i EjaTV<br>Drets: RAI3<\/p>\n","protected":false},"excerpt":{"rendered":"<p>Un programa de TV sobre les lleng\u00fces en perill de Sardenya Adri\u00e0 &#8211; Beni cun me \u00e9s un programa sobre l&#8217;immens patrimoni ling\u00fc\u00edstic i cultural de Sardenya, i en concret sobre les lleng\u00fces pr\u00f2pies de l&#8217;illa, totes en perill d&#8217;extinci\u00f3 segons l&#8217;Unesco. El tr\u00e0iler es pot veure aqu\u00ed, i la banda sonora est\u00e0 formada per &hellip; <\/p>\n<p class=\"link-more\"><a href=\"http:\/\/adriamusic.cat\/index.php\/bloc-beni-cun-me-rai3\/\" class=\"more-link\">Continua llegint <span class=\"screen-reader-text\">\u00abTV: Beni cun me! (RAI3)\u00bb<\/span><\/a><\/p>\n","protected":false},"author":1,"featured_media":0,"parent":0,"menu_order":0,"comment_status":"closed","ping_status":"closed","template":"","meta":{"footnotes":""},"class_list":["post-491","page","type-page","status-publish","hentry"],"_links":{"self":[{"href":"http:\/\/adriamusic.cat\/index.php\/wp-json\/wp\/v2\/pages\/491","targetHints":{"allow":["GET"]}}],"collection":[{"href":"http:\/\/adriamusic.cat\/index.php\/wp-json\/wp\/v2\/pages"}],"about":[{"href":"http:\/\/adriamusic.cat\/index.php\/wp-json\/wp\/v2\/types\/page"}],"author":[{"embeddable":true,"href":"http:\/\/adriamusic.cat\/index.php\/wp-json\/wp\/v2\/users\/1"}],"replies":[{"embeddable":true,"href":"http:\/\/adriamusic.cat\/index.php\/wp-json\/wp\/v2\/comments?post=491"}],"version-history":[{"count":22,"href":"http:\/\/adriamusic.cat\/index.php\/wp-json\/wp\/v2\/pages\/491\/revisions"}],"predecessor-version":[{"id":1567,"href":"http:\/\/adriamusic.cat\/index.php\/wp-json\/wp\/v2\/pages\/491\/revisions\/1567"}],"wp:attachment":[{"href":"http:\/\/adriamusic.cat\/index.php\/wp-json\/wp\/v2\/media?parent=491"}],"curies":[{"name":"wp","href":"https:\/\/api.w.org\/{rel}","templated":true}]}}