{"id":353,"date":"2020-12-10T09:42:02","date_gmt":"2020-12-10T09:42:02","guid":{"rendered":"http:\/\/adriamusic.cat\/?page_id=353"},"modified":"2024-04-18T02:41:59","modified_gmt":"2024-04-18T02:41:59","slug":"decolonizati-sarda-cun-joan-garriga","status":"publish","type":"page","link":"http:\/\/adriamusic.cat\/index.php\/sc\/testos\/decolonizati-sarda-cun-joan-garriga\/","title":{"rendered":"Decoloniza\u00b7ti, sarda [cun Joan Garriga]"},"content":{"rendered":"\n<figure class=\"wp-block-embed is-type-rich is-provider-gestor-del-servei wp-block-embed-gestor-del-servei wp-embed-aspect-16-9 wp-has-aspect-ratio\"><div class=\"wp-block-embed__wrapper\">\n<iframe loading=\"lazy\" title=\"Decoloniza\u00b7ti, sarda - Adri\u00e0 Mor &amp; Badiu Quartet\" width=\"525\" height=\"295\" src=\"https:\/\/www.youtube.com\/embed\/SGcfJAYJ1oI?feature=oembed\" frameborder=\"0\" allow=\"accelerometer; autoplay; clipboard-write; encrypted-media; gyroscope; picture-in-picture; web-share\" referrerpolicy=\"strict-origin-when-cross-origin\" allowfullscreen><\/iframe>\n<\/div><\/figure>\n\n\n\n<div class=\"wp-block-group\"><div class=\"wp-block-group__inner-container is-layout-flow wp-block-group-is-layout-flow\">\n<div class=\"wp-block-columns is-layout-flex wp-container-core-columns-is-layout-9d6595d7 wp-block-columns-is-layout-flex\">\n<div class=\"wp-block-column is-layout-flow wp-block-column-is-layout-flow\">\n<p>C\u2019est a Marina, una barraca<br>sa resist\u00e8ntzia a is <em>follows<\/em> e a is <em>likes<\/em>.<br>E cun s\u2019isp\u00e0ssiu, sa cuss\u00e8ntzia ism\u00e0nniat<br>cantende in sardu a sa chitarra.<br>E regordende a su turista<br>chi Sardigna no est It\u00e0lia.<\/p>\n\n\n\n<p>F\u00e8mina sarda traballadora:<br>\u00e8ssere bers\u00e0lliu de una tripla opressione,<br>de g\u00e8nere, classe e de natzione,<br>ti faghet tres bortas batalladora.<br>Pitzoca balente in rebellia,<br>dinnidade antifascista.<\/p>\n\n\n\n<p><em>A su p\u00f2pulu sa terra<\/em><br><em>A is potentes sa gherra<\/em><br><em>Contra de sa prepot\u00e8ntzia<\/em><br><em>A sa vit\u00f2ria semper<\/em><\/p>\n\n\n\n<p>Ti narant Partidu Sardu de Atzione<br>una cosa isceti chi depes f\u00e0ghere:<br>l\u00ecmpia sa terra d\u2019esertzitatziones,<br>torra su chelu a is pillones.<br>E boga sa Nato chi Sardigna<br>est p\u00f2pulu de paghe.<\/p>\n<\/div>\n\n\n\n<div class=\"wp-block-column is-layout-flow wp-block-column-is-layout-flow\">\n<p>No semus antigas, no semus arc\u00e0icos,<br>semus sa Sardigna chi si depet pesare.<br>No ses italianu, no ses ispagnola,<br>ses sarda e custa est s\u2019ora.<br>Ca deo no m\u2019adato a is <em>clich\u00e9<\/em>,<br>solu pro pr\u00e0ghere a vost\u00e8.<\/p>\n\n\n\n<p><em>A su p\u00f2pulu sa terra<\/em><br><em>Indipend\u00e8ntzia, indipend\u00e8ntzia<\/em><br><em>A is potentes sa gherra<\/em><br><em>Indipend\u00e8ntzia, indipend\u00e8ntzia<\/em><br><em>Contra de sa prepot\u00e8ntzia<br>Indipend\u00e8ntzia, indipend\u00e8ntzia<\/em><br><em>A sa vit\u00f2ria semper<\/em><br><em>No passaran, no passaran<\/em><\/p>\n\n\n\n<p>E decoloniza\u00b7ti, decoloniza\u00b7ti&#8230;<\/p>\n\n\n\n<p>Cun su cumpromissu de Luiseddu Caria<br>tzerriende sintzeru chi no passaran.<br>V\u00ectima a pustis de s\u2019ipocrisia<br>de leis antiterroristas.<br>Pro cumb\u00e0tere su fascismu<br>de Sardigna a Curdistan.<\/p>\n<\/div>\n<\/div>\n<\/div><\/div>\n","protected":false},"excerpt":{"rendered":"<p>C\u2019est a Marina, una barracasa resist\u00e8ntzia a is follows e a is likes.E cun s\u2019isp\u00e0ssiu, sa cuss\u00e8ntzia ism\u00e0nniatcantende in sardu a sa chitarra.E regordende a su turistachi Sardigna no est It\u00e0lia. F\u00e8mina sarda traballadora:\u00e8ssere bers\u00e0lliu de una tripla opressione,de g\u00e8nere, classe e de natzione,ti faghet tres bortas batalladora.Pitzoca balente in rebellia,dinnidade antifascista. A su p\u00f2pulu &hellip; <\/p>\n<p class=\"link-more\"><a href=\"http:\/\/adriamusic.cat\/index.php\/sc\/testos\/decolonizati-sarda-cun-joan-garriga\/\" class=\"more-link\">Continua llegint <span class=\"screen-reader-text\">\u00abDecoloniza\u00b7ti, sarda [cun Joan Garriga]\u00bb<\/span><\/a><\/p>\n","protected":false},"author":1,"featured_media":0,"parent":291,"menu_order":0,"comment_status":"closed","ping_status":"closed","template":"","meta":{"footnotes":""},"class_list":["post-353","page","type-page","status-publish","hentry"],"_links":{"self":[{"href":"http:\/\/adriamusic.cat\/index.php\/wp-json\/wp\/v2\/pages\/353","targetHints":{"allow":["GET"]}}],"collection":[{"href":"http:\/\/adriamusic.cat\/index.php\/wp-json\/wp\/v2\/pages"}],"about":[{"href":"http:\/\/adriamusic.cat\/index.php\/wp-json\/wp\/v2\/types\/page"}],"author":[{"embeddable":true,"href":"http:\/\/adriamusic.cat\/index.php\/wp-json\/wp\/v2\/users\/1"}],"replies":[{"embeddable":true,"href":"http:\/\/adriamusic.cat\/index.php\/wp-json\/wp\/v2\/comments?post=353"}],"version-history":[{"count":2,"href":"http:\/\/adriamusic.cat\/index.php\/wp-json\/wp\/v2\/pages\/353\/revisions"}],"predecessor-version":[{"id":1139,"href":"http:\/\/adriamusic.cat\/index.php\/wp-json\/wp\/v2\/pages\/353\/revisions\/1139"}],"up":[{"embeddable":true,"href":"http:\/\/adriamusic.cat\/index.php\/wp-json\/wp\/v2\/pages\/291"}],"wp:attachment":[{"href":"http:\/\/adriamusic.cat\/index.php\/wp-json\/wp\/v2\/media?parent=353"}],"curies":[{"name":"wp","href":"https:\/\/api.w.org\/{rel}","templated":true}]}}