{"id":340,"date":"2020-12-10T09:27:58","date_gmt":"2020-12-10T09:27:58","guid":{"rendered":"http:\/\/adriamusic.cat\/?page_id=340"},"modified":"2020-12-10T09:27:59","modified_gmt":"2020-12-10T09:27:59","slug":"amor-i-ressaca-a-lalguer","status":"publish","type":"page","link":"http:\/\/adriamusic.cat\/index.php\/sc\/testos\/amor-i-ressaca-a-lalguer\/","title":{"rendered":"Amor i ressaca a l&#8217;Alguer"},"content":{"rendered":"\n<div class=\"wp-block-group\"><div class=\"wp-block-group__inner-container is-layout-flow wp-block-group-is-layout-flow\">\n<div class=\"wp-block-columns is-layout-flex wp-container-core-columns-is-layout-9d6595d7 wp-block-columns-is-layout-flex\">\n<div class=\"wp-block-column is-layout-flow wp-block-column-is-layout-flow\">\n<p>Entre murtes i filferro<br>m\u2019han deixat estontonat<br>les tues cuixes, minyona,<br>i aqueix vestit atil\u00b7lat.<\/p>\n\n\n\n<p>Lo sol davalla a la marina,<br>sem embriacs de jasm\u00ed.<br>Encara un poc de malvasia<br>i jur que te llev lo vestit.<\/p>\n\n\n\n<p>Maria, si volguessis canviar de vida<br>sep b\u00e9 que te dongueria<br>un abril per cada dia<br>cada nit una poesia<br>i mil matins<br>d\u2019amor i ressaca a l\u2019Alguer.<\/p>\n\n\n\n<p>Los nostros tunxos de plaer,<br>boca dol\u00e7a de cariasa,<br>rebombant per l\u2019Alguer<br>ompliriven cap de Ca\u00e7a.<\/p>\n\n\n\n<p>Los set dies de la setmana<br>de l\u2019Olmedo i fins a Bosa<br>vengueriven a mos veure<br>bogamarins i mariposes.<\/p>\n<\/div>\n\n\n\n<div class=\"wp-block-column is-layout-flow wp-block-column-is-layout-flow\">\n<p>Maria, i cada vespre sonar\u00edem<br>la guiterra a la Dragonara.<br>I sonar\u00edvem tan b\u00e9 junts<br>com no sona ja ning\u00fa<br>fora de tu a la Barceloneta.<br>Amor i ressaca a l\u2019Alguer.<\/p>\n\n\n\n<p>Tunx, tunx, tunx&#8230;<\/p>\n\n\n\n<p>Estracs d\u2019\u00e0lcol i de sexe<br>mos volguerem esterrigar<br>a mos dar basos de vida<br>acabada d\u2019estrenar.<\/p>\n\n\n\n<p>Si mos arribar\u00e0 la llua<br>mos trobar\u00e0 ben embrollats,<br>i, com diuen a casa tua,<br>amb els llen\u00e7ols mal girbats.<\/p>\n\n\n\n<p>La lluna, com un far a l\u2019Argentera,<br>tenyint de blanca llumera<br>los ports, les muntanyes i los monts<br>te desgotar\u00e0 com aigua pels mugrons.<br>I aix\u00ed, dormint-mos pels rocons<br>del nostro verano a l\u2019Alguer.<\/p>\n\n\n\n<p>Aguarda, que mos conv\u00e9 canviar de vida,<br>i en aqu\u00ed tot \u00e9s possible.<br>Ai\u00f3, que te tenc de fer entendre<br>primer de muntar a l\u2019avi\u00f3<br>aqueixa can\u00e7\u00f3<br>d\u2019amor i ressaca a l\u2019Alguer&#8230;<br>txau, txau<\/p>\n<\/div>\n<\/div>\n<\/div><\/div>\n","protected":false},"excerpt":{"rendered":"<p>Entre murtes i filferrom\u2019han deixat estontonatles tues cuixes, minyona,i aqueix vestit atil\u00b7lat. Lo sol davalla a la marina,sem embriacs de jasm\u00ed.Encara un poc de malvasiai jur que te llev lo vestit. Maria, si volguessis canviar de vidasep b\u00e9 que te dongueriaun abril per cada diacada nit una poesiai mil matinsd\u2019amor i ressaca a l\u2019Alguer. Los &hellip; <\/p>\n<p class=\"link-more\"><a href=\"http:\/\/adriamusic.cat\/index.php\/sc\/testos\/amor-i-ressaca-a-lalguer\/\" class=\"more-link\">Continua llegint <span class=\"screen-reader-text\">\u00abAmor i ressaca a l&#8217;Alguer\u00bb<\/span><\/a><\/p>\n","protected":false},"author":1,"featured_media":0,"parent":291,"menu_order":0,"comment_status":"closed","ping_status":"closed","template":"","meta":{"footnotes":""},"class_list":["post-340","page","type-page","status-publish","hentry"],"_links":{"self":[{"href":"http:\/\/adriamusic.cat\/index.php\/wp-json\/wp\/v2\/pages\/340","targetHints":{"allow":["GET"]}}],"collection":[{"href":"http:\/\/adriamusic.cat\/index.php\/wp-json\/wp\/v2\/pages"}],"about":[{"href":"http:\/\/adriamusic.cat\/index.php\/wp-json\/wp\/v2\/types\/page"}],"author":[{"embeddable":true,"href":"http:\/\/adriamusic.cat\/index.php\/wp-json\/wp\/v2\/users\/1"}],"replies":[{"embeddable":true,"href":"http:\/\/adriamusic.cat\/index.php\/wp-json\/wp\/v2\/comments?post=340"}],"version-history":[{"count":1,"href":"http:\/\/adriamusic.cat\/index.php\/wp-json\/wp\/v2\/pages\/340\/revisions"}],"predecessor-version":[{"id":341,"href":"http:\/\/adriamusic.cat\/index.php\/wp-json\/wp\/v2\/pages\/340\/revisions\/341"}],"up":[{"embeddable":true,"href":"http:\/\/adriamusic.cat\/index.php\/wp-json\/wp\/v2\/pages\/291"}],"wp:attachment":[{"href":"http:\/\/adriamusic.cat\/index.php\/wp-json\/wp\/v2\/media?parent=340"}],"curies":[{"name":"wp","href":"https:\/\/api.w.org\/{rel}","templated":true}]}}