{"id":167,"date":"2020-11-14T10:29:14","date_gmt":"2020-11-14T10:29:14","guid":{"rendered":"http:\/\/adriamusic.cat\/?page_id=167"},"modified":"2025-01-12T15:44:42","modified_gmt":"2025-01-12T15:44:42","slug":"multimedia","status":"publish","type":"page","link":"http:\/\/adriamusic.cat\/index.php\/multimedia\/","title":{"rendered":"Multim\u00e8dia"},"content":{"rendered":"\n<p>Diada de Sardenya<\/p>\n\n\n\n<div class=\"wp-block-columns is-layout-flex wp-container-core-columns-is-layout-9d6595d7 wp-block-columns-is-layout-flex\">\n<div class=\"wp-block-column is-layout-flow wp-block-column-is-layout-flow\">\n<figure class=\"wp-block-embed is-type-video is-provider-youtube wp-block-embed-youtube wp-embed-aspect-16-9 wp-has-aspect-ratio\"><div class=\"wp-block-embed__wrapper\">\n<iframe loading=\"lazy\" title=\"Su filu ispinadu - Adri\u00e0 Mor &amp; Dr. Drer - Sa Die de sa Sardigna 2022 (SUB SRD-CAT-GADD-TURR)\" width=\"525\" height=\"295\" src=\"https:\/\/www.youtube.com\/embed\/jzWIhYrEbrc?feature=oembed\" frameborder=\"0\" allow=\"accelerometer; autoplay; clipboard-write; encrypted-media; gyroscope; picture-in-picture; web-share\" referrerpolicy=\"strict-origin-when-cross-origin\" allowfullscreen><\/iframe>\n<\/div><figcaption class=\"wp-element-caption\">Diada de Sardenya 2022 (<a href=\"http:\/\/adriamusic.cat\/index.php\/sc\/2022-su-filu-ispinadu-2\/\">lletra i traduccions<\/a>)<\/figcaption><\/figure>\n<\/div>\n\n\n\n<div class=\"wp-block-column is-layout-flow wp-block-column-is-layout-flow\">\n<figure class=\"wp-block-embed is-type-video is-provider-youtube wp-block-embed-youtube wp-embed-aspect-16-9 wp-has-aspect-ratio\"><div class=\"wp-block-embed__wrapper\">\n<iframe loading=\"lazy\" title=\"Decoloniza\u00b7ti, sarda de Adri\u00e0 Mor sonada a dist\u00e0ntzia in ocasione de sa die de sa Sardigna 2021\" width=\"525\" height=\"295\" src=\"https:\/\/www.youtube.com\/embed\/X9gbdLUWeF0?feature=oembed\" frameborder=\"0\" allow=\"accelerometer; autoplay; clipboard-write; encrypted-media; gyroscope; picture-in-picture; web-share\" referrerpolicy=\"strict-origin-when-cross-origin\" allowfullscreen><\/iframe>\n<\/div><figcaption class=\"wp-element-caption\">Diada de Sardenya 2021<\/figcaption><\/figure>\n<\/div>\n<\/div>\n\n\n\n<p>Concert a l&#8217;Ass\u00f2tziu Stream Festival 2021<\/p>\n\n\n\n<figure class=\"wp-block-embed is-type-rich is-provider-gestor-del-servei wp-block-embed-gestor-del-servei wp-embed-aspect-16-9 wp-has-aspect-ratio\"><div class=\"wp-block-embed__wrapper\">\n<iframe loading=\"lazy\" title=\"Decoloniza\u00b7ti, sarda - Adri\u00e0 Mor &amp; Badiu Quartet\" width=\"525\" height=\"295\" src=\"https:\/\/www.youtube.com\/embed\/SGcfJAYJ1oI?feature=oembed\" frameborder=\"0\" allow=\"accelerometer; autoplay; clipboard-write; encrypted-media; gyroscope; picture-in-picture; web-share\" referrerpolicy=\"strict-origin-when-cross-origin\" allowfullscreen><\/iframe>\n<\/div><\/figure>\n\n\n\n<figure class=\"wp-block-embed is-type-video is-provider-youtube wp-block-embed-youtube wp-embed-aspect-16-9 wp-has-aspect-ratio\"><div class=\"wp-block-embed__wrapper\">\n<iframe loading=\"lazy\" title=\"Amor i ressaca a l&#039;Alguer-Adri\u00e0 Mor &amp; Badiu Quartet\" width=\"525\" height=\"295\" src=\"https:\/\/www.youtube.com\/embed\/Fshcr7tFIO0?feature=oembed\" frameborder=\"0\" allow=\"accelerometer; autoplay; clipboard-write; encrypted-media; gyroscope; picture-in-picture; web-share\" referrerpolicy=\"strict-origin-when-cross-origin\" allowfullscreen><\/iframe>\n<\/div><\/figure>\n\n\n\n<p>M\u00e9s v\u00eddeos <a href=\"https:\/\/video.anartist.org\/a\/adriamusic\/video-channels\" target=\"_blank\" rel=\"noreferrer noopener\">al meu canal de PeerTube<\/a><\/p>\n\n\n\n<p class=\"has-text-align-center\"><strong>Sobirania i cultura lliure<\/strong><\/p>\n\n\n\n<p class=\"has-text-align-center\">Com diu la gent de <a rel=\"noreferrer noopener\" href=\"https:\/\/framablog.org\/2020\/05\/26\/our-plans-for-peertube-v3-progressive-fundraising-live-streaming-coming-next-fall\/\" target=\"_blank\">Framasoft<\/a>, \u00abmai no podrem construir un altre m\u00f3n si continuem utilitzant les eines del capitalisme de vigil\u00e0ncia\u00bb. \u00c9s per aix\u00f2 que aquest treball mira de fer xarxa amb les plataformes i les iniciatives que posen les persones i la llibertat al centre.<\/p>\n\n\n\n<div class=\"wp-block-columns is-layout-flex wp-container-core-columns-is-layout-9d6595d7 wp-block-columns-is-layout-flex\">\n<div class=\"wp-block-column is-layout-flow wp-block-column-is-layout-flow\" style=\"flex-basis:20%\"><div class=\"wp-block-image\">\n<figure class=\"aligncenter is-resized\"><a href=\"https:\/\/video.anartist.org\/a\/adriamusic\/\" target=\"_blank\" rel=\"noreferrer noopener\"><img loading=\"lazy\" decoding=\"async\" width=\"512\" height=\"683\" src=\"http:\/\/adriamusic.cat\/wp-content\/uploads\/2020\/12\/Logo_de_PeerTube.png\" alt=\"\" class=\"wp-image-372\" style=\"width:29px;height:37px\" srcset=\"http:\/\/adriamusic.cat\/wp-content\/uploads\/2020\/12\/Logo_de_PeerTube.png 512w, http:\/\/adriamusic.cat\/wp-content\/uploads\/2020\/12\/Logo_de_PeerTube-225x300.png 225w\" sizes=\"auto, (max-width: 512px) 100vw, 512px\" \/><\/a><\/figure>\n<\/div><\/div>\n\n\n\n<div class=\"wp-block-column is-layout-flow wp-block-column-is-layout-flow\" style=\"flex-basis:20%\"><div class=\"wp-block-image\">\n<figure class=\"aligncenter is-resized\"><a href=\"https:\/\/musicbrainz.org\/artist\/f61a9571-7b8e-4977-86e6-204aa838a0a0\" target=\"_blank\" rel=\"noopener\"><img loading=\"lazy\" decoding=\"async\" width=\"30\" height=\"30\" src=\"http:\/\/adriamusic.cat\/wp-content\/uploads\/2020\/12\/MusicBrainz_logo_icon_2016.png\" alt=\"\" class=\"wp-image-371\" style=\"width:40px;height:40px\"\/><\/a><\/figure>\n<\/div><\/div>\n\n\n\n<div class=\"wp-block-column is-layout-flow wp-block-column-is-layout-flow\" style=\"flex-basis:19.99%\"><div class=\"wp-block-image\">\n<figure class=\"aligncenter size-large is-resized\"><a href=\"https:\/\/adria-mor.aixeta.cat\/ca\" target=\"_blank\" rel=\"noopener\"><img loading=\"lazy\" decoding=\"async\" width=\"426\" height=\"426\" src=\"http:\/\/adriamusic.cat\/wp-content\/uploads\/2020\/12\/aixeta.png\" alt=\"\" class=\"wp-image-403\" style=\"width:45px;height:45px\" srcset=\"http:\/\/adriamusic.cat\/wp-content\/uploads\/2020\/12\/aixeta.png 426w, http:\/\/adriamusic.cat\/wp-content\/uploads\/2020\/12\/aixeta-300x300.png 300w, http:\/\/adriamusic.cat\/wp-content\/uploads\/2020\/12\/aixeta-150x150.png 150w, http:\/\/adriamusic.cat\/wp-content\/uploads\/2020\/12\/aixeta-100x100.png 100w\" sizes=\"auto, (max-width: 426px) 100vw, 426px\" \/><\/a><\/figure>\n<\/div><\/div>\n\n\n\n<div class=\"wp-block-column is-layout-flow wp-block-column-is-layout-flow\" style=\"flex-basis:20%\"><div class=\"wp-block-image\">\n<figure class=\"aligncenter size-large is-resized\"><img decoding=\"async\" src=\"https:\/\/upload.wikimedia.org\/wikipedia\/commons\/b\/b8\/Jamendo-corpo.jpg\" alt=\"\" style=\"width:127px;height:57px\"\/><\/figure>\n<\/div><\/div>\n\n\n\n<div class=\"wp-block-column is-layout-flow wp-block-column-is-layout-flow\" style=\"flex-basis:20%\">\n<figure class=\"wp-block-image size-large\"><a href=\"https:\/\/adriamor.bandcamp.com\/\" target=\"_blank\" rel=\"noopener\"><img decoding=\"async\" src=\"https:\/\/upload.wikimedia.org\/wikipedia\/commons\/thumb\/8\/80\/Bandcamp-logotype-color.svg\/1920px-Bandcamp-logotype-color.svg.png\" alt=\"\"\/><\/a><\/figure>\n<\/div>\n<\/div>\n\n\n\n<figure class=\"wp-block-gallery has-nested-images columns-default is-cropped wp-block-gallery-1 is-layout-flex wp-block-gallery-is-layout-flex\">\n<figure class=\"wp-block-image size-large\"><img loading=\"lazy\" decoding=\"async\" width=\"848\" height=\"566\" data-id=\"419\" src=\"http:\/\/adriamusic.cat\/wp-content\/uploads\/2020\/12\/photo_2020-09-10_20-03-36.jpg\" alt=\"\" class=\"wp-image-419\" srcset=\"http:\/\/adriamusic.cat\/wp-content\/uploads\/2020\/12\/photo_2020-09-10_20-03-36.jpg 848w, http:\/\/adriamusic.cat\/wp-content\/uploads\/2020\/12\/photo_2020-09-10_20-03-36-300x200.jpg 300w, http:\/\/adriamusic.cat\/wp-content\/uploads\/2020\/12\/photo_2020-09-10_20-03-36-768x513.jpg 768w\" sizes=\"auto, (max-width: 767px) 89vw, (max-width: 1000px) 54vw, (max-width: 1071px) 543px, 580px\" \/><\/figure>\n\n\n\n<figure class=\"wp-block-image size-large\"><img loading=\"lazy\" decoding=\"async\" width=\"1024\" height=\"768\" data-id=\"421\" src=\"http:\/\/adriamusic.cat\/wp-content\/uploads\/2020\/12\/photo_2020-07-29_12-08-36-1024x768.jpg\" alt=\"\" class=\"wp-image-421\" srcset=\"http:\/\/adriamusic.cat\/wp-content\/uploads\/2020\/12\/photo_2020-07-29_12-08-36-1024x768.jpg 1024w, http:\/\/adriamusic.cat\/wp-content\/uploads\/2020\/12\/photo_2020-07-29_12-08-36-300x225.jpg 300w, http:\/\/adriamusic.cat\/wp-content\/uploads\/2020\/12\/photo_2020-07-29_12-08-36-768x576.jpg 768w, http:\/\/adriamusic.cat\/wp-content\/uploads\/2020\/12\/photo_2020-07-29_12-08-36.jpg 1280w\" sizes=\"auto, (max-width: 767px) 89vw, (max-width: 1000px) 54vw, (max-width: 1071px) 543px, 580px\" \/><\/figure>\n\n\n\n<figure class=\"wp-block-image size-large\"><img loading=\"lazy\" decoding=\"async\" width=\"848\" height=\"566\" data-id=\"420\" src=\"http:\/\/adriamusic.cat\/wp-content\/uploads\/2020\/12\/photo_2020-09-10_20-03-43.jpg\" alt=\"\" class=\"wp-image-420\" srcset=\"http:\/\/adriamusic.cat\/wp-content\/uploads\/2020\/12\/photo_2020-09-10_20-03-43.jpg 848w, http:\/\/adriamusic.cat\/wp-content\/uploads\/2020\/12\/photo_2020-09-10_20-03-43-300x200.jpg 300w, http:\/\/adriamusic.cat\/wp-content\/uploads\/2020\/12\/photo_2020-09-10_20-03-43-768x513.jpg 768w\" sizes=\"auto, (max-width: 767px) 89vw, (max-width: 1000px) 54vw, (max-width: 1071px) 543px, 580px\" \/><\/figure>\n\n\n\n<figure class=\"wp-block-image size-large\"><img loading=\"lazy\" decoding=\"async\" width=\"640\" height=\"640\" data-id=\"422\" src=\"http:\/\/adriamusic.cat\/wp-content\/uploads\/2020\/12\/photo_2020-04-28_13-56-34.jpg\" alt=\"\" class=\"wp-image-422\" srcset=\"http:\/\/adriamusic.cat\/wp-content\/uploads\/2020\/12\/photo_2020-04-28_13-56-34.jpg 640w, http:\/\/adriamusic.cat\/wp-content\/uploads\/2020\/12\/photo_2020-04-28_13-56-34-300x300.jpg 300w, http:\/\/adriamusic.cat\/wp-content\/uploads\/2020\/12\/photo_2020-04-28_13-56-34-150x150.jpg 150w, http:\/\/adriamusic.cat\/wp-content\/uploads\/2020\/12\/photo_2020-04-28_13-56-34-100x100.jpg 100w\" sizes=\"auto, (max-width: 640px) 100vw, 640px\" \/><\/figure>\n\n\n\n<figure class=\"wp-block-image size-large\"><img loading=\"lazy\" decoding=\"async\" width=\"1024\" height=\"576\" data-id=\"423\" src=\"http:\/\/adriamusic.cat\/wp-content\/uploads\/2020\/12\/photo_2020-12-21_20-58-26-1024x576.jpg\" alt=\"\" class=\"wp-image-423\" srcset=\"http:\/\/adriamusic.cat\/wp-content\/uploads\/2020\/12\/photo_2020-12-21_20-58-26-1024x576.jpg 1024w, http:\/\/adriamusic.cat\/wp-content\/uploads\/2020\/12\/photo_2020-12-21_20-58-26-300x169.jpg 300w, http:\/\/adriamusic.cat\/wp-content\/uploads\/2020\/12\/photo_2020-12-21_20-58-26-768x432.jpg 768w, http:\/\/adriamusic.cat\/wp-content\/uploads\/2020\/12\/photo_2020-12-21_20-58-26.jpg 1280w\" sizes=\"auto, (max-width: 767px) 89vw, (max-width: 1000px) 54vw, (max-width: 1071px) 543px, 580px\" \/><\/figure>\n\n\n\n<figure class=\"wp-block-image size-large\"><img loading=\"lazy\" decoding=\"async\" width=\"768\" height=\"1024\" data-id=\"1079\" src=\"http:\/\/adriamusic.cat\/wp-content\/uploads\/2023\/04\/photo_2023-03-31_21-28-46.jpg\" alt=\"\" class=\"wp-image-1079\" srcset=\"http:\/\/adriamusic.cat\/wp-content\/uploads\/2023\/04\/photo_2023-03-31_21-28-46.jpg 768w, http:\/\/adriamusic.cat\/wp-content\/uploads\/2023\/04\/photo_2023-03-31_21-28-46-225x300.jpg 225w\" sizes=\"auto, (max-width: 767px) 89vw, (max-width: 1000px) 54vw, (max-width: 1071px) 543px, 580px\" \/><\/figure>\n\n\n\n<figure class=\"wp-block-image size-large\"><img loading=\"lazy\" decoding=\"async\" width=\"960\" height=\"762\" data-id=\"470\" src=\"http:\/\/adriamusic.cat\/wp-content\/uploads\/2020\/12\/photo_2020-09-10_20-20-53.jpg\" alt=\"\" class=\"wp-image-470\" srcset=\"http:\/\/adriamusic.cat\/wp-content\/uploads\/2020\/12\/photo_2020-09-10_20-20-53.jpg 960w, http:\/\/adriamusic.cat\/wp-content\/uploads\/2020\/12\/photo_2020-09-10_20-20-53-300x238.jpg 300w, http:\/\/adriamusic.cat\/wp-content\/uploads\/2020\/12\/photo_2020-09-10_20-20-53-768x610.jpg 768w\" sizes=\"auto, (max-width: 767px) 89vw, (max-width: 1000px) 54vw, (max-width: 1071px) 543px, 580px\" \/><\/figure>\n\n\n\n<figure class=\"wp-block-image size-large\"><img loading=\"lazy\" decoding=\"async\" width=\"1024\" height=\"769\" data-id=\"1080\" src=\"http:\/\/adriamusic.cat\/wp-content\/uploads\/2023\/04\/photo_2021-05-02_14-38-16-1-1024x769.jpg\" alt=\"\" class=\"wp-image-1080\" srcset=\"http:\/\/adriamusic.cat\/wp-content\/uploads\/2023\/04\/photo_2021-05-02_14-38-16-1-1024x769.jpg 1024w, http:\/\/adriamusic.cat\/wp-content\/uploads\/2023\/04\/photo_2021-05-02_14-38-16-1-300x225.jpg 300w, http:\/\/adriamusic.cat\/wp-content\/uploads\/2023\/04\/photo_2021-05-02_14-38-16-1-768x577.jpg 768w, http:\/\/adriamusic.cat\/wp-content\/uploads\/2023\/04\/photo_2021-05-02_14-38-16-1.jpg 1280w\" sizes=\"auto, (max-width: 767px) 89vw, (max-width: 1000px) 54vw, (max-width: 1071px) 543px, 580px\" \/><\/figure>\n\n\n\n<figure class=\"wp-block-image size-large\"><img loading=\"lazy\" decoding=\"async\" width=\"768\" height=\"1024\" data-id=\"1078\" src=\"http:\/\/adriamusic.cat\/wp-content\/uploads\/2023\/04\/photo_2023-03-31_21-28-51.jpg\" alt=\"\" class=\"wp-image-1078\" srcset=\"http:\/\/adriamusic.cat\/wp-content\/uploads\/2023\/04\/photo_2023-03-31_21-28-51.jpg 768w, http:\/\/adriamusic.cat\/wp-content\/uploads\/2023\/04\/photo_2023-03-31_21-28-51-225x300.jpg 225w\" sizes=\"auto, (max-width: 767px) 89vw, (max-width: 1000px) 54vw, (max-width: 1071px) 543px, 580px\" \/><\/figure>\n\n\n\n<figure class=\"wp-block-image size-large\"><img loading=\"lazy\" decoding=\"async\" width=\"1024\" height=\"341\" data-id=\"1071\" src=\"http:\/\/adriamusic.cat\/wp-content\/uploads\/2023\/04\/410028b9ac88f2e5-1024x341.png\" alt=\"\" class=\"wp-image-1071\" srcset=\"http:\/\/adriamusic.cat\/wp-content\/uploads\/2023\/04\/410028b9ac88f2e5-1024x341.png 1024w, http:\/\/adriamusic.cat\/wp-content\/uploads\/2023\/04\/410028b9ac88f2e5-300x100.png 300w, http:\/\/adriamusic.cat\/wp-content\/uploads\/2023\/04\/410028b9ac88f2e5-768x256.png 768w, http:\/\/adriamusic.cat\/wp-content\/uploads\/2023\/04\/410028b9ac88f2e5.png 1200w\" sizes=\"auto, (max-width: 767px) 89vw, (max-width: 1000px) 54vw, (max-width: 1071px) 543px, 580px\" \/><\/figure>\n<\/figure>\n","protected":false},"excerpt":{"rendered":"<p>Diada de Sardenya Concert a l&#8217;Ass\u00f2tziu Stream Festival 2021 M\u00e9s v\u00eddeos al meu canal de PeerTube Sobirania i cultura lliure Com diu la gent de Framasoft, \u00abmai no podrem construir un altre m\u00f3n si continuem utilitzant les eines del capitalisme de vigil\u00e0ncia\u00bb. \u00c9s per aix\u00f2 que aquest treball mira de fer xarxa amb les plataformes &hellip; <\/p>\n<p class=\"link-more\"><a href=\"http:\/\/adriamusic.cat\/index.php\/multimedia\/\" class=\"more-link\">Continua llegint <span class=\"screen-reader-text\">\u00abMultim\u00e8dia\u00bb<\/span><\/a><\/p>\n","protected":false},"author":1,"featured_media":0,"parent":0,"menu_order":0,"comment_status":"closed","ping_status":"closed","template":"","meta":{"footnotes":""},"class_list":["post-167","page","type-page","status-publish","hentry"],"_links":{"self":[{"href":"http:\/\/adriamusic.cat\/index.php\/wp-json\/wp\/v2\/pages\/167","targetHints":{"allow":["GET"]}}],"collection":[{"href":"http:\/\/adriamusic.cat\/index.php\/wp-json\/wp\/v2\/pages"}],"about":[{"href":"http:\/\/adriamusic.cat\/index.php\/wp-json\/wp\/v2\/types\/page"}],"author":[{"embeddable":true,"href":"http:\/\/adriamusic.cat\/index.php\/wp-json\/wp\/v2\/users\/1"}],"replies":[{"embeddable":true,"href":"http:\/\/adriamusic.cat\/index.php\/wp-json\/wp\/v2\/comments?post=167"}],"version-history":[{"count":39,"href":"http:\/\/adriamusic.cat\/index.php\/wp-json\/wp\/v2\/pages\/167\/revisions"}],"predecessor-version":[{"id":1391,"href":"http:\/\/adriamusic.cat\/index.php\/wp-json\/wp\/v2\/pages\/167\/revisions\/1391"}],"wp:attachment":[{"href":"http:\/\/adriamusic.cat\/index.php\/wp-json\/wp\/v2\/media?parent=167"}],"curies":[{"name":"wp","href":"https:\/\/api.w.org\/{rel}","templated":true}]}}