{"id":1532,"date":"2025-10-26T09:01:04","date_gmt":"2025-10-26T09:01:04","guid":{"rendered":"http:\/\/adriamusic.cat\/?page_id=1532"},"modified":"2025-11-01T16:08:17","modified_gmt":"2025-11-01T16:08:17","slug":"beni-cun-me-in-america-puntada-3","status":"publish","type":"page","link":"http:\/\/adriamusic.cat\/index.php\/sc\/beni-cun-me-in-america-puntada-3\/","title":{"rendered":"Beni cun me in Am\u00e8rica: puntada 3"},"content":{"rendered":"<div class=\"wp-block-image\">\n<figure class=\"alignright size-large is-resized\"><img loading=\"lazy\" decoding=\"async\" width=\"1024\" height=\"576\" src=\"http:\/\/adriamusic.cat\/wp-content\/uploads\/2025\/10\/immagine-5-1024x576.png\" alt=\"\" class=\"wp-image-1538\" style=\"width:344px;height:auto\" srcset=\"http:\/\/adriamusic.cat\/wp-content\/uploads\/2025\/10\/immagine-5-1024x576.png 1024w, http:\/\/adriamusic.cat\/wp-content\/uploads\/2025\/10\/immagine-5-300x169.png 300w, http:\/\/adriamusic.cat\/wp-content\/uploads\/2025\/10\/immagine-5-768x432.png 768w, http:\/\/adriamusic.cat\/wp-content\/uploads\/2025\/10\/immagine-5.png 1245w\" sizes=\"auto, (max-width: 767px) 89vw, (max-width: 1000px) 54vw, (max-width: 1071px) 543px, 580px\" \/><\/figure>\n<\/div>\n\n\n<p>Custa chida, in <em>Beni cun me<\/em>, sigo a mi preguntare si su benidore meu siat in Am\u00e8rica opuru in su Mediterr\u00e0neu. Tzertu ca nch&#8217;at logos, comente is plajas de L\u2019Alguer, chi sunt pr\u00f2piu de ispiratzione. Est pro custu chi sa puntada cumintzat cun sa cantzone \u00abAmor i ressaca a l\u2019Alguer\u00bb, chi apo iscritu e registradu in cue, cantada in una de is plajas cuadas de la Barceloneta de Sardigna. Custu est su v\u00ecdeu ufitziale de sa cantzone.<\/p>\n\n\n<p><center><\/p>\n<p><iframe loading=\"lazy\" title=\"\u00abAmor i ressaca a l'Alguer\u00bb, Adri\u00e0 Mor [v\u00eddeo oficial 2025]\" width=\"560\" height=\"315\" src=\"https:\/\/video.anartist.org\/videos\/embed\/9505c163-73ae-4d21-948d-fc3f67ce366b\" frameborder=\"0\" allowfullscreen=\"\" sandbox=\"allow-same-origin allow-scripts allow-popups allow-forms\"><\/iframe><\/p>\n<p><\/center><\/p>\n\n<div class=\"wp-block-image\">\n<figure class=\"alignright size-large is-resized\"><img loading=\"lazy\" decoding=\"async\" width=\"1024\" height=\"574\" src=\"http:\/\/adriamusic.cat\/wp-content\/uploads\/2025\/10\/immagine-1-1024x574.png\" alt=\"\" class=\"wp-image-1534\" style=\"width:284px;height:auto\" srcset=\"http:\/\/adriamusic.cat\/wp-content\/uploads\/2025\/10\/immagine-1-1024x574.png 1024w, http:\/\/adriamusic.cat\/wp-content\/uploads\/2025\/10\/immagine-1-300x168.png 300w, http:\/\/adriamusic.cat\/wp-content\/uploads\/2025\/10\/immagine-1-768x431.png 768w, http:\/\/adriamusic.cat\/wp-content\/uploads\/2025\/10\/immagine-1.png 1123w\" sizes=\"auto, (max-width: 767px) 89vw, (max-width: 1000px) 54vw, (max-width: 1071px) 543px, 580px\" \/><figcaption class=\"wp-element-caption\">Paolo Ruffi<\/figcaption><\/figure>\n<\/div>\n\n\n<p>Dae in cue, regordo a Paolo Ruffi, chi m\u2019at invitadu a papare cosas delitziosas de su ristorante suo de Portland. Issu est de meda chi bivet in Istados Unidos, ma tenet unu cuss\u00ecgiu craru pro sa gente gi\u00f2vana de Sardigna: \u00abatura in Sardigna\u00bb pro contribuire a dda megiorare.<\/p>\n\n\n<div class=\"wp-block-image\">\n<figure class=\"alignleft size-large is-resized\"><img loading=\"lazy\" decoding=\"async\" width=\"1024\" height=\"575\" src=\"http:\/\/adriamusic.cat\/wp-content\/uploads\/2025\/10\/immagine-2-1024x575.png\" alt=\"\" class=\"wp-image-1535\" style=\"width:309px;height:auto\" srcset=\"http:\/\/adriamusic.cat\/wp-content\/uploads\/2025\/10\/immagine-2-1024x575.png 1024w, http:\/\/adriamusic.cat\/wp-content\/uploads\/2025\/10\/immagine-2-300x168.png 300w, http:\/\/adriamusic.cat\/wp-content\/uploads\/2025\/10\/immagine-2-768x431.png 768w, http:\/\/adriamusic.cat\/wp-content\/uploads\/2025\/10\/immagine-2.png 1282w\" sizes=\"auto, (max-width: 767px) 89vw, (max-width: 1000px) 54vw, (max-width: 1071px) 543px, 580px\" \/><figcaption class=\"wp-element-caption\">Cun Luca Lai<\/figcaption><\/figure>\n<\/div>\n\n\n<p><\/p>\n\n\n\n<p>Dae Portland, biagiamus a pustis a sa East Coast, a s\u2019istadu de sa Carolina de su Nord, pro conn\u00f2schere a Luca Lai, antrop\u00f2logu e chircadore de s\u2019universidade de Charlotte. Dd\u2019apo cuntatadu cando apo l\u00e8ghidu s&#8217;art\u00ecculu chi at iscritu, in paris cun Sharon Watson, in pitzus de colonialidade e Sardigna: <em><a href=\"https:\/\/www.berghahnjournals.com\/view\/journals\/ajec\/30\/2\/ajec300209.xml\">Sardinian Lives Matter<\/a><\/em>. Cun issu, amus faeddadu in pitzus de comente siat diferente s\u2019esperi\u00e8ntzia de istudiare in Istados Unidos: \u00abinoghe, totu is iscolas tenent su <em>metal detector<\/em> a s&#8217;intrada\u00bb.<\/p>\n\n\n\n<figure class=\"wp-block-image size-large\"><img loading=\"lazy\" decoding=\"async\" width=\"1024\" height=\"575\" src=\"http:\/\/adriamusic.cat\/wp-content\/uploads\/2025\/10\/immagine-4-1024x575.png\" alt=\"\" class=\"wp-image-1537\" srcset=\"http:\/\/adriamusic.cat\/wp-content\/uploads\/2025\/10\/immagine-4-1024x575.png 1024w, http:\/\/adriamusic.cat\/wp-content\/uploads\/2025\/10\/immagine-4-300x168.png 300w, http:\/\/adriamusic.cat\/wp-content\/uploads\/2025\/10\/immagine-4-768x431.png 768w, http:\/\/adriamusic.cat\/wp-content\/uploads\/2025\/10\/immagine-4.png 1282w\" sizes=\"auto, (max-width: 767px) 89vw, (max-width: 1000px) 54vw, (max-width: 1071px) 543px, 580px\" \/><figcaption class=\"wp-element-caption\">Catalina Roselli<\/figcaption><\/figure>\n\n\n\n<p>Torrados a L\u2019Alguer, add\u00f2bio a s\u2019amiga <a href=\"https:\/\/www.instagram.com\/afattadisoli\/\">Catalina Roselli<\/a>, un\u2019<em>istedda<\/em> gadduresa chi faghet parte de initziativas comente <a href=\"http:\/\/www.sardware.org\">Sardware<\/a> e <a href=\"https:\/\/assembleasarda.org\/\">Assemblea Natzionale Sarda<\/a>. Issa mi faghet cumpr\u00e8ndere chi non serbit a si tramudare f\u00ecsicamente pro cumpr\u00e8ndere \u00e0teras culturas: difatis, issa mi contat chi est traduende Dostoevskij dae su russu a su gadduresu.<\/p>\n\n\n\n<figure class=\"wp-block-image size-large\"><img loading=\"lazy\" decoding=\"async\" width=\"1024\" height=\"574\" src=\"http:\/\/adriamusic.cat\/wp-content\/uploads\/2025\/10\/immagine-6-1024x574.png\" alt=\"\" class=\"wp-image-1539\" srcset=\"http:\/\/adriamusic.cat\/wp-content\/uploads\/2025\/10\/immagine-6-1024x574.png 1024w, http:\/\/adriamusic.cat\/wp-content\/uploads\/2025\/10\/immagine-6-300x168.png 300w, http:\/\/adriamusic.cat\/wp-content\/uploads\/2025\/10\/immagine-6-768x431.png 768w, http:\/\/adriamusic.cat\/wp-content\/uploads\/2025\/10\/immagine-6.png 1284w\" sizes=\"auto, (max-width: 767px) 89vw, (max-width: 1000px) 54vw, (max-width: 1071px) 543px, 580px\" \/><figcaption class=\"wp-element-caption\">Calada de su sole a La foradada<\/figcaption><\/figure>\n\n\n\n<p>C\u00e0stia inoghe sa de tres puntadas:<\/p>\n\n\n<div class=\"wp-block-image\">\n<figure class=\"aligncenter size-full\"><a href=\"https:\/\/www.raiplay.it\/video\/2025\/10\/Beni-cun-me-Usa-pt3-6464130c-9072-4e8d-ae40-69aaa440ade7.html\" target=\"_blank\" rel=\" noreferrer noopener\"><img loading=\"lazy\" decoding=\"async\" width=\"286\" height=\"220\" src=\"http:\/\/adriamusic.cat\/wp-content\/uploads\/2025\/11\/immagine.png\" alt=\"\" class=\"wp-image-1552\"\/><\/a><\/figure>\n<\/div>","protected":false},"excerpt":{"rendered":"<p>Custa chida, in Beni cun me, sigo a mi preguntare si su benidore meu siat in Am\u00e8rica opuru in su Mediterr\u00e0neu. Tzertu ca nch&#8217;at logos, comente is plajas de L\u2019Alguer, chi sunt pr\u00f2piu de ispiratzione. Est pro custu chi sa puntada cumintzat cun sa cantzone \u00abAmor i ressaca a l\u2019Alguer\u00bb, chi apo iscritu e registradu &hellip; <\/p>\n<p class=\"link-more\"><a href=\"http:\/\/adriamusic.cat\/index.php\/sc\/beni-cun-me-in-america-puntada-3\/\" class=\"more-link\">Continua llegint <span class=\"screen-reader-text\">\u00abBeni cun me in Am\u00e8rica: puntada 3\u00bb<\/span><\/a><\/p>\n","protected":false},"author":1,"featured_media":0,"parent":0,"menu_order":0,"comment_status":"closed","ping_status":"closed","template":"","meta":{"footnotes":""},"class_list":["post-1532","page","type-page","status-publish","hentry"],"_links":{"self":[{"href":"http:\/\/adriamusic.cat\/index.php\/wp-json\/wp\/v2\/pages\/1532","targetHints":{"allow":["GET"]}}],"collection":[{"href":"http:\/\/adriamusic.cat\/index.php\/wp-json\/wp\/v2\/pages"}],"about":[{"href":"http:\/\/adriamusic.cat\/index.php\/wp-json\/wp\/v2\/types\/page"}],"author":[{"embeddable":true,"href":"http:\/\/adriamusic.cat\/index.php\/wp-json\/wp\/v2\/users\/1"}],"replies":[{"embeddable":true,"href":"http:\/\/adriamusic.cat\/index.php\/wp-json\/wp\/v2\/comments?post=1532"}],"version-history":[{"count":5,"href":"http:\/\/adriamusic.cat\/index.php\/wp-json\/wp\/v2\/pages\/1532\/revisions"}],"predecessor-version":[{"id":1556,"href":"http:\/\/adriamusic.cat\/index.php\/wp-json\/wp\/v2\/pages\/1532\/revisions\/1556"}],"wp:attachment":[{"href":"http:\/\/adriamusic.cat\/index.php\/wp-json\/wp\/v2\/media?parent=1532"}],"curies":[{"name":"wp","href":"https:\/\/api.w.org\/{rel}","templated":true}]}}