{"id":1531,"date":"2025-10-26T09:01:07","date_gmt":"2025-10-26T09:01:07","guid":{"rendered":"http:\/\/adriamusic.cat\/?page_id=1531"},"modified":"2025-11-01T15:54:33","modified_gmt":"2025-11-01T15:54:33","slug":"beni-cun-me-in-america-capitol-3","status":"publish","type":"page","link":"http:\/\/adriamusic.cat\/index.php\/beni-cun-me-in-america-capitol-3\/","title":{"rendered":"Beni cun me in Am\u00e8rica: cap\u00edtol 3"},"content":{"rendered":"<div class=\"wp-block-image\">\n<figure class=\"alignright size-large is-resized\"><img loading=\"lazy\" decoding=\"async\" width=\"1024\" height=\"576\" src=\"http:\/\/adriamusic.cat\/wp-content\/uploads\/2025\/10\/immagine-5-1024x576.png\" alt=\"\" class=\"wp-image-1538\" style=\"width:344px;height:auto\" srcset=\"http:\/\/adriamusic.cat\/wp-content\/uploads\/2025\/10\/immagine-5-1024x576.png 1024w, http:\/\/adriamusic.cat\/wp-content\/uploads\/2025\/10\/immagine-5-300x169.png 300w, http:\/\/adriamusic.cat\/wp-content\/uploads\/2025\/10\/immagine-5-768x432.png 768w, http:\/\/adriamusic.cat\/wp-content\/uploads\/2025\/10\/immagine-5.png 1245w\" sizes=\"auto, (max-width: 767px) 89vw, (max-width: 1000px) 54vw, (max-width: 1071px) 543px, 580px\" \/><\/figure>\n<\/div>\n\n\n<p>Aquesta setmana, a <em>Beni cun me<\/em>, continuo demanant-me si el meu futur \u00e9s a Am\u00e8rica o al Mediterrani. \u00c9s veritat que hi ha llocs, com ara les platges de l&#8217;Alguer, que s\u00f3n paratges d&#8217;inspiraci\u00f3. Per aix\u00f2 el cap\u00edtol comen\u00e7a amb la can\u00e7\u00f3 \u00abAmor i ressaca a l\u2019Alguer\u00bb \u2014que vaig escriure i enregistrar all\u00e0\u2014 cantada en una de les platges amagades de la Barceloneta de Sardenya. Aquest \u00e9s el v\u00eddeo oficial de la can\u00e7\u00f3.<\/p>\n\n\n<p><center><\/p>\n<p><iframe loading=\"lazy\" title=\"\u00abAmor i ressaca a l'Alguer\u00bb, Adri\u00e0 Mor [v\u00eddeo oficial 2025]\" width=\"560\" height=\"315\" src=\"https:\/\/video.anartist.org\/videos\/embed\/9505c163-73ae-4d21-948d-fc3f67ce366b\" frameborder=\"0\" allowfullscreen=\"\" sandbox=\"allow-same-origin allow-scripts allow-popups allow-forms\"><\/iframe><\/p>\n<p><\/center><\/p>\n\n<div class=\"wp-block-image\">\n<figure class=\"alignright size-large is-resized\"><img loading=\"lazy\" decoding=\"async\" width=\"1024\" height=\"574\" src=\"http:\/\/adriamusic.cat\/wp-content\/uploads\/2025\/10\/immagine-1-1024x574.png\" alt=\"\" class=\"wp-image-1534\" style=\"width:284px;height:auto\" srcset=\"http:\/\/adriamusic.cat\/wp-content\/uploads\/2025\/10\/immagine-1-1024x574.png 1024w, http:\/\/adriamusic.cat\/wp-content\/uploads\/2025\/10\/immagine-1-300x168.png 300w, http:\/\/adriamusic.cat\/wp-content\/uploads\/2025\/10\/immagine-1-768x431.png 768w, http:\/\/adriamusic.cat\/wp-content\/uploads\/2025\/10\/immagine-1.png 1123w\" sizes=\"auto, (max-width: 767px) 89vw, (max-width: 1000px) 54vw, (max-width: 1071px) 543px, 580px\" \/><figcaption class=\"wp-element-caption\">Paolo Ruffi<\/figcaption><\/figure>\n<\/div>\n\n\n<p>Des d&#8217;all\u00e0, recordo en Paolo Ruffi, que em va convidar a menjar un \u00e0pat delici\u00f3s al seu restaurant de Portland. Ell fa anys que viu als Estats Units, per\u00f2 t\u00e9 un consell clar per al jovent sard: \u00abquedeu-vos a Sardenya\u00bb i contribu\u00efu a millorar-la.<\/p>\n\n\n<div class=\"wp-block-image\">\n<figure class=\"alignleft size-large is-resized\"><img loading=\"lazy\" decoding=\"async\" width=\"1024\" height=\"575\" src=\"http:\/\/adriamusic.cat\/wp-content\/uploads\/2025\/10\/immagine-2-1024x575.png\" alt=\"\" class=\"wp-image-1535\" style=\"width:309px;height:auto\" srcset=\"http:\/\/adriamusic.cat\/wp-content\/uploads\/2025\/10\/immagine-2-1024x575.png 1024w, http:\/\/adriamusic.cat\/wp-content\/uploads\/2025\/10\/immagine-2-300x168.png 300w, http:\/\/adriamusic.cat\/wp-content\/uploads\/2025\/10\/immagine-2-768x431.png 768w, http:\/\/adriamusic.cat\/wp-content\/uploads\/2025\/10\/immagine-2.png 1282w\" sizes=\"auto, (max-width: 767px) 89vw, (max-width: 1000px) 54vw, (max-width: 1071px) 543px, 580px\" \/><figcaption class=\"wp-element-caption\">Amb en Luca Lai<\/figcaption><\/figure>\n<\/div>\n\n\n<p><\/p>\n\n\n\n<p>Des de Portland, viatgem a continuaci\u00f3 fins a la costa Est, a l&#8217;estat de Carolina del Nord, per con\u00e8ixer en Luca Lai, antrop\u00f2leg i investigador de la universitat de Charlotte. Hi vaig contactar arran del seu article, escrit juntament amb Sharon Watson, sobre colonialitat i Sardenya: <em><a href=\"https:\/\/www.berghahnjournals.com\/view\/journals\/ajec\/30\/2\/ajec300209.xml\">Sardinian Lives Matter<\/a><\/em>. Amb ell, vam parlar de com \u00e9s l&#8217;experi\u00e8ncia d&#8217;estudiar als EUA: \u00abaqu\u00ed, totes les escoles tenen un detector de metalls a l&#8217;entrada\u00bb.<\/p>\n\n\n\n<figure class=\"wp-block-image size-large\"><img loading=\"lazy\" decoding=\"async\" width=\"1024\" height=\"575\" src=\"http:\/\/adriamusic.cat\/wp-content\/uploads\/2025\/10\/immagine-4-1024x575.png\" alt=\"\" class=\"wp-image-1537\" srcset=\"http:\/\/adriamusic.cat\/wp-content\/uploads\/2025\/10\/immagine-4-1024x575.png 1024w, http:\/\/adriamusic.cat\/wp-content\/uploads\/2025\/10\/immagine-4-300x168.png 300w, http:\/\/adriamusic.cat\/wp-content\/uploads\/2025\/10\/immagine-4-768x431.png 768w, http:\/\/adriamusic.cat\/wp-content\/uploads\/2025\/10\/immagine-4.png 1282w\" sizes=\"auto, (max-width: 767px) 89vw, (max-width: 1000px) 54vw, (max-width: 1071px) 543px, 580px\" \/><figcaption class=\"wp-element-caption\">Catalina Roselli<\/figcaption><\/figure>\n\n\n\n<p>De tornada a l&#8217;Alguer, em trobo amb l&#8217;amiga <a href=\"https:\/\/www.instagram.com\/afattadisoli\/\">Catalina Roselli<\/a>, una <em>istedda<\/em> (&#8216;noia&#8217;, en gal\u00b7lur\u00e8s) que forma part d&#8217;iniciatives com <a href=\"http:\/\/www.sardware.org\">Sardware<\/a> i l&#8217;<a href=\"https:\/\/assembleasarda.org\/\">Assemblea Natzionale Sarda<\/a>. Ella m&#8217;ajuda a entendre que no cal traslladar-se f\u00edsicament de lloc per a entendre altres cultures: de fet, m&#8217;explica que ella est\u00e0 traduint Dostoievski del rus al gal\u00b7lur\u00e8s.<\/p>\n\n\n\n<figure class=\"wp-block-image size-large\"><img loading=\"lazy\" decoding=\"async\" width=\"1024\" height=\"574\" src=\"http:\/\/adriamusic.cat\/wp-content\/uploads\/2025\/10\/immagine-6-1024x574.png\" alt=\"\" class=\"wp-image-1539\" srcset=\"http:\/\/adriamusic.cat\/wp-content\/uploads\/2025\/10\/immagine-6-1024x574.png 1024w, http:\/\/adriamusic.cat\/wp-content\/uploads\/2025\/10\/immagine-6-300x168.png 300w, http:\/\/adriamusic.cat\/wp-content\/uploads\/2025\/10\/immagine-6-768x431.png 768w, http:\/\/adriamusic.cat\/wp-content\/uploads\/2025\/10\/immagine-6.png 1284w\" sizes=\"auto, (max-width: 767px) 89vw, (max-width: 1000px) 54vw, (max-width: 1071px) 543px, 580px\" \/><figcaption class=\"wp-element-caption\">Posta de sol a La foradada<\/figcaption><\/figure>\n\n\n\n<p>Vegeu aqu\u00ed el tercer cap\u00edtol:<\/p>\n\n\n<div class=\"wp-block-image\">\n<figure class=\"aligncenter size-full\"><a href=\"https:\/\/www.raiplay.it\/video\/2025\/10\/Beni-cun-me-Usa-pt3-6464130c-9072-4e8d-ae40-69aaa440ade7.html\" target=\"_blank\" rel=\" noreferrer noopener\"><img loading=\"lazy\" decoding=\"async\" width=\"286\" height=\"220\" src=\"http:\/\/adriamusic.cat\/wp-content\/uploads\/2025\/11\/immagine.png\" alt=\"\" class=\"wp-image-1552\"\/><\/a><\/figure>\n<\/div>","protected":false},"excerpt":{"rendered":"<p>Aquesta setmana, a Beni cun me, continuo demanant-me si el meu futur \u00e9s a Am\u00e8rica o al Mediterrani. \u00c9s veritat que hi ha llocs, com ara les platges de l&#8217;Alguer, que s\u00f3n paratges d&#8217;inspiraci\u00f3. Per aix\u00f2 el cap\u00edtol comen\u00e7a amb la can\u00e7\u00f3 \u00abAmor i ressaca a l\u2019Alguer\u00bb \u2014que vaig escriure i enregistrar all\u00e0\u2014 cantada en &hellip; <\/p>\n<p class=\"link-more\"><a href=\"http:\/\/adriamusic.cat\/index.php\/beni-cun-me-in-america-capitol-3\/\" class=\"more-link\">Continua llegint <span class=\"screen-reader-text\">\u00abBeni cun me in Am\u00e8rica: cap\u00edtol 3\u00bb<\/span><\/a><\/p>\n","protected":false},"author":1,"featured_media":0,"parent":0,"menu_order":0,"comment_status":"closed","ping_status":"closed","template":"","meta":{"footnotes":""},"class_list":["post-1531","page","type-page","status-publish","hentry"],"_links":{"self":[{"href":"http:\/\/adriamusic.cat\/index.php\/wp-json\/wp\/v2\/pages\/1531","targetHints":{"allow":["GET"]}}],"collection":[{"href":"http:\/\/adriamusic.cat\/index.php\/wp-json\/wp\/v2\/pages"}],"about":[{"href":"http:\/\/adriamusic.cat\/index.php\/wp-json\/wp\/v2\/types\/page"}],"author":[{"embeddable":true,"href":"http:\/\/adriamusic.cat\/index.php\/wp-json\/wp\/v2\/users\/1"}],"replies":[{"embeddable":true,"href":"http:\/\/adriamusic.cat\/index.php\/wp-json\/wp\/v2\/comments?post=1531"}],"version-history":[{"count":4,"href":"http:\/\/adriamusic.cat\/index.php\/wp-json\/wp\/v2\/pages\/1531\/revisions"}],"predecessor-version":[{"id":1555,"href":"http:\/\/adriamusic.cat\/index.php\/wp-json\/wp\/v2\/pages\/1531\/revisions\/1555"}],"wp:attachment":[{"href":"http:\/\/adriamusic.cat\/index.php\/wp-json\/wp\/v2\/media?parent=1531"}],"curies":[{"name":"wp","href":"https:\/\/api.w.org\/{rel}","templated":true}]}}