{"id":1520,"date":"2025-10-13T18:01:19","date_gmt":"2025-10-13T18:01:19","guid":{"rendered":"http:\/\/adriamusic.cat\/?page_id=1520"},"modified":"2025-10-26T17:25:19","modified_gmt":"2025-10-26T17:25:19","slug":"beni-cun-me-in-america-puntada-2","status":"publish","type":"page","link":"http:\/\/adriamusic.cat\/index.php\/sc\/beni-cun-me-in-america-puntada-2\/","title":{"rendered":"Beni cun me in Am\u00e8rica: puntada 2"},"content":{"rendered":"\n<p>In custa segunda puntada de <em>Beni cun me in Am\u00e8rica<\/em>, b\u00ecsito su parcu de Lu C\u00e0ntaru, acanta de T\u00e0tari, in ue Agostinu e Christian sunt istantargende unu mundu nou, basadu in sa cumpartzidura e su traballu a cumone. Mi contant chi is b\u00ecsitas a s&#8217;ispissu lassant calicuna cosa in c\u00e0mbiu de s&#8217;acoll\u00e8ntzia, e duncas deo ddis apo a regalare su romantzu <em>L\u00e8bius nche passamus in sa terra<\/em>, sa tradutzione mia de unu de is prus autores sardos istimados, e chi contat s&#8217;ist\u00f2ria de Sardigna in una manera bella diaderu (leghe\u00b7nde de prus <a href=\"http:\/\/adriamusic.cat\/index.php\/passavem-per-la-terra-lleugers\/\">in su blog meu<\/a>).<\/p>\n\n\n\n<figure class=\"wp-block-image size-large\"><img loading=\"lazy\" decoding=\"async\" width=\"1024\" height=\"578\" src=\"http:\/\/adriamusic.cat\/wp-content\/uploads\/2025\/10\/image-4-1024x578.png\" alt=\"Agostino i Christian, de Lu C\u00e0ntaru.\" class=\"wp-image-1491\" srcset=\"http:\/\/adriamusic.cat\/wp-content\/uploads\/2025\/10\/image-4-1024x578.png 1024w, http:\/\/adriamusic.cat\/wp-content\/uploads\/2025\/10\/image-4-300x169.png 300w, http:\/\/adriamusic.cat\/wp-content\/uploads\/2025\/10\/image-4-768x434.png 768w, http:\/\/adriamusic.cat\/wp-content\/uploads\/2025\/10\/image-4-1536x867.png 1536w, http:\/\/adriamusic.cat\/wp-content\/uploads\/2025\/10\/image-4-2048x1156.png 2048w\" sizes=\"auto, (max-width: 767px) 89vw, (max-width: 1000px) 54vw, (max-width: 1071px) 543px, 580px\" \/><figcaption class=\"wp-element-caption\">Agostinu retzit sa tradutzione mia de Sergio Atzeni<\/figcaption><\/figure>\n\n\n\n<p>Dae su parcu, apo a regordare duas pitzocas sardas chi apo connotu in Calif\u00f2rnia. Pro primu, Simona Vacca, una gi\u00f2vana imprendidora de Orosei chi at abertu una geladeria in West Covina, e chi m&#8217;at a f\u00e0ghere tastare is gelados suos cun sabores noos, chi ddi ant fatu b\u00ecnchere pr\u00e8mios, comente su geladu de tzaferanu de Sardigna.<\/p>\n\n\n\n<figure class=\"wp-block-table\"><table class=\"has-fixed-layout\"><tbody><tr><td><img decoding=\"async\" src=\"http:\/\/adriamusic.cat\/wp-content\/uploads\/2025\/10\/image-5-1024x578.png\" alt=\"Postal de presentaci\u00f3 de Simona Vacca.\">Simona Vacca<\/td><td><img decoding=\"async\" src=\"http:\/\/adriamusic.cat\/wp-content\/uploads\/2025\/10\/image-6-1024x578.png\" alt=\"Postal de presentaci\u00f3 de Franca Bulloni.\">Franca Bulloni<\/td><\/tr><\/tbody><\/table><\/figure>\n\n\n\n<p>A pustis, Franca Bulloni, educadora e atora de Bitzi, mi contat comente si bidet Sardigna dae Hollywood. Gr\u00e0tzias a custa connosch\u00e8ntzia in <em>Beni cun me<\/em>, Franca at atzetadu pagu tempus a pustis de protagonizare su v\u00ecdeu de sa cantzone mia \u00ab<a href=\"https:\/\/video.anartist.org\/w\/nWPxUfWH3y7adAQQd3j5va\">Non bido s&#8217;ora<\/a>\u00bb, de su discu <em><a href=\"http:\/\/adriamusic.cat\/index.php\/de-sardenya-a-california\/\">De Sardenya a Calif\u00f2rnia<\/a><\/em> (2024). Est istada un&#8217;esperi\u00e8ntzia bella meda a registrare in paris cun issa custu v\u00ecdeu in Calif\u00f2rnia, e ddi torro gr\u00e0tzias meda!<\/p>\n\n\n<p><center><iframe loading=\"lazy\" title=\"\u00abNon bido s'ora\u00bb, Adri\u00e0 Mor ('De Sardenya a Calif\u00f2rnia', 2024)\" src=\"https:\/\/video.anartist.org\/videos\/embed\/b1b76111-e00e-4b39-b5a6-d2ad894e219b\" width=\"560\" height=\"315\" frameborder=\"0\" sandbox=\"allow-same-origin allow-scripts allow-popups allow-forms\" allowfullscreen=\"allowfullscreen\"><\/iframe><\/center><\/p>\n\n\n<p>Pro serrare, Silvia Pilia, cantadora in l\u00ecngua turritana, m&#8217;at a contare comente is bi\u00e0gios chi at fatu in su mundu alimentant sa m\u00f9sica sua. Is parres de totu custas f\u00e8minas biagiadoras m&#8217;ant a agiudare a detz\u00ecdere si su logu miu est in Calif\u00f2rnia opuru in su Mediterr\u00e0neu.<\/p>\n\n\n\n<figure class=\"wp-block-image size-large\"><img loading=\"lazy\" decoding=\"async\" width=\"1024\" height=\"578\" src=\"http:\/\/adriamusic.cat\/wp-content\/uploads\/2025\/10\/image-1-1024x578.png\" alt=\"Des del capdamunt de Lu C\u00e0ntaru es pot veure C\u00f2rsega.\" class=\"wp-image-1482\" srcset=\"http:\/\/adriamusic.cat\/wp-content\/uploads\/2025\/10\/image-1-1024x578.png 1024w, http:\/\/adriamusic.cat\/wp-content\/uploads\/2025\/10\/image-1-300x169.png 300w, http:\/\/adriamusic.cat\/wp-content\/uploads\/2025\/10\/image-1-768x434.png 768w, http:\/\/adriamusic.cat\/wp-content\/uploads\/2025\/10\/image-1-1536x867.png 1536w, http:\/\/adriamusic.cat\/wp-content\/uploads\/2025\/10\/image-1-2048x1156.png 2048w\" sizes=\"auto, (max-width: 767px) 89vw, (max-width: 1000px) 54vw, (max-width: 1071px) 543px, 580px\" \/><figcaption class=\"wp-element-caption\">Dae pitzus de Lu C\u00e0ntaru si podet b\u00ecdere sa C\u00f2rsica<\/figcaption><\/figure>\n\n\n<div class=\"wp-block-image\">\n<figure class=\"aligncenter size-full\"><a href=\"https:\/\/www.raiplay.it\/video\/2025\/10\/Beni-cun-me-in-America-pt2-e89fa515-4e8f-43d9-b31c-7bb8f34a0a01.html\"><img loading=\"lazy\" decoding=\"async\" width=\"292\" height=\"200\" src=\"http:\/\/adriamusic.cat\/wp-content\/uploads\/2025\/10\/immagine-7.png\" alt=\"\" class=\"wp-image-1548\"\/><\/a><\/figure>\n<\/div>","protected":false},"excerpt":{"rendered":"<p>In custa segunda puntada de Beni cun me in Am\u00e8rica, b\u00ecsito su parcu de Lu C\u00e0ntaru, acanta de T\u00e0tari, in ue Agostinu e Christian sunt istantargende unu mundu nou, basadu in sa cumpartzidura e su traballu a cumone. Mi contant chi is b\u00ecsitas a s&#8217;ispissu lassant calicuna cosa in c\u00e0mbiu de s&#8217;acoll\u00e8ntzia, e duncas deo &hellip; <\/p>\n<p class=\"link-more\"><a href=\"http:\/\/adriamusic.cat\/index.php\/sc\/beni-cun-me-in-america-puntada-2\/\" class=\"more-link\">Continua llegint <span class=\"screen-reader-text\">\u00abBeni cun me in Am\u00e8rica: puntada 2\u00bb<\/span><\/a><\/p>\n","protected":false},"author":1,"featured_media":0,"parent":0,"menu_order":0,"comment_status":"closed","ping_status":"closed","template":"","meta":{"footnotes":""},"class_list":["post-1520","page","type-page","status-publish","hentry"],"_links":{"self":[{"href":"http:\/\/adriamusic.cat\/index.php\/wp-json\/wp\/v2\/pages\/1520","targetHints":{"allow":["GET"]}}],"collection":[{"href":"http:\/\/adriamusic.cat\/index.php\/wp-json\/wp\/v2\/pages"}],"about":[{"href":"http:\/\/adriamusic.cat\/index.php\/wp-json\/wp\/v2\/types\/page"}],"author":[{"embeddable":true,"href":"http:\/\/adriamusic.cat\/index.php\/wp-json\/wp\/v2\/users\/1"}],"replies":[{"embeddable":true,"href":"http:\/\/adriamusic.cat\/index.php\/wp-json\/wp\/v2\/comments?post=1520"}],"version-history":[{"count":2,"href":"http:\/\/adriamusic.cat\/index.php\/wp-json\/wp\/v2\/pages\/1520\/revisions"}],"predecessor-version":[{"id":1549,"href":"http:\/\/adriamusic.cat\/index.php\/wp-json\/wp\/v2\/pages\/1520\/revisions\/1549"}],"wp:attachment":[{"href":"http:\/\/adriamusic.cat\/index.php\/wp-json\/wp\/v2\/media?parent=1520"}],"curies":[{"name":"wp","href":"https:\/\/api.w.org\/{rel}","templated":true}]}}