{"id":1483,"date":"2025-10-13T16:44:32","date_gmt":"2025-10-13T16:44:32","guid":{"rendered":"http:\/\/adriamusic.cat\/?page_id=1483"},"modified":"2025-10-13T17:46:39","modified_gmt":"2025-10-13T17:46:39","slug":"passavem-per-la-terra-lleugers","status":"publish","type":"page","link":"http:\/\/adriamusic.cat\/index.php\/passavem-per-la-terra-lleugers\/","title":{"rendered":"&#8216;Pass\u00e0vem per la terra lleugers&#8217;, de Sergio Atzeni"},"content":{"rendered":"<div class=\"wp-block-image\">\n<figure class=\"alignleft size-medium is-resized\"><img loading=\"lazy\" decoding=\"async\" width=\"224\" height=\"300\" src=\"http:\/\/adriamusic.cat\/wp-content\/uploads\/2025\/10\/image-2-224x300.png\" alt=\"Pintada en un carrer de C\u00e0ller. S'hi llegeix \u00abVia Sergio Atzeni\u00bb, i alg\u00fa hi ha ratllat al damunt la paraula en itali\u00e0.\" class=\"wp-image-1484\" style=\"width:213px;height:auto\" srcset=\"http:\/\/adriamusic.cat\/wp-content\/uploads\/2025\/10\/image-2-224x300.png 224w, http:\/\/adriamusic.cat\/wp-content\/uploads\/2025\/10\/image-2-765x1024.png 765w, http:\/\/adriamusic.cat\/wp-content\/uploads\/2025\/10\/image-2-768x1028.png 768w, http:\/\/adriamusic.cat\/wp-content\/uploads\/2025\/10\/image-2-1147x1536.png 1147w, http:\/\/adriamusic.cat\/wp-content\/uploads\/2025\/10\/image-2-1530x2048.png 1530w, http:\/\/adriamusic.cat\/wp-content\/uploads\/2025\/10\/image-2-scaled.png 1912w\" sizes=\"auto, (max-width: 224px) 100vw, 224px\" \/><\/figure>\n<\/div>\n\n\n<p>Vaig topar amb Atzeni un dia d&#8217;estiu, passejant per Terranoa (Olbia, en itali\u00e0), un dels primers cops que visitava Sardenya. La seva darrera novel\u00b7la <em>Passavamo sulla terra leggeri<\/em>, publicada de manera p\u00f2stuma (1996), em va cridar l&#8217;atenci\u00f3 en aquella parada de llibres de segona m\u00e0 del mig del carrer, prop del port, sota un sol fulminant. No era el primer cop que el veia, i vaig recon\u00e8ixer el nom de l&#8217;autor, ja que, d&#8217;alguna manera, m&#8217;havia adonat de l&#8217;estima que li t\u00e9 la societat sarda.<\/p>\n\n\n<div class=\"wp-block-image\">\n<figure class=\"alignright size-medium\"><a href=\"https:\/\/www.lleonardmuntanereditor.cat\/producte\/passavem-per-la-terra-lleugers\/\" target=\"_blank\" rel=\" noreferrer noopener\"><img loading=\"lazy\" decoding=\"async\" width=\"203\" height=\"300\" src=\"http:\/\/adriamusic.cat\/wp-content\/uploads\/2025\/10\/image-3-203x300.png\" alt=\"\" class=\"wp-image-1485\" srcset=\"http:\/\/adriamusic.cat\/wp-content\/uploads\/2025\/10\/image-3-203x300.png 203w, http:\/\/adriamusic.cat\/wp-content\/uploads\/2025\/10\/image-3.png 693w\" sizes=\"auto, (max-width: 203px) 100vw, 203px\" \/><\/a><figcaption class=\"wp-element-caption\"><a href=\"https:\/\/www.lleonardmuntanereditor.cat\/producte\/passavem-per-la-terra-lleugers\/\">https:\/\/www.lleonardmuntanereditor.cat\/producte\/passavem-per-la-terra-lleugers\/<\/a><\/figcaption><\/figure>\n<\/div>\n\n\n<p>Vaig comprar-me el llibre i, per la resta del meu estiu, em va fer de guia de viatges per Sardenya. En certa manera, em va acompanyar al llarg del meu aprenentatge de la cultura sarda. Potser des d&#8217;aquell mateix estiu, vaig posar-me a traduir-lo.<\/p>\n\n\n\n<p>Atzeni, tal com va deixar escrit, va posar el punt final a la novel\u00b7la tot just una setmana abans de la seva tr\u00e0gica desaparici\u00f3, al mar d&#8217;U P\u00e0ize (illa de Sant Pere). Potser per aix\u00f2 \u2014o pel fet que la seva novel\u00b7la ha ajudat a fer con\u00e8ixer la hist\u00f2ria de Sardenya a diverses generacions privades de ser-hi educades\u2014, <em>Pass\u00e0vem per la terra lleugers<\/em> s&#8217;ha convertit en un llibre de culte, imprescindible per a qualsevol persona que vulgui endinsar-se en la hist\u00f2ria de l&#8217;illa. Atzeni, de fet, \u00e9s l&#8217;<em>alter ego<\/em> del protagonista, un nen de vuit anys que escolta com Antonio Setzu (el cognom \u00e9s la contracci\u00f3 de <em>su betzu<\/em>, &#8216;el vell&#8217;) li narra la hist\u00f2ria dels seus avantpassats, des de la nit dels temps, fins al dia \u00abde la p\u00e8rdua de la llibertat de la nostra terra\u00bb, \u00e9s a dir, la conquesta catalana.<\/p>\n\n\n\n<figure class=\"wp-block-image size-full\"><a href=\"https:\/\/www.sardegna1.it\/tg\/tg-le-interviste\/tg-15-01-2023-intervista-adria-martin\/\" target=\"_blank\" rel=\" noreferrer noopener\"><img loading=\"lazy\" decoding=\"async\" width=\"1024\" height=\"576\" src=\"http:\/\/adriamusic.cat\/wp-content\/uploads\/2025\/10\/image-14.png\" alt=\"\" class=\"wp-image-1508\" srcset=\"http:\/\/adriamusic.cat\/wp-content\/uploads\/2025\/10\/image-14.png 1024w, http:\/\/adriamusic.cat\/wp-content\/uploads\/2025\/10\/image-14-300x169.png 300w, http:\/\/adriamusic.cat\/wp-content\/uploads\/2025\/10\/image-14-768x432.png 768w\" sizes=\"auto, (max-width: 767px) 89vw, (max-width: 1000px) 54vw, (max-width: 1071px) 543px, 580px\" \/><\/a><figcaption class=\"wp-element-caption\">Entrevista a Sardegna1 (en sard)<\/figcaption><\/figure>\n\n\n<div class=\"wp-block-image\">\n<figure class=\"alignleft size-full is-resized\"><a href=\"https:\/\/podtail.com\/en\/podcast\/mentrimentres\/m219-sergio-atzeni-amb-adria-martin\/\" target=\"_blank\" rel=\" noreferrer noopener\"><img loading=\"lazy\" decoding=\"async\" width=\"250\" height=\"250\" src=\"http:\/\/adriamusic.cat\/wp-content\/uploads\/2025\/10\/image-13.png\" alt=\"\" class=\"wp-image-1507\" style=\"width:182px;height:auto\" srcset=\"http:\/\/adriamusic.cat\/wp-content\/uploads\/2025\/10\/image-13.png 250w, http:\/\/adriamusic.cat\/wp-content\/uploads\/2025\/10\/image-13-150x150.png 150w, http:\/\/adriamusic.cat\/wp-content\/uploads\/2025\/10\/image-13-100x100.png 100w\" sizes=\"auto, (max-width: 250px) 100vw, 250px\" \/><\/a><figcaption class=\"wp-element-caption\">Entrevista al p\u00f2dcast <em>Mentrimentres (en catal\u00e0)<\/em><\/figcaption><\/figure>\n<\/div>\n\n\n<p>Des del punt de vista estil\u00edstic, l&#8217;obra est\u00e0 escrita a la manera del realisme m\u00e0gic. La influ\u00e8ncia de Garc\u00eda M\u00e1rquez i, sobretot de <em>Cr\u00f2nica d&#8217;una mort anunciada<\/em>, \u00e9s evident en l&#8217;obra d&#8217;Atzeni, especialment en <em>Bellas mariposas<\/em>.<\/p>\n\n\n\n<p>Ramon Piqu\u00e9 en va fer una ressenya al <a href=\"https:\/\/www.totsantcugat.cat\/opinio\/passavem-terra-lleugers_2187893102.html\" target=\"_blank\" rel=\"noreferrer noopener\">Tot Sant Cugat<\/a> i Llucia Ramis, a <a href=\"https:\/\/hemeroteca-paginas.lavanguardia.com\/LVE00\/2023\/01\/14\/1LC-20230114-43.pdf\" target=\"_blank\" rel=\"noreferrer noopener\">La Vanguardia<\/a>.<\/p>\n","protected":false},"excerpt":{"rendered":"<p>Vaig topar amb Atzeni un dia d&#8217;estiu, passejant per Terranoa (Olbia, en itali\u00e0), un dels primers cops que visitava Sardenya. La seva darrera novel\u00b7la Passavamo sulla terra leggeri, publicada de manera p\u00f2stuma (1996), em va cridar l&#8217;atenci\u00f3 en aquella parada de llibres de segona m\u00e0 del mig del carrer, prop del port, sota un sol &hellip; <\/p>\n<p class=\"link-more\"><a href=\"http:\/\/adriamusic.cat\/index.php\/passavem-per-la-terra-lleugers\/\" class=\"more-link\">Continua llegint <span class=\"screen-reader-text\">\u00ab&#8216;Pass\u00e0vem per la terra lleugers&#8217;, de Sergio Atzeni\u00bb<\/span><\/a><\/p>\n","protected":false},"author":1,"featured_media":0,"parent":0,"menu_order":0,"comment_status":"closed","ping_status":"closed","template":"","meta":{"footnotes":""},"class_list":["post-1483","page","type-page","status-publish","hentry"],"_links":{"self":[{"href":"http:\/\/adriamusic.cat\/index.php\/wp-json\/wp\/v2\/pages\/1483","targetHints":{"allow":["GET"]}}],"collection":[{"href":"http:\/\/adriamusic.cat\/index.php\/wp-json\/wp\/v2\/pages"}],"about":[{"href":"http:\/\/adriamusic.cat\/index.php\/wp-json\/wp\/v2\/types\/page"}],"author":[{"embeddable":true,"href":"http:\/\/adriamusic.cat\/index.php\/wp-json\/wp\/v2\/users\/1"}],"replies":[{"embeddable":true,"href":"http:\/\/adriamusic.cat\/index.php\/wp-json\/wp\/v2\/comments?post=1483"}],"version-history":[{"count":4,"href":"http:\/\/adriamusic.cat\/index.php\/wp-json\/wp\/v2\/pages\/1483\/revisions"}],"predecessor-version":[{"id":1513,"href":"http:\/\/adriamusic.cat\/index.php\/wp-json\/wp\/v2\/pages\/1483\/revisions\/1513"}],"wp:attachment":[{"href":"http:\/\/adriamusic.cat\/index.php\/wp-json\/wp\/v2\/media?parent=1483"}],"curies":[{"name":"wp","href":"https:\/\/api.w.org\/{rel}","templated":true}]}}