{"id":1481,"date":"2025-10-13T17:47:09","date_gmt":"2025-10-13T17:47:09","guid":{"rendered":"http:\/\/adriamusic.cat\/?page_id=1481"},"modified":"2025-10-26T17:25:26","modified_gmt":"2025-10-26T17:25:26","slug":"beni-cun-me-in-america-capitol-2","status":"publish","type":"page","link":"http:\/\/adriamusic.cat\/index.php\/beni-cun-me-in-america-capitol-2\/","title":{"rendered":"Beni cun me in Am\u00e8rica: cap\u00edtol 2"},"content":{"rendered":"\n<p>En aquest segon cap\u00edtol de <em>Beni cun me in Am\u00e8rica<\/em>, visito el parc de Lu C\u00e0ntaru, prop de S\u00e0sser, on l&#8217;Agostino i en Christian estan construint un m\u00f3n nou, basat en la compartici\u00f3 i el treball en com\u00fa. M&#8217;expliquen que les visites solen deixar alguna cosa a canvi de l&#8217;acollida, aix\u00ed que jo els regalar\u00e9 la novel\u00b7la <em>Pass\u00e0vem per la terra lleugers<\/em>, la meva traducci\u00f3 d&#8217;un dels autors sards m\u00e9s estimats, i que explica la hist\u00f2ria de Sardenya d&#8217;una manera preciosa (llegiu-ne m\u00e9s <a href=\"http:\/\/adriamusic.cat\/index.php\/passavem-per-la-terra-lleugers\/\">al meu bloc<\/a>).<\/p>\n\n\n\n<figure class=\"wp-block-image size-large\"><img loading=\"lazy\" decoding=\"async\" width=\"1024\" height=\"578\" src=\"http:\/\/adriamusic.cat\/wp-content\/uploads\/2025\/10\/image-4-1024x578.png\" alt=\"Agostino i Christian, de Lu C\u00e0ntaru.\" class=\"wp-image-1491\" srcset=\"http:\/\/adriamusic.cat\/wp-content\/uploads\/2025\/10\/image-4-1024x578.png 1024w, http:\/\/adriamusic.cat\/wp-content\/uploads\/2025\/10\/image-4-300x169.png 300w, http:\/\/adriamusic.cat\/wp-content\/uploads\/2025\/10\/image-4-768x434.png 768w, http:\/\/adriamusic.cat\/wp-content\/uploads\/2025\/10\/image-4-1536x867.png 1536w, http:\/\/adriamusic.cat\/wp-content\/uploads\/2025\/10\/image-4-2048x1156.png 2048w\" sizes=\"auto, (max-width: 767px) 89vw, (max-width: 1000px) 54vw, (max-width: 1071px) 543px, 580px\" \/><figcaption class=\"wp-element-caption\">L&#8217;Agostino rep la meva traducci\u00f3 de Sergio Atzeni<\/figcaption><\/figure>\n\n\n\n<p>Des del parc, recordar\u00e9 dues noies sardes que vaig con\u00e8ixer a Calif\u00f2rnia. Primer, la Simona Vacca, una jove emprenedora d&#8217;Orosei que ha obert una gelateria a West Covina, i on em deixa tastar els seus gelats amb gustos innovadors, que li han valgut diversos premis, com ara el gelat de safr\u00e0 de Sardenya.<\/p>\n\n\n\n<figure class=\"wp-block-table\"><table class=\"has-fixed-layout\"><tbody><tr><td><img decoding=\"async\" src=\"http:\/\/adriamusic.cat\/wp-content\/uploads\/2025\/10\/image-5-1024x578.png\" alt=\"Postal de presentaci\u00f3 de Simona Vacca.\">Simona Vacca<\/td><td><img decoding=\"async\" src=\"http:\/\/adriamusic.cat\/wp-content\/uploads\/2025\/10\/image-6-1024x578.png\" alt=\"Postal de presentaci\u00f3 de Franca Bulloni.\">Franca Bulloni<\/td><\/tr><\/tbody><\/table><\/figure>\n\n\n\n<p>Tot seguit, la Franca Bulloni, educadora i actriu de Bitzi, m&#8217;explica com es veu Sardenya des de Hollywood. Gr\u00e0cies a aquesta coneixen\u00e7a arran de <em>Beni cun me<\/em>, la Franca va accedir poc despr\u00e9s a protagonitzar el videoclip de la meva can\u00e7\u00f3 \u00ab<a href=\"https:\/\/video.anartist.org\/w\/nWPxUfWH3y7adAQQd3j5va\">Non bido s&#8217;ora<\/a>\u00bb, del disc <em><a href=\"http:\/\/adriamusic.cat\/index.php\/de-sardenya-a-california\/\">De Sardenya a Calif\u00f2rnia<\/a><\/em> (2024). Va ser una experi\u00e8ncia molt bonica poder enregistrar aquest v\u00eddeo a Calif\u00f2rnia amb ella; li estic molt agra\u00eft!<\/p>\n\n\n<p><center><iframe loading=\"lazy\" title=\"\u00abNon bido s'ora\u00bb, Adri\u00e0 Mor ('De Sardenya a Calif\u00f2rnia', 2024)\" src=\"https:\/\/video.anartist.org\/videos\/embed\/b1b76111-e00e-4b39-b5a6-d2ad894e219b\" width=\"560\" height=\"315\" frameborder=\"0\" sandbox=\"allow-same-origin allow-scripts allow-popups allow-forms\" allowfullscreen=\"allowfullscreen\"><\/iframe><\/center><\/p>\n\n\n<p>Per \u00faltim, Silvia Pilia, cantant en llengua turritana, m&#8217;explicar\u00e0 com els seus viatges arreu del m\u00f3n nodreixen la seva m\u00fasica. Les opinions de totes aquestes dones viatgeres m&#8217;ajudaran en la meva decisi\u00f3 sobre si el meu lloc \u00e9s a Calif\u00f2rnia o b\u00e9 al Mediterrani.<\/p>\n\n\n\n<figure class=\"wp-block-image size-large\"><img loading=\"lazy\" decoding=\"async\" width=\"1024\" height=\"578\" src=\"http:\/\/adriamusic.cat\/wp-content\/uploads\/2025\/10\/image-1-1024x578.png\" alt=\"Des del capdamunt de Lu C\u00e0ntaru es pot veure C\u00f2rsega.\" class=\"wp-image-1482\" srcset=\"http:\/\/adriamusic.cat\/wp-content\/uploads\/2025\/10\/image-1-1024x578.png 1024w, http:\/\/adriamusic.cat\/wp-content\/uploads\/2025\/10\/image-1-300x169.png 300w, http:\/\/adriamusic.cat\/wp-content\/uploads\/2025\/10\/image-1-768x434.png 768w, http:\/\/adriamusic.cat\/wp-content\/uploads\/2025\/10\/image-1-1536x867.png 1536w, http:\/\/adriamusic.cat\/wp-content\/uploads\/2025\/10\/image-1-2048x1156.png 2048w\" sizes=\"auto, (max-width: 767px) 89vw, (max-width: 1000px) 54vw, (max-width: 1071px) 543px, 580px\" \/><figcaption class=\"wp-element-caption\">Des del capdamunt de Lu C\u00e0ntaru es pot veure C\u00f2rsega<\/figcaption><\/figure>\n\n\n<div class=\"wp-block-image\">\n<figure class=\"aligncenter size-full\"><a href=\"https:\/\/www.raiplay.it\/video\/2025\/10\/Beni-cun-me-in-America-pt2-e89fa515-4e8f-43d9-b31c-7bb8f34a0a01.html\"><img loading=\"lazy\" decoding=\"async\" width=\"292\" height=\"200\" src=\"http:\/\/adriamusic.cat\/wp-content\/uploads\/2025\/10\/immagine-7.png\" alt=\"\" class=\"wp-image-1548\"\/><\/a><\/figure>\n<\/div>","protected":false},"excerpt":{"rendered":"<p>En aquest segon cap\u00edtol de Beni cun me in Am\u00e8rica, visito el parc de Lu C\u00e0ntaru, prop de S\u00e0sser, on l&#8217;Agostino i en Christian estan construint un m\u00f3n nou, basat en la compartici\u00f3 i el treball en com\u00fa. M&#8217;expliquen que les visites solen deixar alguna cosa a canvi de l&#8217;acollida, aix\u00ed que jo els regalar\u00e9 &hellip; <\/p>\n<p class=\"link-more\"><a href=\"http:\/\/adriamusic.cat\/index.php\/beni-cun-me-in-america-capitol-2\/\" class=\"more-link\">Continua llegint <span class=\"screen-reader-text\">\u00abBeni cun me in Am\u00e8rica: cap\u00edtol 2\u00bb<\/span><\/a><\/p>\n","protected":false},"author":1,"featured_media":0,"parent":0,"menu_order":0,"comment_status":"closed","ping_status":"closed","template":"","meta":{"footnotes":""},"class_list":["post-1481","page","type-page","status-publish","hentry"],"_links":{"self":[{"href":"http:\/\/adriamusic.cat\/index.php\/wp-json\/wp\/v2\/pages\/1481","targetHints":{"allow":["GET"]}}],"collection":[{"href":"http:\/\/adriamusic.cat\/index.php\/wp-json\/wp\/v2\/pages"}],"about":[{"href":"http:\/\/adriamusic.cat\/index.php\/wp-json\/wp\/v2\/types\/page"}],"author":[{"embeddable":true,"href":"http:\/\/adriamusic.cat\/index.php\/wp-json\/wp\/v2\/users\/1"}],"replies":[{"embeddable":true,"href":"http:\/\/adriamusic.cat\/index.php\/wp-json\/wp\/v2\/comments?post=1481"}],"version-history":[{"count":11,"href":"http:\/\/adriamusic.cat\/index.php\/wp-json\/wp\/v2\/pages\/1481\/revisions"}],"predecessor-version":[{"id":1550,"href":"http:\/\/adriamusic.cat\/index.php\/wp-json\/wp\/v2\/pages\/1481\/revisions\/1550"}],"wp:attachment":[{"href":"http:\/\/adriamusic.cat\/index.php\/wp-json\/wp\/v2\/media?parent=1481"}],"curies":[{"name":"wp","href":"https:\/\/api.w.org\/{rel}","templated":true}]}}