{"id":1469,"date":"2025-10-09T19:08:25","date_gmt":"2025-10-09T19:08:25","guid":{"rendered":"http:\/\/adriamusic.cat\/?page_id=1469"},"modified":"2025-11-01T16:37:52","modified_gmt":"2025-11-01T16:37:52","slug":"beni-cun-me-in-america-puntada-1","status":"publish","type":"page","link":"http:\/\/adriamusic.cat\/index.php\/sc\/beni-cun-me-in-america-puntada-1\/","title":{"rendered":"Beni cun me in Am\u00e8rica: puntada 1"},"content":{"rendered":"\n<p><em><a href=\"http:\/\/adriamusic.cat\/index.php\/de-sardenya-a-california\/\" data-type=\"page\" data-id=\"1207\">De Sardenya a Calif\u00f2rnia<\/a><\/em> no est isceti su t\u00ectulu de s&#8217;\u00f9rtimu discu cosa mia. Est puru s&#8217;ist\u00f2ria de comente so l\u00f2mpidu, in su 2021, in is Istados Unidos (IUA), cun unu cuntratu de professore de tradutzione pro sa California State University Long Beach, e de comente deretu apo connotu a sa comunidade sarda de in cue.<\/p>\n\n\n\n<p>In calicuna manera, est puru s&#8217;ispiegatzione de comente siat n\u00e0schida sa de duas istajones de \u00abBeni cun me\u00bb, custa borta dae is IUA. E, dae chi custa est una trasmissione in pitzus de limbas, tocat a reconn\u00f2schere deretu chi meda de is top\u00f2nimos de sa zona derivant de un&#8217;ist\u00f2ria de isterm\u00ecniu dae parte de s&#8217;Europa: dae Puvungna (Long Beach) a <a href=\"https:\/\/ca.wikipedia.org\/wiki\/Abya_Yala\">Abya Yala<\/a> (Am\u00e8rica), torrare a donare sa dinnidade a is limbas minetzadas bolet n\u00e0rrere a cumb\u00e0tere puru sa topon\u00ecmia coloniale. Mancari su t\u00ectulu definitivu de sa trasmissione, mi praghet a pensare chi siat su riflessu de unu protzessu de cuss\u00e8ntzia e de trasformatzione globale: est unu privil\u00e8giu a \u00e0ere connotu, pro m\u00e8diu de sa trasmissione, is natziones origin\u00e0rias de s&#8217;\u00e0rea.<\/p>\n\n\n\n<p> In su 2025, in vac\u00e0ntzia in is prajas de s&#8217;Argentiera, torro a addobiare s&#8217;amigu Bisenti Porcu, mere de su ristorante Carasau de Culver City, acanta de Los Angeles. In paris, regordamus sa die chi amus invitadu is amistades sardas a chenare totu is del\u00ectzias de su Carasau. Apo a visitare puru sa domo de Mirko Pisu, chi at biagiadu in Calif\u00f2rnia e at agatadu s&#8217;amore.<\/p>\n\n\n<div class=\"wp-block-image\">\n<figure class=\"aligncenter size-full\"><a href=\"https:\/\/www.raiplay.it\/video\/2025\/10\/Beni-cun-me-in-America-pt-1-cdb0a511-b63c-44da-aaa4-21b8276c3cad.html\"><img loading=\"lazy\" decoding=\"async\" width=\"286\" height=\"198\" src=\"http:\/\/adriamusic.cat\/wp-content\/uploads\/2025\/10\/image.png\" alt=\"\" class=\"wp-image-1464\"\/><\/a><\/figure>\n<\/div>","protected":false},"excerpt":{"rendered":"<p>De Sardenya a Calif\u00f2rnia no est isceti su t\u00ectulu de s&#8217;\u00f9rtimu discu cosa mia. Est puru s&#8217;ist\u00f2ria de comente so l\u00f2mpidu, in su 2021, in is Istados Unidos (IUA), cun unu cuntratu de professore de tradutzione pro sa California State University Long Beach, e de comente deretu apo connotu a sa comunidade sarda de in &hellip; <\/p>\n<p class=\"link-more\"><a href=\"http:\/\/adriamusic.cat\/index.php\/sc\/beni-cun-me-in-america-puntada-1\/\" class=\"more-link\">Continua llegint <span class=\"screen-reader-text\">\u00abBeni cun me in Am\u00e8rica: puntada 1\u00bb<\/span><\/a><\/p>\n","protected":false},"author":1,"featured_media":0,"parent":0,"menu_order":0,"comment_status":"closed","ping_status":"closed","template":"","meta":{"footnotes":""},"class_list":["post-1469","page","type-page","status-publish","hentry"],"_links":{"self":[{"href":"http:\/\/adriamusic.cat\/index.php\/wp-json\/wp\/v2\/pages\/1469","targetHints":{"allow":["GET"]}}],"collection":[{"href":"http:\/\/adriamusic.cat\/index.php\/wp-json\/wp\/v2\/pages"}],"about":[{"href":"http:\/\/adriamusic.cat\/index.php\/wp-json\/wp\/v2\/types\/page"}],"author":[{"embeddable":true,"href":"http:\/\/adriamusic.cat\/index.php\/wp-json\/wp\/v2\/users\/1"}],"replies":[{"embeddable":true,"href":"http:\/\/adriamusic.cat\/index.php\/wp-json\/wp\/v2\/comments?post=1469"}],"version-history":[{"count":2,"href":"http:\/\/adriamusic.cat\/index.php\/wp-json\/wp\/v2\/pages\/1469\/revisions"}],"predecessor-version":[{"id":1560,"href":"http:\/\/adriamusic.cat\/index.php\/wp-json\/wp\/v2\/pages\/1469\/revisions\/1560"}],"wp:attachment":[{"href":"http:\/\/adriamusic.cat\/index.php\/wp-json\/wp\/v2\/media?parent=1469"}],"curies":[{"name":"wp","href":"https:\/\/api.w.org\/{rel}","templated":true}]}}