{"id":127,"date":"2020-11-12T20:14:01","date_gmt":"2020-11-12T20:14:01","guid":{"rendered":"http:\/\/adriamusic.cat\/?page_id=127"},"modified":"2021-02-15T15:28:15","modified_gmt":"2021-02-15T15:28:15","slug":"sarda-i-trista","status":"publish","type":"page","link":"http:\/\/adriamusic.cat\/index.php\/lletres\/sarda-i-trista\/","title":{"rendered":"Sarda i trista"},"content":{"rendered":"\n<div class=\"wp-block-group\"><div class=\"wp-block-group__inner-container is-layout-flow wp-block-group-is-layout-flow\">\n<div class=\"wp-block-columns is-layout-flex wp-container-core-columns-is-layout-9d6595d7 wp-block-columns-is-layout-flex\">\n<div class=\"wp-block-column is-layout-flow wp-block-column-is-layout-flow\">\n<p>Hi ha de tant en tant<br>sempre una nit que \u00e9s sarda i trista.<br>I una lluna roja com un sol<br>creix rere els turons.<\/p>\n\n\n\n<p>En aquestes nits<br>com la d\u2019avui tristes i sardes<br>vull dur sempre un bri de gessam\u00ed<br>que m&#8217;ajudi a fugir.<\/p>\n\n\n\n<p>I em porti el record<br>d\u2019aquella nit ardent d\u2019octubre,<br>aixoplugats en una furgoneta<br>en plena ciutat.<\/p>\n\n\n\n<p>Recordant la teva veu<br>les cames em fan figa<br>i amb els teus ulls foscos de fen\u00edcia<br>em treus la son a cada posta de sol.<\/p>\n\n\n\n<p><em>I jo, m\u00e9s sol, m\u00e9s trist, m\u00e9s boig, m\u00e9s vell, m\u00e9s tort.<br>Tou, m\u00e9s res, m\u00e9s poc, m\u00e9s fora de lloc,<br>a sota els estols de fenic\u00f2pters en vol.<\/em><\/p>\n<\/div>\n\n\n\n<div class=\"wp-block-column is-layout-flow wp-block-column-is-layout-flow\">\n<p>Em lleven a bufetades<br>els somnis m\u00e9s tristos,<br>on empaito a l&#8217;altre cap de m\u00f3n<br>el teu perfum.<\/p>\n\n\n\n<p>I en la solitud de la negror<br>en alguna platja<br>una ll\u00e0grima de sant Lloren\u00e7<br>esquin\u00e7a el cel i em plouen damunt<\/p>\n\n\n\n<p><em>estels, retrets, mis\u00e8ries, zels, fracassos, anhels,<br>dubtes, pors, recels, tots els complexos<br>de l\u2019univers.<\/em><\/p>\n\n\n\n<p>Res, nom\u00e9s et vull dir<br>com m\u2019ha agradat compartir<br>aquest trosset del cam\u00ed.<\/p>\n\n\n\n<p>Potser ens tornarem a trobar<br>plens de felicitat<br>continua el cam\u00ed m\u00e9s enll\u00e0.<\/p>\n<\/div>\n<\/div>\n<\/div><\/div>\n","protected":false},"excerpt":{"rendered":"<p>Hi ha de tant en tantsempre una nit que \u00e9s sarda i trista.I una lluna roja com un solcreix rere els turons. En aquestes nitscom la d\u2019avui tristes i sardesvull dur sempre un bri de gessam\u00edque m&#8217;ajudi a fugir. I em porti el recordd\u2019aquella nit ardent d\u2019octubre,aixoplugats en una furgonetaen plena ciutat. Recordant la teva &hellip; <\/p>\n<p class=\"link-more\"><a href=\"http:\/\/adriamusic.cat\/index.php\/lletres\/sarda-i-trista\/\" class=\"more-link\">Continua llegint <span class=\"screen-reader-text\">\u00abSarda i trista\u00bb<\/span><\/a><\/p>\n","protected":false},"author":1,"featured_media":0,"parent":222,"menu_order":0,"comment_status":"closed","ping_status":"closed","template":"","meta":{"footnotes":""},"class_list":["post-127","page","type-page","status-publish","hentry"],"_links":{"self":[{"href":"http:\/\/adriamusic.cat\/index.php\/wp-json\/wp\/v2\/pages\/127","targetHints":{"allow":["GET"]}}],"collection":[{"href":"http:\/\/adriamusic.cat\/index.php\/wp-json\/wp\/v2\/pages"}],"about":[{"href":"http:\/\/adriamusic.cat\/index.php\/wp-json\/wp\/v2\/types\/page"}],"author":[{"embeddable":true,"href":"http:\/\/adriamusic.cat\/index.php\/wp-json\/wp\/v2\/users\/1"}],"replies":[{"embeddable":true,"href":"http:\/\/adriamusic.cat\/index.php\/wp-json\/wp\/v2\/comments?post=127"}],"version-history":[{"count":4,"href":"http:\/\/adriamusic.cat\/index.php\/wp-json\/wp\/v2\/pages\/127\/revisions"}],"predecessor-version":[{"id":192,"href":"http:\/\/adriamusic.cat\/index.php\/wp-json\/wp\/v2\/pages\/127\/revisions\/192"}],"up":[{"embeddable":true,"href":"http:\/\/adriamusic.cat\/index.php\/wp-json\/wp\/v2\/pages\/222"}],"wp:attachment":[{"href":"http:\/\/adriamusic.cat\/index.php\/wp-json\/wp\/v2\/media?parent=127"}],"curies":[{"name":"wp","href":"https:\/\/api.w.org\/{rel}","templated":true}]}}