{"id":126,"date":"2020-11-12T20:14:01","date_gmt":"2020-11-12T20:14:01","guid":{"rendered":"http:\/\/adriamusic.cat\/?page_id=126"},"modified":"2021-02-15T15:28:04","modified_gmt":"2021-02-15T15:28:04","slug":"cant-algueres","status":"publish","type":"page","link":"http:\/\/adriamusic.cat\/index.php\/lletres\/cant-algueres\/","title":{"rendered":"Cant alguer\u00e8s (massa gent sense casa)"},"content":{"rendered":"\n<div class=\"wp-block-group\"><div class=\"wp-block-group__inner-container is-layout-flow wp-block-group-is-layout-flow\">\n<div class=\"wp-block-columns is-layout-flex wp-container-core-columns-is-layout-9d6595d7 wp-block-columns-is-layout-flex\">\n<div class=\"wp-block-column is-layout-flow wp-block-column-is-layout-flow\">\n<p class=\"has-text-align-left\">Vella barraca de mar,<br>tens aires de capella,<br>amb el blanc de la cal\u00e7,<br>les finestres turquesa.<\/p>\n\n\n\n<p class=\"has-text-align-left\">A pany i forrellat,<br>a la porta, cadenes.<br>Qui aixoplugues avui<br>sota el marr\u00f3 de les teules?<\/p>\n\n\n\n<p class=\"has-text-align-left\"><em>Massa gent sense casa.<br>I cases sense gent.<br>Com s\u2019ent\u00e9n?<\/em><\/p>\n\n\n\n<p class=\"has-text-align-left\">Ranc\u00fania us guardem.<br>La m\u00e9s gran i per sempre.<br>Depredadors desbocats,<br>c\u00f2mplices i titelles.<\/p>\n\n\n\n<p class=\"has-text-align-left\">Amb el cervell corcat,<br>refor\u00e7ant un sistema<br>on guanya qui m\u00e9s t\u00e9<br>i no qui m\u00e9s penca.<\/p>\n\n\n\n<p class=\"has-text-align-left\"><em>On guanya qui m\u00e9s t\u00e9<br>i no qui m\u00e9s penca.<\/em><br><\/p>\n<\/div>\n\n\n\n<div class=\"wp-block-column is-layout-flow wp-block-column-is-layout-flow\">\n<p class=\"has-text-align-left\">Acr\u00edtica societat,<br>ballant com posid\u00f2nia.<br>Els b\u00e9ns s\u00f3n importants,<br>per\u00f2 ho s\u00f3n m\u00e9s les persones.<\/p>\n\n\n\n<p class=\"has-text-align-left\">I en el m\u00f3n que lluitem<br>no hi ha classes ni guerra,<br>ni minyones ni reis,<br>ni vassalls ni princeses.<\/p>\n\n\n\n<p class=\"has-text-align-left\"><em>Ni minyones ni reis,<br>ni vassalls ni princeses.<\/em><\/p>\n\n\n\n<p class=\"has-text-align-left\">Vell pi rebregat<br>pel vent de tramuntana,<br>que n\u2019has vistes passar,<br>de mis\u00e8ries humanes.<\/p>\n\n\n\n<p class=\"has-text-align-left\">Passen els governants<br>com n\u00favols de tempesta,<br>i el remuntador<br>de la barca es rovella.<\/p>\n\n\n\n<p class=\"has-text-align-left\"><em>Massa gent sense casa.<br>I cases sense gent.<br>Com s\u2019ent\u00e9n?<\/em><\/p>\n<\/div>\n<\/div>\n<\/div><\/div>\n","protected":false},"excerpt":{"rendered":"<p>Vella barraca de mar,tens aires de capella,amb el blanc de la cal\u00e7,les finestres turquesa. A pany i forrellat,a la porta, cadenes.Qui aixoplugues avuisota el marr\u00f3 de les teules? Massa gent sense casa.I cases sense gent.Com s\u2019ent\u00e9n? Ranc\u00fania us guardem.La m\u00e9s gran i per sempre.Depredadors desbocats,c\u00f2mplices i titelles. Amb el cervell corcat,refor\u00e7ant un sistemaon guanya qui &hellip; <\/p>\n<p class=\"link-more\"><a href=\"http:\/\/adriamusic.cat\/index.php\/lletres\/cant-algueres\/\" class=\"more-link\">Continua llegint <span class=\"screen-reader-text\">\u00abCant alguer\u00e8s (massa gent sense casa)\u00bb<\/span><\/a><\/p>\n","protected":false},"author":1,"featured_media":0,"parent":222,"menu_order":0,"comment_status":"closed","ping_status":"closed","template":"","meta":{"footnotes":""},"class_list":["post-126","page","type-page","status-publish","hentry"],"_links":{"self":[{"href":"http:\/\/adriamusic.cat\/index.php\/wp-json\/wp\/v2\/pages\/126","targetHints":{"allow":["GET"]}}],"collection":[{"href":"http:\/\/adriamusic.cat\/index.php\/wp-json\/wp\/v2\/pages"}],"about":[{"href":"http:\/\/adriamusic.cat\/index.php\/wp-json\/wp\/v2\/types\/page"}],"author":[{"embeddable":true,"href":"http:\/\/adriamusic.cat\/index.php\/wp-json\/wp\/v2\/users\/1"}],"replies":[{"embeddable":true,"href":"http:\/\/adriamusic.cat\/index.php\/wp-json\/wp\/v2\/comments?post=126"}],"version-history":[{"count":6,"href":"http:\/\/adriamusic.cat\/index.php\/wp-json\/wp\/v2\/pages\/126\/revisions"}],"predecessor-version":[{"id":213,"href":"http:\/\/adriamusic.cat\/index.php\/wp-json\/wp\/v2\/pages\/126\/revisions\/213"}],"up":[{"embeddable":true,"href":"http:\/\/adriamusic.cat\/index.php\/wp-json\/wp\/v2\/pages\/222"}],"wp:attachment":[{"href":"http:\/\/adriamusic.cat\/index.php\/wp-json\/wp\/v2\/media?parent=126"}],"curies":[{"name":"wp","href":"https:\/\/api.w.org\/{rel}","templated":true}]}}