{"id":123,"date":"2020-11-12T20:14:01","date_gmt":"2020-11-12T20:14:01","guid":{"rendered":"http:\/\/adriamusic.cat\/?page_id=123"},"modified":"2021-02-15T15:27:58","modified_gmt":"2021-02-15T15:27:58","slug":"beni-cun-me","status":"publish","type":"page","link":"http:\/\/adriamusic.cat\/index.php\/lletres\/beni-cun-me\/","title":{"rendered":"Beni cun me"},"content":{"rendered":"\n<div class=\"wp-block-group\"><div class=\"wp-block-group__inner-container is-layout-flow wp-block-group-is-layout-flow\">\n<div class=\"wp-block-columns is-layout-flex wp-container-core-columns-is-layout-9d6595d7 wp-block-columns-is-layout-flex\">\n<div class=\"wp-block-column is-layout-flow wp-block-column-is-layout-flow\">\n<p>In giru e chena diretzione,<br>cumandat su furgone.<br>A bellu a bellu chi sa vida<br>passa lestra e non t\u2019abb\u00ecgias.<\/p>\n\n\n\n<p>Me in is biddas e tzitades<br>bivende a purmone prenu.<br>In sa r\u00e0diu Inti Illimani<br>aboghinende contra bentu.<\/p>\n\n\n\n<p>A sa sola me in s\u2019istrada<br>panor\u00e0mica de Bosa<br>cando isc\u00f2piat su grogu<br>de su frore de mimosa.<\/p>\n\n\n\n<p><em>Insandus, beni cun me<\/em><\/p>\n\n\n\n<p>Murr\u00f9ngiat frastimos<br>sa gente rispet\u00e0bile<br>ma si c\u00e0stiant cun imb\u00ecdia<br>is f\u00ecgias de is continentales.<\/p>\n\n\n\n<p>E t\u00e8ngio totu custu note,<br>binu nieddu, una chitarra<br>pro cantare fatza a su mare<br>a suta de s\u2019\u00e0rea istellada.<\/p>\n<\/div>\n\n\n\n<div class=\"wp-block-column is-layout-flow wp-block-column-is-layout-flow\">\n<p>Amus a prenare torra sa tassa<br>e a iscar\u00e8ssere ogni dolore<br>cando incrughet su chelu<br>unu bolu de mangones.<\/p>\n\n\n\n<p><em>Insandus, beni cun me<\/em><\/p>\n\n\n\n<p>Ca ses bella e est istade<br>e ca semus iscabiddende<br>e amus a f\u00e0ghere bolare sa manu<br>de sa bentana in su callente.<\/p>\n\n\n\n<p>Persighende s\u2019orizonte<br>cada note, \u00f2nnia chida<br>e fraighende a cada passu<br>arrogheddos de utopia.<\/p>\n\n\n\n<p>E immoe mi c\u00e0stias de aici<br>e mi benit timoria<br>de no acudire a ti trat\u00e8nnere,<br>chi no mi bastet sa vida.<\/p>\n\n\n\n<p>Beni, beni cun me.<\/p>\n<\/div>\n<\/div>\n<\/div><\/div>\n","protected":false},"excerpt":{"rendered":"<p>In giru e chena diretzione,cumandat su furgone.A bellu a bellu chi sa vidapassa lestra e non t\u2019abb\u00ecgias. Me in is biddas e tzitadesbivende a purmone prenu.In sa r\u00e0diu Inti Illimaniaboghinende contra bentu. A sa sola me in s\u2019istradapanor\u00e0mica de Bosacando isc\u00f2piat su grogude su frore de mimosa. Insandus, beni cun me Murr\u00f9ngiat frastimossa gente rispet\u00e0bilema &hellip; <\/p>\n<p class=\"link-more\"><a href=\"http:\/\/adriamusic.cat\/index.php\/lletres\/beni-cun-me\/\" class=\"more-link\">Continua llegint <span class=\"screen-reader-text\">\u00abBeni cun me\u00bb<\/span><\/a><\/p>\n","protected":false},"author":1,"featured_media":0,"parent":222,"menu_order":0,"comment_status":"closed","ping_status":"closed","template":"","meta":{"footnotes":""},"class_list":["post-123","page","type-page","status-publish","hentry"],"_links":{"self":[{"href":"http:\/\/adriamusic.cat\/index.php\/wp-json\/wp\/v2\/pages\/123","targetHints":{"allow":["GET"]}}],"collection":[{"href":"http:\/\/adriamusic.cat\/index.php\/wp-json\/wp\/v2\/pages"}],"about":[{"href":"http:\/\/adriamusic.cat\/index.php\/wp-json\/wp\/v2\/types\/page"}],"author":[{"embeddable":true,"href":"http:\/\/adriamusic.cat\/index.php\/wp-json\/wp\/v2\/users\/1"}],"replies":[{"embeddable":true,"href":"http:\/\/adriamusic.cat\/index.php\/wp-json\/wp\/v2\/comments?post=123"}],"version-history":[{"count":6,"href":"http:\/\/adriamusic.cat\/index.php\/wp-json\/wp\/v2\/pages\/123\/revisions"}],"predecessor-version":[{"id":198,"href":"http:\/\/adriamusic.cat\/index.php\/wp-json\/wp\/v2\/pages\/123\/revisions\/198"}],"up":[{"embeddable":true,"href":"http:\/\/adriamusic.cat\/index.php\/wp-json\/wp\/v2\/pages\/222"}],"wp:attachment":[{"href":"http:\/\/adriamusic.cat\/index.php\/wp-json\/wp\/v2\/media?parent=123"}],"curies":[{"name":"wp","href":"https:\/\/api.w.org\/{rel}","templated":true}]}}