{"id":1202,"date":"2024-04-27T03:18:26","date_gmt":"2024-04-27T03:18:26","guid":{"rendered":"http:\/\/adriamusic.cat\/?page_id=1202"},"modified":"2024-04-29T17:17:27","modified_gmt":"2024-04-29T17:17:27","slug":"2024-terras-de-abbundu-2","status":"publish","type":"page","link":"http:\/\/adriamusic.cat\/index.php\/sc\/2024-terras-de-abbundu-2\/","title":{"rendered":"2024 &#8211; Terras de abbundu"},"content":{"rendered":"\n<figure class=\"wp-block-embed is-type-video is-provider-youtube wp-block-embed-youtube wp-embed-aspect-16-9 wp-has-aspect-ratio\"><div class=\"wp-block-embed__wrapper\">\n<iframe loading=\"lazy\" title=\"&#039;Terras de abbundu&#039; - Adri\u00e0 Mor cun M. Leone, D. Casu e F. M. Perantoni - Sa Die de sa Sardigna 2024\" width=\"525\" height=\"295\" src=\"https:\/\/www.youtube.com\/embed\/tpMhyfbPiQg?feature=oembed\" frameborder=\"0\" allow=\"accelerometer; autoplay; clipboard-write; encrypted-media; gyroscope; picture-in-picture; web-share\" referrerpolicy=\"strict-origin-when-cross-origin\" allowfullscreen><\/iframe>\n<\/div><\/figure>\n\n\n\n<p>Apo int\u00e8ndidu &#8220;Pastures of Plenty&#8221; pro primu in <a href=\"https:\/\/www.youtube.com\/watch?v=RjNfAtj976s&amp;t=186s\">custa versione incantadora in direta de Joan Baez<\/a>, de una solennidade agiumai m\u00ecstica. Deo non connoschia nudda de s&#8217;autore originale de sa cantzone, Woody Guthrie, o de su fatu chi l&#8217;aiat iscrita otanta annos a oe. Ma l&#8217;apo cantadu, in inglesu, sa prima borta chi apo cantadu in is Istados Unidos, arribadu in Calif\u00f2rnia  e dae tando no apo ism\u00ectidu de dda cantare. Nen de mi ispantare onni borta chi iscobero det\u00e0lios noos. <\/p>\n\n\n\n<p><a href=\"https:\/\/en.wikipedia.org\/wiki\/Woody_Guthrie\">Woody Guthrie<\/a> est n\u00e0schidu in Oklahoma in su 1912, e est autore de melodias omnipresentes in s&#8217;imagin\u00e0riu de is Istados Unidos, comente &#8220;This Land Is Your Land&#8221;. &#8220;Pastures of Plenty&#8221;, dd&#8217;at iscrita in su 1941 (duncas, a bintinoe annos), influidu dae sa letura de &#8220;<a href=\"https:\/\/en.wikipedia.org\/wiki\/The_Grapes_of_Wrath\">The Grapes of Wrath<\/a>&#8220;, de John Steinbeck, un&#8217;ist\u00f2ria de mis\u00e8ria, migratzione e ratzismu. Pro cantu tocat a sa m\u00f9sica, Guthrie s&#8217;est serbidu de melodia traditzionale brit\u00e0nnica e nordamericana, <a href=\"https:\/\/en.wikipedia.org\/wiki\/Pretty_Polly_(ballad)\">Pretty Polly<\/a>. Custa voluntade de dif\u00f9ndere sa cultura populare est unu de is tretos carater\u00ecsticos de is cantadores de is Istados Unidos, comente afirmat <a href=\"https:\/\/ir.library.louisville.edu\/cgi\/viewcontent.cgi?article=3630&amp;context=etd\">Ferris (2016)<\/a>:<\/p>\n\n\n\n<p><code>\u201cAmerican folk singers might best be understood as a particular type of public pedagogue who constructs collective action frames through her music and other pedagogical performances\u201d.<\/code><\/p>\n\n\n\n<p>Sa cantzone, comente su libru, narrat su percursu de una fam\u00eclia de traballadores de istagione chi migrat dae s&#8217;Oklahoma a sa costa Ovest in chirca de una vida m\u00e8gius, e lompet a su puntu prus sugestivu cun su versu &#8220;apo c\u00f2llidu is frutos tuos, apo marradu is sartos tuos pro chi bufes su merie custu binu de champagne&#8221; (in sa tradutzione in catalanu aligheresu). S&#8217;impinnu pol\u00ecticu de Woody Guthrie est istadu costante in totu sa carriera sua, e at influentzadu generatziones intreas de artistas finas a oe: <a href=\"https:\/\/www.youtube.com\/watch?v=W0-w50YZgoI\">Pete Seeger<\/a>, <a href=\"https:\/\/www.youtube.com\/watch?v=pkvf7HcMiLo\">Bob Dylan<\/a>, sa matessi Baez, <a href=\"https:\/\/www.youtube.com\/watch?v=FKTGilvIw7Y\">Tracy Newman<\/a>, <a href=\"https:\/\/www.youtube.com\/watch?v=5vfqgXnzd0k\">Odetta<\/a>, Springsteen\u2026 fintzas artistas de un&#8217;istile musicale diversu dae cussu de Guthrie, comente a Tom Morello de Rage Against the Machine, ammitet s&#8217;influ\u00e8ntzia de issu, pro n\u00e0rrere, <a href=\"https:\/\/www.youtube.com\/watch?v=BYqmu1GxV7o&amp;t=103s\">in sa decoratzione de is chitarras suas cun mess\u00e0gios pol\u00ecticos<\/a>. Difatis, su slogan &#8220;<a href=\"https:\/\/en.wikipedia.org\/wiki\/This_machine_kills_fascists\">this machine kills fascists<\/a>&#8221; (&#8216;custa m\u00e0china bocit fascistas&#8217;) est agiumai ic\u00f2nicu comente s&#8217;autore suo.<\/p>\n\n\n\n<figure class=\"wp-block-image size-full\"><img loading=\"lazy\" decoding=\"async\" width=\"1024\" height=\"768\" src=\"http:\/\/adriamusic.cat\/wp-content\/uploads\/2024\/04\/immagine-3.png\" alt=\"\" class=\"wp-image-1221\" srcset=\"http:\/\/adriamusic.cat\/wp-content\/uploads\/2024\/04\/immagine-3.png 1024w, http:\/\/adriamusic.cat\/wp-content\/uploads\/2024\/04\/immagine-3-300x225.png 300w, http:\/\/adriamusic.cat\/wp-content\/uploads\/2024\/04\/immagine-3-768x576.png 768w\" sizes=\"auto, (max-width: 767px) 89vw, (max-width: 1000px) 54vw, (max-width: 1071px) 543px, 580px\" \/><\/figure>\n\n\n\n<p>S&#8217;idea de trad\u00f9ere &#8220;Pastures of Plenty&#8221; pro afestare sa Die de Sardigna est arribada a s&#8217;improvisu, comente a una rivelazione. Su fatu chi sa cantzone t\u00e8ngiat cincu istrofas est istadu de importu, ca permitiat de cantare onnia istrofa in una l\u00ecngua diferente. Comente in \u00e0teras ocasiones, m&#8217;ant agiudadu a manera disinteressada tradutores e ativistas de s&#8217;\u00ecsula (cr\u00e8ditos a suta). Deretu apo bidu crara sa netzessidade de sostituire is riferimentos temporales (comente su Dust Bowl) e geogr\u00e0ficos (Calif\u00f2rnia, Arizona) cun \u00e0teros de su cuntestu europeu atuale, pro denunciare, in una die de reivindicatzione de sa sardidade, is pol\u00ecticas de sa Fortaleza Europa. In custu sentidu, est istada istimulante meda sa letura de &#8220;<a href=\"https:\/\/www.berghahnjournals.com\/view\/journals\/ajec\/30\/2\/ajec300209.xml#bib9\">Sardinian Lives Matter&#8221;, de Lai i Watson (2021)<\/a>: <\/p>\n\n\n\n<p><kbd>\"Immigrants blocked from formal sectors of the economy are relegated to niches that often overlap with perceptions of race (e.g. North African males: street vendors; Eastern European females: elder care). As neofascism and xenophobia rise on the island, there is an increasing need to address the mechanisms of subordination Sardinians are subjected to and those in which they are perpetrators.\"<\/kbd><\/p>\n\n\n\n<p>Custa connessione cun s&#8217;acad\u00e8mia, sa tradutzione e sa literadura, m&#8217;at perm\u00ectidu de cantare &#8220;Pastures of Plenty&#8221;in cunfer\u00e8ntzias de literadura cumparada, e fintzas in sa sessione de inauguratzione de sa <a href=\"https:\/\/www.pamla.org\/pamla-2023-welcome-event\/\">Pacific Ancient and Modern Language Association<\/a> de Portland, in su mese de led\u00e0mine de su 2023. Est istadu pr\u00f2piu in Portland, comente fia provende su repert\u00f2riu de su cuntzertu in sa camera de s&#8217;hotel, chi apo imparadu un&#8217;\u00f9rtima cosa de sa cantzone chi m&#8217;at fatu meda cuntentu: <a href=\"https:\/\/en.wikipedia.org\/wiki\/Woody_Guthrie#Pacific_Northwest\">&#8220;Pastures of Plenty&#8221; est istada iscrita in presse, in unu mese, in paris cun \u00e0teras binticincu cantzones<\/a>.<\/p>\n\n\n\n<figure class=\"wp-block-image size-full\"><img loading=\"lazy\" decoding=\"async\" width=\"1024\" height=\"768\" src=\"http:\/\/adriamusic.cat\/wp-content\/uploads\/2024\/04\/immagine-4.png\" alt=\"\" class=\"wp-image-1222\" srcset=\"http:\/\/adriamusic.cat\/wp-content\/uploads\/2024\/04\/immagine-4.png 1024w, http:\/\/adriamusic.cat\/wp-content\/uploads\/2024\/04\/immagine-4-300x225.png 300w, http:\/\/adriamusic.cat\/wp-content\/uploads\/2024\/04\/immagine-4-768x576.png 768w\" sizes=\"auto, (max-width: 767px) 89vw, (max-width: 1000px) 54vw, (max-width: 1071px) 543px, 580px\" \/><\/figure>\n\n\n\n<p>A pustis de unu per\u00ecodu de tempus passadu in Los Angeles (chi at inclu\u00ecdu cuntzertos in <a href=\"https:\/\/www.latimes.com\/entertainment\/music\/posts\/la-et-ms-woody-guthrie-los-angeles-20160128-story.html\">Long Beach<\/a>), Guthrie s&#8217;est <a href=\"https:\/\/www.oregonlive.com\/history\/2016\/05\/woody_guthries_tiny_portland_a.html\">tramudadu a b\u00ecvere pro calicunu mese in Portland<\/a>, cuntratadu dae su Dipartimentu de s&#8217;Internu de is Istados Unidos pro iscr\u00ecere cantzones in pitzus de su riu Columbia. E s&#8217;est pigadu una domo a sa periferia de sa tzitade, a duos oras de s&#8217;hotel meu. Est in cue chi fiat n\u00e0scida sa cantzone chi deo aia bortadu, chenze de ddu iscire. Imparende custu, apo tentu sa sensatzione chi in calicuna manera su caminu meu si fiat ammisturende cun is iscen\u00e0rios de sa vida de Woody Guthrie, e apo detz\u00ecdidu deretu chi s&#8217;incr\u00e0s etotu dia a prenotare sa bitzicleta de s&#8217;hotel pro andare a s&#8217;indiritzu de sa domo. Comente so l\u00f2mpidu, apo sonadu a sa ghenna. Is residentes atuales, chi no aiant mai int\u00e8ndidu faeddare de Woody Guthrie, non fiant cumbintos d donare reta a cussu tipu chi ddis fiat narende chi boliat cantare sa tradutzione sua de &#8220;tenent totus sa gana de dare reta a su tipu chi li narat chi cheriat cantare sa tradutzione sua de &#8220;Pastures of Plenty&#8221; a in antis de sa domo in ue fiat istada iscrita.<\/p>\n\n\n\n<figure class=\"wp-block-image size-large\"><img loading=\"lazy\" decoding=\"async\" width=\"1024\" height=\"512\" src=\"http:\/\/adriamusic.cat\/wp-content\/uploads\/2024\/04\/photo_2024-04-24_21-06-09-1024x512.jpg\" alt=\"\" class=\"wp-image-1233\" srcset=\"http:\/\/adriamusic.cat\/wp-content\/uploads\/2024\/04\/photo_2024-04-24_21-06-09-1024x512.jpg 1024w, http:\/\/adriamusic.cat\/wp-content\/uploads\/2024\/04\/photo_2024-04-24_21-06-09-300x150.jpg 300w, http:\/\/adriamusic.cat\/wp-content\/uploads\/2024\/04\/photo_2024-04-24_21-06-09-768x384.jpg 768w, http:\/\/adriamusic.cat\/wp-content\/uploads\/2024\/04\/photo_2024-04-24_21-06-09.jpg 1280w\" sizes=\"auto, (max-width: 767px) 89vw, (max-width: 1000px) 54vw, (max-width: 1071px) 543px, 580px\" \/><\/figure>\n\n\n\n<figure class=\"wp-block-gallery has-nested-images columns-default is-cropped wp-block-gallery-1 is-layout-flex wp-block-gallery-is-layout-flex\">\n<figure class=\"wp-block-image size-large\"><img loading=\"lazy\" decoding=\"async\" width=\"768\" height=\"1024\" data-id=\"1232\" src=\"http:\/\/adriamusic.cat\/wp-content\/uploads\/2024\/04\/photo_2024-04-24_21-06-09-2-768x1024.jpg\" alt=\"\" class=\"wp-image-1232\" srcset=\"http:\/\/adriamusic.cat\/wp-content\/uploads\/2024\/04\/photo_2024-04-24_21-06-09-2-768x1024.jpg 768w, http:\/\/adriamusic.cat\/wp-content\/uploads\/2024\/04\/photo_2024-04-24_21-06-09-2-225x300.jpg 225w, http:\/\/adriamusic.cat\/wp-content\/uploads\/2024\/04\/photo_2024-04-24_21-06-09-2.jpg 960w\" sizes=\"auto, (max-width: 767px) 89vw, (max-width: 1000px) 54vw, (max-width: 1071px) 543px, 580px\" \/><\/figure>\n\n\n\n<figure class=\"wp-block-image size-large\"><img loading=\"lazy\" decoding=\"async\" width=\"1024\" height=\"768\" data-id=\"1231\" src=\"http:\/\/adriamusic.cat\/wp-content\/uploads\/2024\/04\/photo_2024-04-24_21-06-10-1024x768.jpg\" alt=\"\" class=\"wp-image-1231\" srcset=\"http:\/\/adriamusic.cat\/wp-content\/uploads\/2024\/04\/photo_2024-04-24_21-06-10-1024x768.jpg 1024w, http:\/\/adriamusic.cat\/wp-content\/uploads\/2024\/04\/photo_2024-04-24_21-06-10-300x225.jpg 300w, http:\/\/adriamusic.cat\/wp-content\/uploads\/2024\/04\/photo_2024-04-24_21-06-10-768x576.jpg 768w, http:\/\/adriamusic.cat\/wp-content\/uploads\/2024\/04\/photo_2024-04-24_21-06-10.jpg 1280w\" sizes=\"auto, (max-width: 767px) 89vw, (max-width: 1000px) 54vw, (max-width: 1071px) 543px, 580px\" \/><\/figure>\n\n\n\n<figure class=\"wp-block-image size-large\"><img loading=\"lazy\" decoding=\"async\" width=\"1024\" height=\"768\" data-id=\"1229\" src=\"http:\/\/adriamusic.cat\/wp-content\/uploads\/2024\/04\/photo_2024-04-24_21-06-11-1024x768.jpg\" alt=\"\" class=\"wp-image-1229\" srcset=\"http:\/\/adriamusic.cat\/wp-content\/uploads\/2024\/04\/photo_2024-04-24_21-06-11-1024x768.jpg 1024w, http:\/\/adriamusic.cat\/wp-content\/uploads\/2024\/04\/photo_2024-04-24_21-06-11-300x225.jpg 300w, http:\/\/adriamusic.cat\/wp-content\/uploads\/2024\/04\/photo_2024-04-24_21-06-11-768x576.jpg 768w, http:\/\/adriamusic.cat\/wp-content\/uploads\/2024\/04\/photo_2024-04-24_21-06-11.jpg 1280w\" sizes=\"auto, (max-width: 767px) 89vw, (max-width: 1000px) 54vw, (max-width: 1071px) 543px, 580px\" \/><\/figure>\n\n\n\n<figure class=\"wp-block-image size-large\"><img loading=\"lazy\" decoding=\"async\" width=\"768\" height=\"1024\" data-id=\"1230\" src=\"http:\/\/adriamusic.cat\/wp-content\/uploads\/2024\/04\/photo_2024-04-24_21-06-10-2-768x1024.jpg\" alt=\"\" class=\"wp-image-1230\" srcset=\"http:\/\/adriamusic.cat\/wp-content\/uploads\/2024\/04\/photo_2024-04-24_21-06-10-2-768x1024.jpg 768w, http:\/\/adriamusic.cat\/wp-content\/uploads\/2024\/04\/photo_2024-04-24_21-06-10-2-225x300.jpg 225w, http:\/\/adriamusic.cat\/wp-content\/uploads\/2024\/04\/photo_2024-04-24_21-06-10-2.jpg 960w\" sizes=\"auto, (max-width: 767px) 89vw, (max-width: 1000px) 54vw, (max-width: 1071px) 543px, 580px\" \/><\/figure>\n<\/figure>\n\n\n\n<p><strong>Cr\u00e8ditos<\/strong><\/p>\n\n\n\n<p>\u00abTerras de abbundu\u00bb<br>Originale de Woody Guthrie \/ Adatadore: Adri\u00e0 Mart\u00edn Mor.<br>\u00a9 Copyright de LUDLOW MUSIC INC<br>Editzione autorizada pro TRO MUSICA ESPA\u00d1A S L<\/p>\n\n\n\n<p>Cantadores:<br>Adri\u00e0 Mor (sardu)<br>Matteo Leone (tabarchin)<br>Davide Casu (alguer\u00e9s)<br>Federico Marras Perantoni (turritanu)<br>Adri\u00e0 Mor (gadduresu)<\/p>\n\n\n\n<p>Violinu e viola: Dario Pinna<br>Produtzione musicale: Antonio &#8216;Papant\u00f2&#8217; Leardi<\/p>\n\n\n\n<p>Ripresas:<br>Benz Lutumama<br>Eric Cohen<br>Daniel Herrera<br>Marco Fais<\/p>\n\n\n\n<p>Mont\u00e0giu v\u00ecdeu:<br>Manuel Soro<br>Adri\u00e0 Mor<\/p>\n\n\n\n<p>Tradutziones:<br>Francesc Ballone (catal\u00e0 de l&#8217;Alguer)<br>Riccardo Mura (gadduresu)<br>Remigio Scopelliti (tabarchinu)<br>Alessandro Derr\u00f9 (turritanu)<br>Adri\u00e0 Mor (sardu)<\/p>\n\n\n\n<p>Disinnu: Tere Borrell<br>Editzione gr\u00e0fica: Camilla Richetti<\/p>\n\n\n\n<p>Ringratziamentos:<br>Daniela Su\u00e1rez<br>Marzia Varaldo<\/p>\n\n\n\n<p>Matondo:<br>Benz, Dorkas, Hero<\/p>\n\n\n\n<p>Una produtzione Roble Factory.<br><\/p>\n","protected":false},"excerpt":{"rendered":"<p>Apo int\u00e8ndidu &#8220;Pastures of Plenty&#8221; pro primu in custa versione incantadora in direta de Joan Baez, de una solennidade agiumai m\u00ecstica. Deo non connoschia nudda de s&#8217;autore originale de sa cantzone, Woody Guthrie, o de su fatu chi l&#8217;aiat iscrita otanta annos a oe. Ma l&#8217;apo cantadu, in inglesu, sa prima borta chi apo cantadu &hellip; <\/p>\n<p class=\"link-more\"><a href=\"http:\/\/adriamusic.cat\/index.php\/sc\/2024-terras-de-abbundu-2\/\" class=\"more-link\">Continua llegint <span class=\"screen-reader-text\">\u00ab2024 &#8211; Terras de abbundu\u00bb<\/span><\/a><\/p>\n","protected":false},"author":1,"featured_media":0,"parent":0,"menu_order":0,"comment_status":"closed","ping_status":"closed","template":"","meta":{"footnotes":""},"class_list":["post-1202","page","type-page","status-publish","hentry"],"_links":{"self":[{"href":"http:\/\/adriamusic.cat\/index.php\/wp-json\/wp\/v2\/pages\/1202","targetHints":{"allow":["GET"]}}],"collection":[{"href":"http:\/\/adriamusic.cat\/index.php\/wp-json\/wp\/v2\/pages"}],"about":[{"href":"http:\/\/adriamusic.cat\/index.php\/wp-json\/wp\/v2\/types\/page"}],"author":[{"embeddable":true,"href":"http:\/\/adriamusic.cat\/index.php\/wp-json\/wp\/v2\/users\/1"}],"replies":[{"embeddable":true,"href":"http:\/\/adriamusic.cat\/index.php\/wp-json\/wp\/v2\/comments?post=1202"}],"version-history":[{"count":7,"href":"http:\/\/adriamusic.cat\/index.php\/wp-json\/wp\/v2\/pages\/1202\/revisions"}],"predecessor-version":[{"id":1239,"href":"http:\/\/adriamusic.cat\/index.php\/wp-json\/wp\/v2\/pages\/1202\/revisions\/1239"}],"wp:attachment":[{"href":"http:\/\/adriamusic.cat\/index.php\/wp-json\/wp\/v2\/media?parent=1202"}],"curies":[{"name":"wp","href":"https:\/\/api.w.org\/{rel}","templated":true}]}}