{"id":1194,"date":"2024-04-27T02:58:29","date_gmt":"2024-04-27T02:58:29","guid":{"rendered":"http:\/\/adriamusic.cat\/?page_id=1194"},"modified":"2024-04-27T02:59:14","modified_gmt":"2024-04-27T02:59:14","slug":"2021-decolonizati-sarda","status":"publish","type":"page","link":"http:\/\/adriamusic.cat\/index.php\/2021-decolonizati-sarda\/","title":{"rendered":"2021 &#8211; Decoloniza\u00b7ti, sarda"},"content":{"rendered":"\n<figure class=\"wp-block-embed is-type-video is-provider-youtube wp-block-embed-youtube wp-embed-aspect-16-9 wp-has-aspect-ratio\"><div class=\"wp-block-embed__wrapper\">\n<iframe loading=\"lazy\" title=\"Decoloniza\u00b7ti, sarda de Adri\u00e0 Mor sonada a dist\u00e0ntzia in ocasione de sa die de sa Sardigna 2021\" width=\"525\" height=\"295\" src=\"https:\/\/www.youtube.com\/embed\/X9gbdLUWeF0?feature=oembed\" frameborder=\"0\" allow=\"accelerometer; autoplay; clipboard-write; encrypted-media; gyroscope; picture-in-picture; web-share\" referrerpolicy=\"strict-origin-when-cross-origin\" allowfullscreen><\/iframe>\n<\/div><\/figure>\n\n\n\n<p><strong>Cr\u00e8dits<\/strong><\/p>\n\n\n\n<p>\u2018Decoloniza\u00b7ti, sarda\u2019, Adri\u00e0 Mor<\/p>\n\n\n\n<p>Adri\u00e0 Mor: veu i guitarra<br>Carlos &#8220;Charly&#8221; L\u00f3pez: percussi\u00f3<br>Fabrizio Piras: baix<br>Mauro Pes: acordi\u00f3<\/p>\n\n\n\n<p>Muntatge \u00e0udio: Fabrizio Piras<br>Muntatge v\u00eddeo: Mauro Pes<\/p>\n","protected":false},"excerpt":{"rendered":"<p>Cr\u00e8dits \u2018Decoloniza\u00b7ti, sarda\u2019, Adri\u00e0 Mor Adri\u00e0 Mor: veu i guitarraCarlos &#8220;Charly&#8221; L\u00f3pez: percussi\u00f3Fabrizio Piras: baixMauro Pes: acordi\u00f3 Muntatge \u00e0udio: Fabrizio PirasMuntatge v\u00eddeo: Mauro Pes<\/p>\n","protected":false},"author":1,"featured_media":0,"parent":0,"menu_order":0,"comment_status":"closed","ping_status":"closed","template":"","meta":{"footnotes":""},"class_list":["post-1194","page","type-page","status-publish","hentry"],"_links":{"self":[{"href":"http:\/\/adriamusic.cat\/index.php\/wp-json\/wp\/v2\/pages\/1194","targetHints":{"allow":["GET"]}}],"collection":[{"href":"http:\/\/adriamusic.cat\/index.php\/wp-json\/wp\/v2\/pages"}],"about":[{"href":"http:\/\/adriamusic.cat\/index.php\/wp-json\/wp\/v2\/types\/page"}],"author":[{"embeddable":true,"href":"http:\/\/adriamusic.cat\/index.php\/wp-json\/wp\/v2\/users\/1"}],"replies":[{"embeddable":true,"href":"http:\/\/adriamusic.cat\/index.php\/wp-json\/wp\/v2\/comments?post=1194"}],"version-history":[{"count":1,"href":"http:\/\/adriamusic.cat\/index.php\/wp-json\/wp\/v2\/pages\/1194\/revisions"}],"predecessor-version":[{"id":1195,"href":"http:\/\/adriamusic.cat\/index.php\/wp-json\/wp\/v2\/pages\/1194\/revisions\/1195"}],"wp:attachment":[{"href":"http:\/\/adriamusic.cat\/index.php\/wp-json\/wp\/v2\/media?parent=1194"}],"curies":[{"name":"wp","href":"https:\/\/api.w.org\/{rel}","templated":true}]}}